{"id":663,"date":"2012-10-07T17:34:32","date_gmt":"2012-10-07T15:34:32","guid":{"rendered":"http:\/\/www.saintquentin.be\/site\/?page_id=663"},"modified":"2026-01-20T13:54:21","modified_gmt":"2026-01-20T12:54:21","slug":"nos-infrastructures","status":"publish","type":"page","link":"https:\/\/www.epasc-ciney.be\/epasc\/notre-ecole\/nos-infrastructures\/","title":{"rendered":"Nos infrastructures"},"content":{"rendered":"\n<figure class=\"wp-block-image size-full\"><a href=\"https:\/\/i0.wp.com\/www.epasc-ciney.be\/epasc\/wp-content\/uploads\/2024\/12\/Infrastrucutre-gnenrale.png?ssl=1\"><img data-recalc-dims=\"1\" loading=\"lazy\" decoding=\"async\" width=\"1024\" height=\"768\" src=\"https:\/\/i0.wp.com\/www.epasc-ciney.be\/epasc\/wp-content\/uploads\/2024\/12\/Infrastrucutre-gnenrale.png?resize=1024%2C768&#038;ssl=1\" alt=\"\" class=\"wp-image-36799\" srcset=\"https:\/\/i0.wp.com\/www.epasc-ciney.be\/epasc\/wp-content\/uploads\/2024\/12\/Infrastrucutre-gnenrale.png?w=1024&amp;ssl=1 1024w, https:\/\/i0.wp.com\/www.epasc-ciney.be\/epasc\/wp-content\/uploads\/2024\/12\/Infrastrucutre-gnenrale.png?resize=300%2C225&amp;ssl=1 300w, https:\/\/i0.wp.com\/www.epasc-ciney.be\/epasc\/wp-content\/uploads\/2024\/12\/Infrastrucutre-gnenrale.png?resize=768%2C576&amp;ssl=1 768w\" sizes=\"auto, (max-width: 1024px) 100vw, 1024px\" \/><\/a><\/figure>\n\n\n\n\n<p style=\"text-align: center;\"><u>Plan de nos infrastructures<\/u>: un cadre sp\u00e9cial est pr\u00e9vu pour notre premier degr\u00e9 innovant.<br><a href=\"https:\/\/i0.wp.com\/www.epasc-ciney.be\/epasc\/wp-content\/uploads\/2012\/10\/Epasc_plan2018_1degre.jpg\"><img data-recalc-dims=\"1\" loading=\"lazy\" decoding=\"async\" class=\"aligncenter wp-image-9990 size-full\" src=\"https:\/\/i0.wp.com\/www.epasc-ciney.be\/epasc\/wp-content\/uploads\/2012\/10\/Epasc_plan2018_1degre.jpg?resize=1115%2C797\" alt=\"Epasc_plan2018_1degre\" width=\"1115\" height=\"797\" srcset=\"https:\/\/i0.wp.com\/www.epasc-ciney.be\/epasc\/wp-content\/uploads\/2012\/10\/Epasc_plan2018_1degre.jpg?w=1800&amp;ssl=1 1800w, https:\/\/i0.wp.com\/www.epasc-ciney.be\/epasc\/wp-content\/uploads\/2012\/10\/Epasc_plan2018_1degre.jpg?resize=300%2C214&amp;ssl=1 300w, https:\/\/i0.wp.com\/www.epasc-ciney.be\/epasc\/wp-content\/uploads\/2012\/10\/Epasc_plan2018_1degre.jpg?resize=1024%2C732&amp;ssl=1 1024w, https:\/\/i0.wp.com\/www.epasc-ciney.be\/epasc\/wp-content\/uploads\/2012\/10\/Epasc_plan2018_1degre.jpg?resize=600%2C429&amp;ssl=1 600w, https:\/\/i0.wp.com\/www.epasc-ciney.be\/epasc\/wp-content\/uploads\/2012\/10\/Epasc_plan2018_1degre.jpg?resize=900%2C643&amp;ssl=1 900w\" sizes=\"auto, (max-width: 1115px) 100vw, 1115px\" \/><\/a><\/p>\n\n\n<figure class=\"wp-block-image size-full is-resized\"><a href=\"https:\/\/i0.wp.com\/www.epasc-ciney.be\/epasc\/wp-content\/uploads\/2026\/01\/Resto_Pole-Agro-et-Labo.jpg?ssl=1\"><img data-recalc-dims=\"1\" loading=\"lazy\" decoding=\"async\" width=\"850\" height=\"641\" src=\"https:\/\/i0.wp.com\/www.epasc-ciney.be\/epasc\/wp-content\/uploads\/2026\/01\/Resto_Pole-Agro-et-Labo.jpg?resize=850%2C641&#038;ssl=1\" alt=\"\" class=\"wp-image-37094\" style=\"aspect-ratio:1.326064971263659;width:667px;height:auto\" srcset=\"https:\/\/i0.wp.com\/www.epasc-ciney.be\/epasc\/wp-content\/uploads\/2026\/01\/Resto_Pole-Agro-et-Labo.jpg?w=850&amp;ssl=1 850w, https:\/\/i0.wp.com\/www.epasc-ciney.be\/epasc\/wp-content\/uploads\/2026\/01\/Resto_Pole-Agro-et-Labo.jpg?resize=300%2C226&amp;ssl=1 300w, https:\/\/i0.wp.com\/www.epasc-ciney.be\/epasc\/wp-content\/uploads\/2026\/01\/Resto_Pole-Agro-et-Labo.jpg?resize=768%2C579&amp;ssl=1 768w, https:\/\/i0.wp.com\/www.epasc-ciney.be\/epasc\/wp-content\/uploads\/2026\/01\/Resto_Pole-Agro-et-Labo.jpg?resize=123%2C94&amp;ssl=1 123w\" sizes=\"auto, (max-width: 850px) 100vw, 850px\" \/><\/a><\/figure>\n\n\n<div class=\"wp-block-image\">\n<figure class=\"alignleft size-full is-resized\"><a href=\"https:\/\/i0.wp.com\/www.epasc-ciney.be\/epasc\/wp-content\/uploads\/2026\/01\/Pole-Horti.jpg?ssl=1\"><img data-recalc-dims=\"1\" loading=\"lazy\" decoding=\"async\" width=\"416\" height=\"415\" src=\"https:\/\/i0.wp.com\/www.epasc-ciney.be\/epasc\/wp-content\/uploads\/2026\/01\/Pole-Horti.jpg?resize=416%2C415&#038;ssl=1\" alt=\"\" class=\"wp-image-37093\" style=\"aspect-ratio:1.0024439013552544;width:328px;height:auto\" srcset=\"https:\/\/i0.wp.com\/www.epasc-ciney.be\/epasc\/wp-content\/uploads\/2026\/01\/Pole-Horti.jpg?w=416&amp;ssl=1 416w, https:\/\/i0.wp.com\/www.epasc-ciney.be\/epasc\/wp-content\/uploads\/2026\/01\/Pole-Horti.jpg?resize=300%2C300&amp;ssl=1 300w, https:\/\/i0.wp.com\/www.epasc-ciney.be\/epasc\/wp-content\/uploads\/2026\/01\/Pole-Horti.jpg?resize=150%2C150&amp;ssl=1 150w, https:\/\/i0.wp.com\/www.epasc-ciney.be\/epasc\/wp-content\/uploads\/2026\/01\/Pole-Horti.jpg?resize=155%2C155&amp;ssl=1 155w, https:\/\/i0.wp.com\/www.epasc-ciney.be\/epasc\/wp-content\/uploads\/2026\/01\/Pole-Horti.jpg?resize=310%2C310&amp;ssl=1 310w, https:\/\/i0.wp.com\/www.epasc-ciney.be\/epasc\/wp-content\/uploads\/2026\/01\/Pole-Horti.jpg?resize=180%2C180&amp;ssl=1 180w, https:\/\/i0.wp.com\/www.epasc-ciney.be\/epasc\/wp-content\/uploads\/2026\/01\/Pole-Horti.jpg?resize=360%2C360&amp;ssl=1 360w, https:\/\/i0.wp.com\/www.epasc-ciney.be\/epasc\/wp-content\/uploads\/2026\/01\/Pole-Horti.jpg?resize=65%2C65&amp;ssl=1 65w, https:\/\/i0.wp.com\/www.epasc-ciney.be\/epasc\/wp-content\/uploads\/2026\/01\/Pole-Horti.jpg?resize=130%2C130&amp;ssl=1 130w, https:\/\/i0.wp.com\/www.epasc-ciney.be\/epasc\/wp-content\/uploads\/2026\/01\/Pole-Horti.jpg?resize=160%2C160&amp;ssl=1 160w, https:\/\/i0.wp.com\/www.epasc-ciney.be\/epasc\/wp-content\/uploads\/2026\/01\/Pole-Horti.jpg?resize=320%2C320&amp;ssl=1 320w, https:\/\/i0.wp.com\/www.epasc-ciney.be\/epasc\/wp-content\/uploads\/2026\/01\/Pole-Horti.jpg?resize=66%2C66&amp;ssl=1 66w, https:\/\/i0.wp.com\/www.epasc-ciney.be\/epasc\/wp-content\/uploads\/2026\/01\/Pole-Horti.jpg?resize=132%2C132&amp;ssl=1 132w, https:\/\/i0.wp.com\/www.epasc-ciney.be\/epasc\/wp-content\/uploads\/2026\/01\/Pole-Horti.jpg?resize=96%2C96&amp;ssl=1 96w, https:\/\/i0.wp.com\/www.epasc-ciney.be\/epasc\/wp-content\/uploads\/2026\/01\/Pole-Horti.jpg?resize=192%2C192&amp;ssl=1 192w\" sizes=\"auto, (max-width: 416px) 100vw, 416px\" \/><\/a><\/figure>\n<\/div>","protected":false},"excerpt":{"rendered":"<p>Plan de nos infrastructures: un cadre sp\u00e9cial est pr\u00e9vu pour notre premier degr\u00e9 innovant.<\/p>\n","protected":false},"author":1,"featured_media":0,"parent":22,"menu_order":23,"comment_status":"closed","ping_status":"closed","template":"page-onecolumn.php","meta":{"ngg_post_thumbnail":0,"footnotes":""},"class_list":["post-663","page","type-page","status-publish","hentry"],"aioseo_notices":[],"_links":{"self":[{"href":"https:\/\/www.epasc-ciney.be\/epasc\/wp-json\/wp\/v2\/pages\/663","targetHints":{"allow":["GET"]}}],"collection":[{"href":"https:\/\/www.epasc-ciney.be\/epasc\/wp-json\/wp\/v2\/pages"}],"about":[{"href":"https:\/\/www.epasc-ciney.be\/epasc\/wp-json\/wp\/v2\/types\/page"}],"author":[{"embeddable":true,"href":"https:\/\/www.epasc-ciney.be\/epasc\/wp-json\/wp\/v2\/users\/1"}],"replies":[{"embeddable":true,"href":"https:\/\/www.epasc-ciney.be\/epasc\/wp-json\/wp\/v2\/comments?post=663"}],"version-history":[{"count":6,"href":"https:\/\/www.epasc-ciney.be\/epasc\/wp-json\/wp\/v2\/pages\/663\/revisions"}],"predecessor-version":[{"id":37135,"href":"https:\/\/www.epasc-ciney.be\/epasc\/wp-json\/wp\/v2\/pages\/663\/revisions\/37135"}],"up":[{"embeddable":true,"href":"https:\/\/www.epasc-ciney.be\/epasc\/wp-json\/wp\/v2\/pages\/22"}],"wp:attachment":[{"href":"https:\/\/www.epasc-ciney.be\/epasc\/wp-json\/wp\/v2\/media?parent=663"}],"curies":[{"name":"wp","href":"https:\/\/api.w.org\/{rel}","templated":true}]}}