{"id":655,"date":"2012-10-06T17:23:59","date_gmt":"2012-10-06T15:23:59","guid":{"rendered":"http:\/\/www.saintquentin.be\/site\/?page_id=655"},"modified":"2024-11-29T12:14:03","modified_gmt":"2024-11-29T11:14:03","slug":"vues-aeriennes","status":"publish","type":"page","link":"https:\/\/www.epasc-ciney.be\/epasc\/notre-ecole\/vues-aeriennes\/","title":{"rendered":"Vues a\u00e9riennes"},"content":{"rendered":"<h2>Survolez notre \u00e9cole en vue a\u00e9rienne:<\/h2>\n<div style=\"width: 720px;\" class=\"wp-video\"><video class=\"wp-video-shortcode\" id=\"video-655-1\" width=\"720\" height=\"576\" preload=\"metadata\" controls=\"controls\"><source type=\"video\/mp4\" src=\"http:\/\/www.saintquentin.be\/epasc\/wp-content\/uploads\/2015\/05\/Aerien.mp4?_=1\" \/><a href=\"http:\/\/www.saintquentin.be\/epasc\/wp-content\/uploads\/2015\/05\/Aerien.mp4\">http:\/\/www.saintquentin.be\/epasc\/wp-content\/uploads\/2015\/05\/Aerien.mp4<\/a><\/video><\/div>\n<h2>Saint-Quentin sur Google Map:<\/h2>\n\n\n<figure class=\"wp-block-image size-large\"><a href=\"https:\/\/i0.wp.com\/www.epasc-ciney.be\/epasc\/wp-content\/uploads\/2024\/11\/EPASC_Vue-Satellite-1.jpg?ssl=1\"><img data-recalc-dims=\"1\" loading=\"lazy\" decoding=\"async\" width=\"1024\" height=\"595\" src=\"https:\/\/i0.wp.com\/www.epasc-ciney.be\/epasc\/wp-content\/uploads\/2024\/11\/EPASC_Vue-Satellite-1.jpg?resize=1024%2C595&#038;ssl=1\" alt=\"\" class=\"wp-image-36740\" srcset=\"https:\/\/i0.wp.com\/www.epasc-ciney.be\/epasc\/wp-content\/uploads\/2024\/11\/EPASC_Vue-Satellite-1.jpg?resize=1024%2C595&amp;ssl=1 1024w, https:\/\/i0.wp.com\/www.epasc-ciney.be\/epasc\/wp-content\/uploads\/2024\/11\/EPASC_Vue-Satellite-1.jpg?resize=300%2C174&amp;ssl=1 300w, https:\/\/i0.wp.com\/www.epasc-ciney.be\/epasc\/wp-content\/uploads\/2024\/11\/EPASC_Vue-Satellite-1.jpg?resize=768%2C446&amp;ssl=1 768w, https:\/\/i0.wp.com\/www.epasc-ciney.be\/epasc\/wp-content\/uploads\/2024\/11\/EPASC_Vue-Satellite-1.jpg?w=1350&amp;ssl=1 1350w\" sizes=\"auto, (max-width: 1024px) 100vw, 1024px\" \/><\/a><\/figure>\n\n\n\n<figure class=\"wp-block-image size-large\"><a href=\"https:\/\/i0.wp.com\/www.epasc-ciney.be\/epasc\/wp-content\/uploads\/2024\/11\/EPASC_Vue-Google-Map.jpg?ssl=1\"><img data-recalc-dims=\"1\" loading=\"lazy\" decoding=\"async\" width=\"1024\" height=\"654\" src=\"https:\/\/i0.wp.com\/www.epasc-ciney.be\/epasc\/wp-content\/uploads\/2024\/11\/EPASC_Vue-Google-Map.jpg?resize=1024%2C654&#038;ssl=1\" alt=\"\" class=\"wp-image-36738\" srcset=\"https:\/\/i0.wp.com\/www.epasc-ciney.be\/epasc\/wp-content\/uploads\/2024\/11\/EPASC_Vue-Google-Map.jpg?resize=1024%2C654&amp;ssl=1 1024w, https:\/\/i0.wp.com\/www.epasc-ciney.be\/epasc\/wp-content\/uploads\/2024\/11\/EPASC_Vue-Google-Map.jpg?resize=300%2C192&amp;ssl=1 300w, https:\/\/i0.wp.com\/www.epasc-ciney.be\/epasc\/wp-content\/uploads\/2024\/11\/EPASC_Vue-Google-Map.jpg?resize=768%2C491&amp;ssl=1 768w, https:\/\/i0.wp.com\/www.epasc-ciney.be\/epasc\/wp-content\/uploads\/2024\/11\/EPASC_Vue-Google-Map.jpg?w=1163&amp;ssl=1 1163w\" sizes=\"auto, (max-width: 1024px) 100vw, 1024px\" \/><\/a><\/figure>\n","protected":false},"excerpt":{"rendered":"<p>Survolez notre \u00e9cole en vue a\u00e9rienne: Saint-Quentin sur Google Map:<\/p>\n","protected":false},"author":1,"featured_media":0,"parent":22,"menu_order":25,"comment_status":"closed","ping_status":"closed","template":"","meta":{"ngg_post_thumbnail":0,"footnotes":""},"class_list":["post-655","page","type-page","status-publish","hentry"],"aioseo_notices":[],"_links":{"self":[{"href":"https:\/\/www.epasc-ciney.be\/epasc\/wp-json\/wp\/v2\/pages\/655","targetHints":{"allow":["GET"]}}],"collection":[{"href":"https:\/\/www.epasc-ciney.be\/epasc\/wp-json\/wp\/v2\/pages"}],"about":[{"href":"https:\/\/www.epasc-ciney.be\/epasc\/wp-json\/wp\/v2\/types\/page"}],"author":[{"embeddable":true,"href":"https:\/\/www.epasc-ciney.be\/epasc\/wp-json\/wp\/v2\/users\/1"}],"replies":[{"embeddable":true,"href":"https:\/\/www.epasc-ciney.be\/epasc\/wp-json\/wp\/v2\/comments?post=655"}],"version-history":[{"count":4,"href":"https:\/\/www.epasc-ciney.be\/epasc\/wp-json\/wp\/v2\/pages\/655\/revisions"}],"predecessor-version":[{"id":36744,"href":"https:\/\/www.epasc-ciney.be\/epasc\/wp-json\/wp\/v2\/pages\/655\/revisions\/36744"}],"up":[{"embeddable":true,"href":"https:\/\/www.epasc-ciney.be\/epasc\/wp-json\/wp\/v2\/pages\/22"}],"wp:attachment":[{"href":"https:\/\/www.epasc-ciney.be\/epasc\/wp-json\/wp\/v2\/media?parent=655"}],"curies":[{"name":"wp","href":"https:\/\/api.w.org\/{rel}","templated":true}]}}