{"id":6478,"date":"2016-06-07T10:51:25","date_gmt":"2016-06-07T09:51:25","guid":{"rendered":"http:\/\/www.saintquentin.be\/epasc\/?page_id=6478"},"modified":"2024-11-19T16:37:28","modified_gmt":"2024-11-19T15:37:28","slug":"technique-de-qualification-des-industries-agro-alimentaires","status":"publish","type":"page","link":"https:\/\/www.epasc-ciney.be\/epasc\/technique-de-qualification-des-industries-agro-alimentaires\/","title":{"rendered":"Qualification en Industries Agro-alimentaires"},"content":{"rendered":"\n<h3><span style=\"color: #3366ff;\"><strong>Objectifs et finalit\u00e9s<\/strong><\/span><\/h3>\n<p>Le technicien des industries agro-alimentaires doit disposer d\u2019un ensemble de comp\u00e9tences li\u00e9es \u00e0 la maitrise et \u00e0 la compr\u00e9hension scientifique du domaine de l\u2019entreprise et de l\u2019industrie agro-alimentaires, tout comme la technologie li\u00e9e.<\/p>\n<p><span style=\"color: #ff0000;\"><strong>NOUVEAU&nbsp;: RENTREE SCOLAIRE 2023-2024&nbsp;: D\u00e8s la 4<\/strong><strong><sup>i\u00e8me<\/sup><\/strong><strong> ann\u00e9e, suite \u00e0 la r\u00e9forme du parcours de l\u2019enseignement qualifiant, l\u2019\u00e9l\u00e8ve entame sa formation pour r\u00e9pondre aux aptitudes et comp\u00e9tences li\u00e9es au m\u00e9tier de technicien des industries agro-alimentaires. Il entame le degr\u00e9 qualifiant reprenant la 4<sup>i\u00e8me<\/sup>, 5<sup>i\u00e8me<\/sup> et 6<sup>i\u00e8me<\/sup> ann\u00e9es.<\/strong>&nbsp;<\/span><\/p>\n<p>Au cours de sa formation, il sera amen\u00e9 \u00e0 ma\u00eetriser les proc\u00e9d\u00e9s de conditionnement et de conservation, \u00e0 veiller \u00e0 l\u2019entretien et au bon fonctionnement des mat\u00e9riels et des installations, ainsi qu\u2019\u00e0 l\u2019hygi\u00e8ne des locaux. Il aura \u00e9galement acquis des savoir-faire concrets en laboratoire et des aptitudes responsables.<\/p>\n<p>La formation commune reste cependant tr\u00e8s importante, ce qui permett au candidat de poursuivre des \u00e9tudes sup\u00e9rieures, notamment dans le domaine de la biotechnologie. En effet, au terme de la formation, il obtiendra le certificat de l\u2019enseignement secondaire sup\u00e9rieur (CESS) et le certificat de qualification (CQ6).<\/p>\n<p>Etant au coeur d\u2019une zone d\u2019entreprises agro-alimentaires elle-m\u00eame active dans la technologie laiti\u00e8re, l\u2019EPASC organise une s\u00e9rie d\u2019activit\u00e9s compl\u00e9mentaires aux cours de l\u2019option Industries agro-alimentaires :<\/p>\n<ul>\n<li>des stages dans le domaine agro-alimentaire (laboratoires, organismes de contr\u00f4le, services publics, ventes sp\u00e9cifiques, entreprises agro-alimentaires\u2026);<\/li>\n<li>des visites d\u2019entreprises sp\u00e9cifiques;<\/li>\n<li>une approche de la technologie laiti\u00e8re gr\u00e2ce au p\u00f4le fromager;<\/li>\n<li>des journ\u00e9es de formation et d\u2019\u00e9tudes compl\u00e9mentaires (communication\u2026);<\/li>\n<li>des travaux en atelier de m\u00e9canique : notion de la ma\u00eetrise de chaine de production, des notions d\u2019\u00e9lectricit\u00e9, de technologie m\u00e9canique;<\/li>\n<li>des travaux de laboratoire de sciences, de microbiologie et de chimie-physique.<\/li>\n<\/ul>\n<p>Pour compl\u00e9ter la formation pratique, les \u00e9l\u00e8ves seront amen\u00e9s \u00e0 effectuer un stage en entreprise, dans un service public ou parastatal, dans un laboratoire d\u2019analyse\u2026<\/p>\n\n\n\n<h3><strong><span style=\"color: #3366ff;\">D\u00e9bouch\u00e9s<\/span><\/strong><\/h3>\n<p>Les emplois se situent tant dans le secteur priv\u00e9 que public.<\/p>\n<p>Le technicien des industries agro-alimentaires pourra poursuivre des \u00e9tudes sup\u00e9rieures ou pr\u00e9tendre \u00e0 un emploi dans diff\u00e9rents secteur de l\u2019agro-alimentaire :<\/p>\n<ul>\n<li>les entreprises agro-alimentaires (PME, industrie);<\/li>\n<li>les unit\u00e9s de production, de fabrication, de transformation, produits laitiers, jus de fruits et l\u00e9gumes, boulangerie, biscuiterie, brasserie, chocolaterie, huilerie, conserverie, \u2026 ;<\/li>\n<li>les services en alimentation humaine ou animale;<\/li>\n<li>la commercialisation de produits alimentaires, de fournitures et \u00e9quipement sp\u00e9cifi ques;<\/li>\n<li>d\u2019autres emplois \u00e0 caract\u00e8re scientifi que : laboratoire, ...<\/li>\n<\/ul>\n\n\n\n<h3><span style=\"color: #3366ff;\"><strong>Section en vid\u00e9o<\/strong><\/span><\/h3>\n\n\n\n<figure class=\"wp-block-video\"><video controls src=\"https:\/\/www.epasc-ciney.be\/Notrecole\/Sections_Qualif_Videos\/Section_Qualif_IAA.mp4\"><\/video><\/figure>\n\n\n\n<h3><span style=\"color: #3366ff;\"><strong>Grilles horaire<\/strong><\/span><\/h3>\n\n\n\n<figure class=\"wp-block-image size-full is-resized is-style-default\"><a href=\"https:\/\/i0.wp.com\/www.epasc-ciney.be\/epasc\/wp-content\/uploads\/2024\/11\/Griles-TQIAA_2024-2025.jpg?ssl=1\"><img data-recalc-dims=\"1\" loading=\"lazy\" decoding=\"async\" width=\"648\" height=\"809\" src=\"https:\/\/i0.wp.com\/www.epasc-ciney.be\/epasc\/wp-content\/uploads\/2024\/11\/Griles-TQIAA_2024-2025.jpg?resize=648%2C809&#038;ssl=1\" alt=\"\" class=\"wp-image-36711\" style=\"width:847px;height:1112px\" srcset=\"https:\/\/i0.wp.com\/www.epasc-ciney.be\/epasc\/wp-content\/uploads\/2024\/11\/Griles-TQIAA_2024-2025.jpg?w=648&amp;ssl=1 648w, https:\/\/i0.wp.com\/www.epasc-ciney.be\/epasc\/wp-content\/uploads\/2024\/11\/Griles-TQIAA_2024-2025.jpg?resize=240%2C300&amp;ssl=1 240w\" sizes=\"auto, (max-width: 648px) 100vw, 648px\" \/><\/a><\/figure>\n","protected":false},"excerpt":{"rendered":"<p>Objectifs et finalit\u00e9s Le technicien des industries agro-alimentaires doit disposer d\u2019un ensemble de comp\u00e9tences li\u00e9es \u00e0 la maitrise et \u00e0 la compr\u00e9hension scientifique...<\/p>\n","protected":false},"author":1,"featured_media":0,"parent":0,"menu_order":0,"comment_status":"open","ping_status":"open","template":"page-onecolumn.php","meta":{"ngg_post_thumbnail":0,"footnotes":""},"class_list":["post-6478","page","type-page","status-publish","hentry"],"aioseo_notices":[],"_links":{"self":[{"href":"https:\/\/www.epasc-ciney.be\/epasc\/wp-json\/wp\/v2\/pages\/6478","targetHints":{"allow":["GET"]}}],"collection":[{"href":"https:\/\/www.epasc-ciney.be\/epasc\/wp-json\/wp\/v2\/pages"}],"about":[{"href":"https:\/\/www.epasc-ciney.be\/epasc\/wp-json\/wp\/v2\/types\/page"}],"author":[{"embeddable":true,"href":"https:\/\/www.epasc-ciney.be\/epasc\/wp-json\/wp\/v2\/users\/1"}],"replies":[{"embeddable":true,"href":"https:\/\/www.epasc-ciney.be\/epasc\/wp-json\/wp\/v2\/comments?post=6478"}],"version-history":[{"count":15,"href":"https:\/\/www.epasc-ciney.be\/epasc\/wp-json\/wp\/v2\/pages\/6478\/revisions"}],"predecessor-version":[{"id":36712,"href":"https:\/\/www.epasc-ciney.be\/epasc\/wp-json\/wp\/v2\/pages\/6478\/revisions\/36712"}],"wp:attachment":[{"href":"https:\/\/www.epasc-ciney.be\/epasc\/wp-json\/wp\/v2\/media?parent=6478"}],"curies":[{"name":"wp","href":"https:\/\/api.w.org\/{rel}","templated":true}]}}