{"id":588,"date":"2012-10-06T07:46:23","date_gmt":"2012-10-06T05:46:23","guid":{"rendered":"http:\/\/www.saintquentin.be\/site\/?page_id=588"},"modified":"2024-11-19T15:46:21","modified_gmt":"2024-11-19T14:46:21","slug":"internats-partenaires","status":"publish","type":"page","link":"https:\/\/www.epasc-ciney.be\/epasc\/notre-internat\/internats-partenaires\/","title":{"rendered":"Internats partenaires"},"content":{"rendered":"<p style=\"text-align: center;\">Vu notre manque de places sur le site de l\u2019\u00e9cole, nous sommes en \u00e9troite collaboration avec 4 autres internats situ\u00e9s \u00e0 Ciney , Herbuchenne et Dinant<a href=\"https:\/\/i0.wp.com\/www.saintquentin.be\/site\/wp-content\/uploads\/2012\/10\/57_Internat_Partenaire.jpg\"><img data-recalc-dims=\"1\" loading=\"lazy\" decoding=\"async\" class=\"aligncenter size-full wp-image-589\" style=\"border: 1px solid black;\" title=\"57_Internat_Partenaire\" src=\"https:\/\/i0.wp.com\/www.saintquentin.be\/site\/wp-content\/uploads\/2012\/10\/57_Internat_Partenaire.jpg?resize=600%2C298\" alt=\"\" width=\"600\" height=\"298\" srcset=\"https:\/\/i0.wp.com\/www.epasc-ciney.be\/epasc\/wp-content\/uploads\/2012\/10\/57_Internat_Partenaire.jpg?w=600&amp;ssl=1 600w, https:\/\/i0.wp.com\/www.epasc-ciney.be\/epasc\/wp-content\/uploads\/2012\/10\/57_Internat_Partenaire.jpg?resize=300%2C149&amp;ssl=1 300w, https:\/\/i0.wp.com\/www.epasc-ciney.be\/epasc\/wp-content\/uploads\/2012\/10\/57_Internat_Partenaire.jpg?resize=342%2C170&amp;ssl=1 342w\" sizes=\"auto, (max-width: 600px) 100vw, 600px\" \/><\/a><\/p>\n","protected":false},"excerpt":{"rendered":"<p>Vu notre manque de places sur le site de l\u2019\u00e9cole, nous sommes en \u00e9troite collaboration avec 4 autres internats situ\u00e9s \u00e0 Ciney ,...<\/p>\n","protected":false},"author":1,"featured_media":0,"parent":93,"menu_order":25,"comment_status":"closed","ping_status":"closed","template":"","meta":{"ngg_post_thumbnail":0,"footnotes":""},"class_list":["post-588","page","type-page","status-publish","hentry"],"aioseo_notices":[],"_links":{"self":[{"href":"https:\/\/www.epasc-ciney.be\/epasc\/wp-json\/wp\/v2\/pages\/588","targetHints":{"allow":["GET"]}}],"collection":[{"href":"https:\/\/www.epasc-ciney.be\/epasc\/wp-json\/wp\/v2\/pages"}],"about":[{"href":"https:\/\/www.epasc-ciney.be\/epasc\/wp-json\/wp\/v2\/types\/page"}],"author":[{"embeddable":true,"href":"https:\/\/www.epasc-ciney.be\/epasc\/wp-json\/wp\/v2\/users\/1"}],"replies":[{"embeddable":true,"href":"https:\/\/www.epasc-ciney.be\/epasc\/wp-json\/wp\/v2\/comments?post=588"}],"version-history":[{"count":4,"href":"https:\/\/www.epasc-ciney.be\/epasc\/wp-json\/wp\/v2\/pages\/588\/revisions"}],"predecessor-version":[{"id":36692,"href":"https:\/\/www.epasc-ciney.be\/epasc\/wp-json\/wp\/v2\/pages\/588\/revisions\/36692"}],"up":[{"embeddable":true,"href":"https:\/\/www.epasc-ciney.be\/epasc\/wp-json\/wp\/v2\/pages\/93"}],"wp:attachment":[{"href":"https:\/\/www.epasc-ciney.be\/epasc\/wp-json\/wp\/v2\/media?parent=588"}],"curies":[{"name":"wp","href":"https:\/\/api.w.org\/{rel}","templated":true}]}}