{"id":583,"date":"2012-10-06T07:41:38","date_gmt":"2012-10-06T05:41:38","guid":{"rendered":"http:\/\/www.saintquentin.be\/site\/?page_id=583"},"modified":"2012-10-06T07:41:38","modified_gmt":"2012-10-06T05:41:38","slug":"activites-en-photos","status":"publish","type":"page","link":"https:\/\/www.epasc-ciney.be\/epasc\/notre-internat\/activites-en-photos\/","title":{"rendered":"Activit\u00e9s en photos"},"content":{"rendered":"<p>Retrouvez le d\u00e9tail et les photos de nos activit\u00e9s sur notre BLOG (<a href=\"http:\/\/saintquentin.be\/internat\/\" target=\"_blank\">http:\/\/saintquentin.be\/internat\/<\/a>)<br \/>\nLes commentaires y sont les bienvenus<\/p>\n<p><a href=\"https:\/\/i0.wp.com\/www.saintquentin.be\/site\/wp-content\/uploads\/2012\/10\/Blog_Internat.jpg\"><img data-recalc-dims=\"1\" loading=\"lazy\" decoding=\"async\" class=\"aligncenter size-full wp-image-586\" title=\"Blog_Internat\" src=\"https:\/\/i0.wp.com\/www.saintquentin.be\/site\/wp-content\/uploads\/2012\/10\/Blog_Internat.jpg?resize=847%2C763\" alt=\"\" width=\"847\" height=\"763\" srcset=\"https:\/\/i0.wp.com\/www.epasc-ciney.be\/epasc\/wp-content\/uploads\/2012\/10\/Blog_Internat.jpg?w=847&amp;ssl=1 847w, https:\/\/i0.wp.com\/www.epasc-ciney.be\/epasc\/wp-content\/uploads\/2012\/10\/Blog_Internat.jpg?resize=300%2C270&amp;ssl=1 300w\" sizes=\"auto, (max-width: 847px) 100vw, 847px\" \/><\/a><\/p>\n<p>Bien que le but principal de l\u2019\u00e9quipe \u00e9ducative soit de favoriser la r\u00e9ussite scolaire, notre internat propose tout au long de l\u2019ann\u00e9e de nombreuses activit\u00e9s intra et extra muros.<\/p>\n<p><strong><em>Intra muros:<\/em><\/strong><em> tous les sports de ballons, cross, badminton, kin ball, p\u00e9tanque,jeux du cirque \u2026, informatique au CCM de l\u2019\u00e9cole et traitement de texte, salle de jeux,\u00a0 biblioth\u00e8que de BD, PC en r\u00e9seau, cin\u00e9ma, ...<\/em><\/p>\n<p><strong>Extra muros:<\/strong> parc aquatique, paintball, rencontres de coupe d\u2019Europe en foot et basket, natation, escalade, sp\u00e9l\u00e9o, championnat scolaire sportif,\u00a0 th\u00e9\u00e2tre, concert,\u00a0 cin\u00e9ma, bowling, VTT,<\/p>\n<p>&nbsp;<\/p>\n<p id=\"p\">\n","protected":false},"excerpt":{"rendered":"<p>Retrouvez le d\u00e9tail et les photos de nos activit\u00e9s sur notre BLOG (http:\/\/saintquentin.be\/internat\/) Les commentaires y sont les bienvenus Bien que le but...<\/p>\n","protected":false},"author":1,"featured_media":0,"parent":93,"menu_order":26,"comment_status":"closed","ping_status":"closed","template":"onecolumn-page.php","meta":{"ngg_post_thumbnail":0,"footnotes":""},"class_list":["post-583","page","type-page","status-publish","hentry"],"aioseo_notices":[],"_links":{"self":[{"href":"https:\/\/www.epasc-ciney.be\/epasc\/wp-json\/wp\/v2\/pages\/583","targetHints":{"allow":["GET"]}}],"collection":[{"href":"https:\/\/www.epasc-ciney.be\/epasc\/wp-json\/wp\/v2\/pages"}],"about":[{"href":"https:\/\/www.epasc-ciney.be\/epasc\/wp-json\/wp\/v2\/types\/page"}],"author":[{"embeddable":true,"href":"https:\/\/www.epasc-ciney.be\/epasc\/wp-json\/wp\/v2\/users\/1"}],"replies":[{"embeddable":true,"href":"https:\/\/www.epasc-ciney.be\/epasc\/wp-json\/wp\/v2\/comments?post=583"}],"version-history":[{"count":0,"href":"https:\/\/www.epasc-ciney.be\/epasc\/wp-json\/wp\/v2\/pages\/583\/revisions"}],"up":[{"embeddable":true,"href":"https:\/\/www.epasc-ciney.be\/epasc\/wp-json\/wp\/v2\/pages\/93"}],"wp:attachment":[{"href":"https:\/\/www.epasc-ciney.be\/epasc\/wp-json\/wp\/v2\/media?parent=583"}],"curies":[{"name":"wp","href":"https:\/\/api.w.org\/{rel}","templated":true}]}}