{"id":580,"date":"2012-10-06T07:40:21","date_gmt":"2012-10-06T05:40:21","guid":{"rendered":"http:\/\/www.saintquentin.be\/site\/?page_id=580"},"modified":"2026-01-20T13:56:07","modified_gmt":"2026-01-20T12:56:07","slug":"renseignements-pratiques","status":"publish","type":"page","link":"https:\/\/www.epasc-ciney.be\/epasc\/notre-internat\/renseignements-pratiques\/","title":{"rendered":"Renseignements pratiques"},"content":{"rendered":"<p><strong><span style=\"text-decoration: underline;\">CONTACTS<\/span>:<\/strong><\/p>\n<p style=\"background: white;\"><strong><span style=\"font-size: 11.5pt; font-family: 'Helvetica',sans-serif; color: #444444;\">Administratrice : Madame Fanny OLLEVIER : <em>081\/77 58 07<\/em><br \/>\n<\/span><\/strong><span style=\"text-decoration: underline;\"><span style=\"color: #3366ff;\"><strong><span style=\"font-size: 11.5pt; font-family: Helvetica, sans-serif; font-weight: normal;\">fanny.ollevier@epasc.province.namur.be<\/span><\/strong><\/span><\/span><\/p>\n<p style=\"background: white;\"><strong><span style=\"font-size: 11.5pt; font-family: 'Helvetica',sans-serif; color: #444444;\">Internat implantation \"Rebonmoulin\" <em>081\/77 65 01 et 081\/77 65 02<\/em><\/span><\/strong><\/p>\n<p style=\"background: white;\"><strong><span style=\"font-size: 11.5pt; font-family: 'Helvetica',sans-serif; color: #444444;\">Internat implantation \"Route de Namur\" <em>081\/77 65 03 et 081\/77 65 04 et 081\/77 65 05<\/em><\/span><\/strong><b><span style=\"font-size: 11.5pt; font-family: 'Helvetica',sans-serif; color: #444444;\"><br \/>\n<\/span><\/b><span style=\"text-decoration: underline;\"><span style=\"font-size: 11.5pt; font-family: 'Helvetica',sans-serif; color: #444444;\"><span style=\"font-family: 'Helvetica',sans-serif;\">E-mail <\/span><\/span><\/span><b><span style=\"font-size: 11.5pt; font-family: 'Helvetica',sans-serif; color: #444444;\"><strong><span style=\"font-family: 'Helvetica',sans-serif;\">:&nbsp;<\/span><\/strong><\/span><\/b><span style=\"text-decoration: underline;\"><span style=\"font-size: 11.5pt; font-family: Helvetica, sans-serif; color: #3366ff;\"><span style=\"font-family: 'Helvetica',sans-serif;\"><a style=\"outline: 0px; color: #3366ff; text-decoration: underline;\" href=\"mailto:absences.internat.epasc@province.namur.be\">absences.internat.epasc@province.namur.be<\/a><\/span><\/span><\/span><\/p>\n<p style=\"margin-bottom: 18.0pt; background: white;\"><span style=\"font-size: 11.5pt; font-family: 'Helvetica',sans-serif; color: #444444;\"><strong><span style=\"text-decoration: underline;\">Inscription<\/span><\/strong> : elle se fait via un formulaire distribu\u00e9 lors de nos journ\u00e9es d'inscription et est confirm\u00e9e par le versement d\u2019un <strong>acompte de <em>569,74 <\/em> \u20ac<\/strong>. Sans ces deux conditions, l\u2019inscription n\u2019est pas prise en compte. Les inscriptions sont re\u00e7ues par l\u2019administrateur d\u2019internat ou son d\u00e9l\u00e9gu\u00e9.<\/span><\/p>\n<p style=\"background: white;\"><strong><span style=\"font-size: 11.5pt; font-family: 'Helvetica',sans-serif; color: #444444;\"><span style=\"text-decoration: underline;\">Attention<\/span> : le nombre de places \u00e9tant limit\u00e9, ce sont les premi\u00e8res inscriptions qui seront retenues.<\/span><\/strong><\/p>\n<p style=\"background: white;\"><span style=\"font-size: 11.5pt; font-family: 'Helvetica',sans-serif; color: #444444;\"><strong><span style=\"text-decoration: underline;\">Prix de la pension<\/span><\/strong>:&nbsp; <strong><span style=\"font-family: 'Helvetica',sans-serif;\"><em>2 848,68 <\/em>\u20ac<\/span><\/strong> pour 2024-2025 <strong>payable mensuellement<\/strong>. Une caution de <strong>50 euros<\/strong> est demand\u00e9e pour la chambre et une provision de <strong>50 euros<\/strong> pour les activit\u00e9s extra-muros.<br \/>\n<\/span><\/p>\n<p><span style=\"text-decoration: underline;\"><strong>Trousseau<\/strong><\/span>: les draps, la couettes et l\u2019oreiller sont fournis par l\u2019\u00e9l\u00e8ve. Un sac (en coton) \u00e0 linge sale, des pantoufles, une tenue et des chaussures de sport doivent faire partie du trousseau.<br \/>\n<em>Effets que tu dois avoir en permanence \u00e0 l'internat<\/em>: pyjama \u2013 pantoufles. Savon \u2013 bo\u00eete \u00e0 savon \u2013 dentifrice \u2013 brosse \u00e0 dents \u2013 gobelet- shampooing \u2013 peigne \u2013 serviettes de toilette \u2013 serviette de bain \u2013 v\u00eatement de pluie \u2013 pull.<br \/>\n<em>Effets que dois contenir ta valise chaque semaine <\/em>: slips \u2013 chaussettes \u2013 chemise ou T-shirt \u2013 pulls \u2013 pantalons \u2013 chaussures \u2013 mouchoirs \u2013 serviettes de toilette \u2013 serviette de bain.<\/p>\n<p><strong><span style=\"text-decoration: underline;\">Repas<\/span> :<\/strong> 4 repas vari\u00e9s et de qualit\u00e9s sont servis chaque jour. Le projet alimentaire de l\u2019\u00e9cole veille \u00e0 ce que tu re\u00e7oives une alimentation saine et \u00e9quilibr\u00e9e.<\/p>\n<p><span style=\"text-decoration: underline;\"><strong>Horaire type<\/strong><\/span><br \/>\n7h00 : R\u00e9veil et petit d\u00e9jeuner<br \/>\n8h15 \u00e0 15h30 (ou 16h20): journ\u00e9e scolaire<br \/>\n16h00 (ou 16h20): go\u00fbter<br \/>\n16h30 \u00e0 17h15: animations sportives et ludiques<br \/>\n17h15 \u00e0 19h00: \u00e9tude principale<br \/>\n19h00: souper<br \/>\n19h30 \u00e0 20h15: animations sportives et ludiques<br \/>\n20h15 \u00e0 22h00 (21h30 pour les plus jeunes)*: seconde \u00e9tude.<\/p>\n<p><em>* Certaines activit\u00e9s peuvent \u00eatre organis\u00e9es dans ce laps de temps<\/em><\/p>\n","protected":false},"excerpt":{"rendered":"<p>CONTACTS: Administratrice : Madame Fanny OLLEVIER : 081\/77 58 07 fanny.ollevier@epasc.province.namur.be Internat implantation \"Rebonmoulin\" 081\/77 65 01 et 081\/77 65 02 Internat implantation...<\/p>\n","protected":false},"author":1,"featured_media":0,"parent":93,"menu_order":0,"comment_status":"closed","ping_status":"closed","template":"","meta":{"ngg_post_thumbnail":0,"footnotes":""},"class_list":["post-580","page","type-page","status-publish","hentry"],"aioseo_notices":[],"_links":{"self":[{"href":"https:\/\/www.epasc-ciney.be\/epasc\/wp-json\/wp\/v2\/pages\/580","targetHints":{"allow":["GET"]}}],"collection":[{"href":"https:\/\/www.epasc-ciney.be\/epasc\/wp-json\/wp\/v2\/pages"}],"about":[{"href":"https:\/\/www.epasc-ciney.be\/epasc\/wp-json\/wp\/v2\/types\/page"}],"author":[{"embeddable":true,"href":"https:\/\/www.epasc-ciney.be\/epasc\/wp-json\/wp\/v2\/users\/1"}],"replies":[{"embeddable":true,"href":"https:\/\/www.epasc-ciney.be\/epasc\/wp-json\/wp\/v2\/comments?post=580"}],"version-history":[{"count":11,"href":"https:\/\/www.epasc-ciney.be\/epasc\/wp-json\/wp\/v2\/pages\/580\/revisions"}],"predecessor-version":[{"id":37136,"href":"https:\/\/www.epasc-ciney.be\/epasc\/wp-json\/wp\/v2\/pages\/580\/revisions\/37136"}],"up":[{"embeddable":true,"href":"https:\/\/www.epasc-ciney.be\/epasc\/wp-json\/wp\/v2\/pages\/93"}],"wp:attachment":[{"href":"https:\/\/www.epasc-ciney.be\/epasc\/wp-json\/wp\/v2\/media?parent=580"}],"curies":[{"name":"wp","href":"https:\/\/api.w.org\/{rel}","templated":true}]}}