{"id":5682,"date":"2016-02-13T12:17:15","date_gmt":"2016-02-13T11:17:15","guid":{"rendered":"http:\/\/www.saintquentin.be\/epasc\/?page_id=5682"},"modified":"2016-02-15T20:53:48","modified_gmt":"2016-02-15T19:53:48","slug":"notre-livre-de-lannee","status":"publish","type":"page","link":"https:\/\/www.epasc-ciney.be\/epasc\/notre-ecole\/notre-livre-de-lannee\/","title":{"rendered":"Notre Livre de l'Ann\u00e9e"},"content":{"rendered":"<h3>Vous pouvez aussi d\u00e9couvrir notre \u00e9cole en feuilletant notre dernier Livre de l'Ann\u00e9e: vous y trouverez les activit\u00e9s les plus marquantes de la derni\u00e8re ann\u00e9e scolaire, illustr\u00e9es d'articles et\u00a0de photos. Bonne lecture.<\/h3>\n<p>[Not a valid template]<\/p>\n<h3>Vous pouvez t\u00e9l\u00e9charger notre Livre de l'Ann\u00e9e ici<\/h3>\n<div class=\"wpfilebase-file-default\" onclick=\"if('undefined' == typeof event.target.href) document.getElementById('wpfb-file-link-1').click();\">\r\n  <div class=\"icon\"><a href=\"https:\/\/www.epasc-ciney.be\/epasc\/download\/publicit\u00e9\/LIVRANNEE2015.pdf\" target=\"_blank\" title=\"Download Notre Livre de l&#039;Ann\u00e9e 2014-2015\"><img decoding=\"async\" align=\"middle\" src=\"https:\/\/www.epasc-ciney.be\/epasc\/wp-content\/plugins\/wp-filebase\/wp-filebase_thumb.php?fid=5&amp;name=thumb_LDA2015_Miniature-88x120.png\" alt=\"Notre Livre de l&#039;Ann\u00e9e 2014-2015\" \/><\/a><\/div>\r\n  <div class=\"filetitle\">\r\n    <a href=\"https:\/\/www.epasc-ciney.be\/epasc\/download\/publicit\u00e9\/LIVRANNEE2015.pdf\" title=\"Download Notre Livre de l&#039;Ann\u00e9e 2014-2015\" target=\"_blank\" id=\"wpfb-file-link-1\">Notre Livre de l&#039;Ann\u00e9e 2014-2015<\/a>\r\n    \r\n    <br \/>\r\n    LIVRANNEE2015.pdf<br \/>\r\n    \r\n  <\/div>\r\n  <div class=\"info\">\r\n    5.6 MiB<br \/>\r\n    2945 Downloads<br \/>\r\n    <a href=\"#\" onclick=\"return wpfilebase_filedetails(1);\">D\u00e9tails<\/a>\r\n  <\/div>\r\n  <div class=\"details\" id=\"wpfilebase-filedetails1\" style=\"display: none;\">\r\n  \r\n  <table border=\"0\">\r\n   \r\n   \r\n   \r\n   \r\n   <tr><td><strong>Cat\u00e9gorie:<\/strong><\/td><td>Publicit\u00e9<\/td><\/tr>\r\n   \r\n   <tr><td><strong>Date:<\/strong><\/td><td>13 f\u00e9vrier 2016<\/td><\/tr>\r\n  <\/table>\r\n  <\/div>\r\n <div style=\"clear: both;\"><\/div>\r\n<\/div>\n<h3>Vous pouvez \u00e9galement le\u00a0feuilleter en ligne dans un <a href=\"http:\/\/www.saintquentin.be\/Events_1415\/LDA2015\/\" target=\"_blank\">Flipping Book de haute qualit\u00e9<\/a>: attention, patientez une bonne vingtaine de secondes, le temps que le flipping book se charge. Pour tourner les pages, cliquer sur le coin sup\u00e9rieur des pages ...<\/h3>\n<p><a href=\"http:\/\/www.saintquentin.be\/Events_1415\/LDA2015\/\"><img data-recalc-dims=\"1\" loading=\"lazy\" decoding=\"async\" class=\"aligncenter wp-image-5702 size-full\" src=\"https:\/\/i0.wp.com\/www.saintquentin.be\/epasc\/wp-content\/uploads\/2016\/02\/LDA2015_FlippingBook.png?resize=414%2C583\" alt=\"LDA2015_FlippingBook\" width=\"414\" height=\"583\" srcset=\"https:\/\/i0.wp.com\/www.epasc-ciney.be\/epasc\/wp-content\/uploads\/2016\/02\/LDA2015_FlippingBook.png?w=414&amp;ssl=1 414w, https:\/\/i0.wp.com\/www.epasc-ciney.be\/epasc\/wp-content\/uploads\/2016\/02\/LDA2015_FlippingBook.png?resize=213%2C300&amp;ssl=1 213w\" sizes=\"auto, (max-width: 414px) 100vw, 414px\" \/><\/a><\/p>\n","protected":false},"excerpt":{"rendered":"<p>Vous pouvez aussi d\u00e9couvrir notre \u00e9cole en feuilletant notre dernier Livre de l'Ann\u00e9e: vous y trouverez les activit\u00e9s les plus marquantes de la...<\/p>\n","protected":false},"author":1,"featured_media":0,"parent":22,"menu_order":15,"comment_status":"open","ping_status":"open","template":"","meta":{"ngg_post_thumbnail":0,"footnotes":""},"class_list":["post-5682","page","type-page","status-publish","hentry"],"aioseo_notices":[],"_links":{"self":[{"href":"https:\/\/www.epasc-ciney.be\/epasc\/wp-json\/wp\/v2\/pages\/5682","targetHints":{"allow":["GET"]}}],"collection":[{"href":"https:\/\/www.epasc-ciney.be\/epasc\/wp-json\/wp\/v2\/pages"}],"about":[{"href":"https:\/\/www.epasc-ciney.be\/epasc\/wp-json\/wp\/v2\/types\/page"}],"author":[{"embeddable":true,"href":"https:\/\/www.epasc-ciney.be\/epasc\/wp-json\/wp\/v2\/users\/1"}],"replies":[{"embeddable":true,"href":"https:\/\/www.epasc-ciney.be\/epasc\/wp-json\/wp\/v2\/comments?post=5682"}],"version-history":[{"count":0,"href":"https:\/\/www.epasc-ciney.be\/epasc\/wp-json\/wp\/v2\/pages\/5682\/revisions"}],"up":[{"embeddable":true,"href":"https:\/\/www.epasc-ciney.be\/epasc\/wp-json\/wp\/v2\/pages\/22"}],"wp:attachment":[{"href":"https:\/\/www.epasc-ciney.be\/epasc\/wp-json\/wp\/v2\/media?parent=5682"}],"curies":[{"name":"wp","href":"https:\/\/api.w.org\/{rel}","templated":true}]}}