{"id":49,"date":"2012-10-01T12:21:49","date_gmt":"2012-10-01T10:21:49","guid":{"rendered":"http:\/\/www.saintquentin.be\/site\/?page_id=49"},"modified":"2024-02-24T19:47:49","modified_gmt":"2024-02-24T18:47:49","slug":"telephone-et-fax","status":"publish","type":"page","link":"https:\/\/www.epasc-ciney.be\/epasc\/notre-ecole\/telephone-et-fax\/","title":{"rendered":"Contacts"},"content":{"rendered":"\n<h3><span style=\"color: #ffffff;\"><strong><span style=\"background-color: #0000ff;\">*Vous avez envie d\u2019en savoir plus sur les formations organis\u00e9es \u00e0 l\u2019EPASC&nbsp;;<\/span><\/strong><\/span><br><span style=\"color: #ffffff;\"><strong><span style=\"background-color: #0000ff;\">&nbsp;*Vous avez envie de visiter notre Domaine ; <\/span><\/strong><\/span><br><span style=\"color: #ffffff;\"><strong><span style=\"background-color: #0000ff;\">&nbsp;*Nous serons heureux de vous accueillir sur le site de l'EPASC :<\/span><\/strong><\/span><\/h3>\n<h4><span style=\"color: #339966;\"><strong><em>Soit d\u00e8s \u00e0 pr\u00e9sent lors de nos journ\u00e9e d'infos - visites et\/ou inscriptions. Pour en savoir plus <a href=\"https:\/\/www.epasc-ciney.be\/epasc\/renseignements-et-inscriptions\/\">cliquez ICI<\/a><\/em><\/strong><\/span><\/h4>\n<h4><span style=\"color: #339966;\"><strong><em>Soit durant les vacances d'\u00e9t\u00e9<\/em>&nbsp;: sur rendez-vous du 10\/07 au 14\/07 et du 16\/08 au 15\/09<\/strong><\/span><\/h4>\n\n\n<h1 style=\"text-align: center;\">081\/ 77 67 90 &nbsp; <br>ou &nbsp; &nbsp;<br><a title=\"Envoyer un mail \u00e0 l'EPASC\" href=\"mailto:ecole.agrosciences@province.namur.be\">ecole.agrosciences@province.namur.be<\/a><\/h1>\n<p style=\"text-align: center;\">&nbsp;<\/p>\n\n\n<figure class=\"wp-block-image size-large is-resized\"><img data-recalc-dims=\"1\" loading=\"lazy\" decoding=\"async\" width=\"879\" height=\"689\" src=\"https:\/\/i0.wp.com\/www.epasc-ciney.be\/epasc\/wp-content\/uploads\/2020\/04\/Contacts_MAA-1.jpg?resize=879%2C689&#038;ssl=1\" alt=\"\" class=\"wp-image-11341\" style=\"width:758px;height:593px\" srcset=\"https:\/\/i0.wp.com\/www.epasc-ciney.be\/epasc\/wp-content\/uploads\/2020\/04\/Contacts_MAA-1.jpg?w=879&amp;ssl=1 879w, https:\/\/i0.wp.com\/www.epasc-ciney.be\/epasc\/wp-content\/uploads\/2020\/04\/Contacts_MAA-1.jpg?resize=300%2C235&amp;ssl=1 300w, https:\/\/i0.wp.com\/www.epasc-ciney.be\/epasc\/wp-content\/uploads\/2020\/04\/Contacts_MAA-1.jpg?resize=768%2C602&amp;ssl=1 768w\" sizes=\"auto, (max-width: 879px) 100vw, 879px\" \/><\/figure>\n\n\n\n<p><\/p>\n\n\n\n<p><\/p>\n","protected":false},"excerpt":{"rendered":"<p>*Vous avez envie d\u2019en savoir plus sur les formations organis\u00e9es \u00e0 l\u2019EPASC&nbsp;;&nbsp;*Vous avez envie de visiter notre Domaine ; &nbsp;*Nous serons heureux de...<\/p>\n","protected":false},"author":1,"featured_media":176,"parent":22,"menu_order":5,"comment_status":"closed","ping_status":"closed","template":"page-onecolumn.php","meta":{"ngg_post_thumbnail":0,"footnotes":""},"class_list":["post-49","page","type-page","status-publish","has-post-thumbnail","hentry"],"aioseo_notices":[],"_links":{"self":[{"href":"https:\/\/www.epasc-ciney.be\/epasc\/wp-json\/wp\/v2\/pages\/49","targetHints":{"allow":["GET"]}}],"collection":[{"href":"https:\/\/www.epasc-ciney.be\/epasc\/wp-json\/wp\/v2\/pages"}],"about":[{"href":"https:\/\/www.epasc-ciney.be\/epasc\/wp-json\/wp\/v2\/types\/page"}],"author":[{"embeddable":true,"href":"https:\/\/www.epasc-ciney.be\/epasc\/wp-json\/wp\/v2\/users\/1"}],"replies":[{"embeddable":true,"href":"https:\/\/www.epasc-ciney.be\/epasc\/wp-json\/wp\/v2\/comments?post=49"}],"version-history":[{"count":7,"href":"https:\/\/www.epasc-ciney.be\/epasc\/wp-json\/wp\/v2\/pages\/49\/revisions"}],"predecessor-version":[{"id":36454,"href":"https:\/\/www.epasc-ciney.be\/epasc\/wp-json\/wp\/v2\/pages\/49\/revisions\/36454"}],"up":[{"embeddable":true,"href":"https:\/\/www.epasc-ciney.be\/epasc\/wp-json\/wp\/v2\/pages\/22"}],"wp:featuredmedia":[{"embeddable":true,"href":"https:\/\/www.epasc-ciney.be\/epasc\/wp-json\/wp\/v2\/media\/176"}],"wp:attachment":[{"href":"https:\/\/www.epasc-ciney.be\/epasc\/wp-json\/wp\/v2\/media?parent=49"}],"curies":[{"name":"wp","href":"https:\/\/api.w.org\/{rel}","templated":true}]}}