{"id":43,"date":"2012-10-01T11:36:14","date_gmt":"2012-10-01T09:36:14","guid":{"rendered":"http:\/\/www.saintquentin.be\/site\/?page_id=43"},"modified":"2026-01-20T11:50:07","modified_gmt":"2026-01-20T10:50:07","slug":"plan-dacces","status":"publish","type":"page","link":"https:\/\/www.epasc-ciney.be\/epasc\/notre-ecole\/plan-dacces\/","title":{"rendered":"Plan d'acc\u00e8s"},"content":{"rendered":"<h3 style=\"text-align: center;\">Pour rejoindre l'EPASC<a href=\"https:\/\/i0.wp.com\/www.saintquentin.be\/epasc\/wp-content\/uploads\/2012\/10\/Hotton.png\"><img data-recalc-dims=\"1\" loading=\"lazy\" decoding=\"async\" class=\"alignright wp-image-2197 size-full\" src=\"https:\/\/i0.wp.com\/www.saintquentin.be\/epasc\/wp-content\/uploads\/2012\/10\/Hotton-e1411545584858.png?resize=200%2C203\" alt=\"Hotton\" width=\"200\" height=\"203\"><\/a><br>Rue de Saint-Quentin, 14 - 5590 CINEY<\/h3>\n<p><strong>Si vous venez des Ardennes:<\/strong><br>\u2022 par la Nationale 4 (N4), prenez la sortie Ciney, Havelange, Emptinne; traversez Ciney et dirigez-vous vers la route de Namur (N921);<br>\u2022 par l'autoroute, prenez la sortie n\u00b020 (Ciney); traversez Ciney et dirigez-vous vers la route de Namur (N921)<br><strong>Si vous venez de Bruxelles ou Namur:<\/strong><br>\u2022 par la N4, prenez la premi\u00e8re sortie Ciney (Natoye); vous rejoignez directement la N921 (route de Namur); \u00e0 l'entr\u00e9e de Ciney, l'\u00e9cole se trouve sur votre droite \u00e0 hauteur du rond-point (voir photo ci-dessous);<br>\u2022 par l'autoroute, prenez la sortie n\u00b018 \u00e0 Courri\u00e8re qui vous permet de rejoindre la N4; ensuite, comme ci-dessus.<br><strong>Si vous venez de Li\u00e8ge:<\/strong> prenez la N63 (Route du Condroz) jusque Nandrin, puis la N97 (Route Charlemagne) jusque Ciney.<\/p>\n<p style=\"text-align: center;\"><a href=\"https:\/\/i0.wp.com\/www.saintquentin.be\/epasc\/wp-content\/uploads\/2012\/10\/Vue_aerienne_EPASC2014.jpg\"><img data-recalc-dims=\"1\" loading=\"lazy\" decoding=\"async\" class=\"aligncenter size-full wp-image-2707\" src=\"https:\/\/i0.wp.com\/www.saintquentin.be\/epasc\/wp-content\/uploads\/2012\/10\/Vue_aerienne_EPASC2014.jpg?resize=800%2C930\" alt=\"Vue_aerienne_EPASC2014\" width=\"800\" height=\"930\" srcset=\"https:\/\/i0.wp.com\/www.epasc-ciney.be\/epasc\/wp-content\/uploads\/2012\/10\/Vue_aerienne_EPASC2014.jpg?w=800&amp;ssl=1 800w, https:\/\/i0.wp.com\/www.epasc-ciney.be\/epasc\/wp-content\/uploads\/2012\/10\/Vue_aerienne_EPASC2014.jpg?resize=258%2C300&amp;ssl=1 258w, https:\/\/i0.wp.com\/www.epasc-ciney.be\/epasc\/wp-content\/uploads\/2012\/10\/Vue_aerienne_EPASC2014.jpg?resize=600%2C697&amp;ssl=1 600w\" sizes=\"auto, (max-width: 800px) 100vw, 800px\" \/><\/a><\/p>\n<p><strong>En TRAIN et en VOITURE<br><\/strong><\/p>\n\n\n<figure class=\"wp-block-image size-full is-resized\"><a href=\"https:\/\/i0.wp.com\/www.epasc-ciney.be\/epasc\/wp-content\/uploads\/2026\/01\/En-train-et-Voiture.jpg?ssl=1\"><img data-recalc-dims=\"1\" loading=\"lazy\" decoding=\"async\" width=\"853\" height=\"319\" src=\"https:\/\/i0.wp.com\/www.epasc-ciney.be\/epasc\/wp-content\/uploads\/2026\/01\/En-train-et-Voiture.jpg?resize=853%2C319&#038;ssl=1\" alt=\"\" class=\"wp-image-37101\" style=\"aspect-ratio:2.6740947075208914;width:730px;height:auto\" srcset=\"https:\/\/i0.wp.com\/www.epasc-ciney.be\/epasc\/wp-content\/uploads\/2026\/01\/En-train-et-Voiture.jpg?w=853&amp;ssl=1 853w, https:\/\/i0.wp.com\/www.epasc-ciney.be\/epasc\/wp-content\/uploads\/2026\/01\/En-train-et-Voiture.jpg?resize=300%2C112&amp;ssl=1 300w, https:\/\/i0.wp.com\/www.epasc-ciney.be\/epasc\/wp-content\/uploads\/2026\/01\/En-train-et-Voiture.jpg?resize=768%2C287&amp;ssl=1 768w\" sizes=\"auto, (max-width: 853px) 100vw, 853px\" \/><\/a><\/figure>\n\n\n\n\n","protected":false},"excerpt":{"rendered":"<p>Pour rejoindre l'EPASCRue de Saint-Quentin, 14 - 5590 CINEY Si vous venez des Ardennes:\u2022 par la Nationale 4 (N4), prenez la sortie Ciney,...<\/p>\n","protected":false},"author":1,"featured_media":0,"parent":22,"menu_order":14,"comment_status":"closed","ping_status":"closed","template":"page-onecolumn.php","meta":{"ngg_post_thumbnail":0,"footnotes":""},"class_list":["post-43","page","type-page","status-publish","hentry"],"aioseo_notices":[],"_links":{"self":[{"href":"https:\/\/www.epasc-ciney.be\/epasc\/wp-json\/wp\/v2\/pages\/43","targetHints":{"allow":["GET"]}}],"collection":[{"href":"https:\/\/www.epasc-ciney.be\/epasc\/wp-json\/wp\/v2\/pages"}],"about":[{"href":"https:\/\/www.epasc-ciney.be\/epasc\/wp-json\/wp\/v2\/types\/page"}],"author":[{"embeddable":true,"href":"https:\/\/www.epasc-ciney.be\/epasc\/wp-json\/wp\/v2\/users\/1"}],"replies":[{"embeddable":true,"href":"https:\/\/www.epasc-ciney.be\/epasc\/wp-json\/wp\/v2\/comments?post=43"}],"version-history":[{"count":4,"href":"https:\/\/www.epasc-ciney.be\/epasc\/wp-json\/wp\/v2\/pages\/43\/revisions"}],"predecessor-version":[{"id":37108,"href":"https:\/\/www.epasc-ciney.be\/epasc\/wp-json\/wp\/v2\/pages\/43\/revisions\/37108"}],"up":[{"embeddable":true,"href":"https:\/\/www.epasc-ciney.be\/epasc\/wp-json\/wp\/v2\/pages\/22"}],"wp:attachment":[{"href":"https:\/\/www.epasc-ciney.be\/epasc\/wp-json\/wp\/v2\/media?parent=43"}],"curies":[{"name":"wp","href":"https:\/\/api.w.org\/{rel}","templated":true}]}}