{"id":4268,"date":"2015-05-08T09:53:27","date_gmt":"2015-05-08T08:53:27","guid":{"rendered":"http:\/\/www.saintquentin.be\/epasc\/?page_id=4268"},"modified":"2024-12-03T12:17:22","modified_gmt":"2024-12-03T11:17:22","slug":"cyber-classes","status":"publish","type":"page","link":"https:\/\/www.epasc-ciney.be\/epasc\/outils-didactiques\/cyber-classes\/","title":{"rendered":"Cyber-classes"},"content":{"rendered":"<p><strong>LES CYBERCLASSES A L\u2019EPASC<\/strong><\/p>\n<p>A l'heure o\u00f9 les technologies de l'information et de la communication font partie int\u00e9grante de notre vie tant professionnelle que priv\u00e9e, il est primordial de pr\u00e9parer nos \u00e9l\u00e8ves et nos enseignants \u00e0 l'utilisation de ces nouvelles technologies et de lutter contre la fracture num\u00e9rique! C'est la raison pour laquelle depuis les ann\u00e9es 2000 l'EPASC vit \u00e0 l'\u00e8re de l'informatique pour TOUS !<\/p>\n<p>De 2000 \u00e0 2012 un r\u00e9seau de 21 PC organis\u00e9 autour d'un serveur Windows NT alimente les classes du deuxi\u00e8me \u00e9tage du bloc B en mat\u00e9riel informatique. Ce r\u00e9seau permettait aux professeurs et aux \u00e9tudiants d'acc\u00e9der \u00e0 Internet via un mat\u00e9riel performant pour pr\u00e9parer, r\u00e9aliser et pr\u00e9senter leurs diff\u00e9rentes mati\u00e8res de cours.<\/p>\n<p style=\"text-align: center;\"><a href=\"https:\/\/i0.wp.com\/www.saintquentin.be\/epasc\/wp-content\/uploads\/2015\/05\/Image9.gif\"><img data-recalc-dims=\"1\" loading=\"lazy\" decoding=\"async\" class=\"aligncenter size-full wp-image-4270\" src=\"https:\/\/i0.wp.com\/www.saintquentin.be\/epasc\/wp-content\/uploads\/2015\/05\/Image9.gif?resize=443%2C293\" alt=\"Image9\" width=\"443\" height=\"293\"><\/a><\/p>\n<p style=\"text-align: center;\"><a href=\"https:\/\/i0.wp.com\/www.saintquentin.be\/epasc\/wp-content\/uploads\/2015\/05\/Image4.gif\"><img data-recalc-dims=\"1\" loading=\"lazy\" decoding=\"async\" class=\"aligncenter size-full wp-image-4273\" src=\"https:\/\/i0.wp.com\/www.saintquentin.be\/epasc\/wp-content\/uploads\/2015\/05\/Image4.gif?resize=440%2C296\" alt=\"Image4\" width=\"440\" height=\"296\"><\/a><\/p>\n<hr>\n<p><strong>Depuis septembre 2012, les CYBERCLASSES ont \u00e9t\u00e9 mises en place<\/strong> !<\/p>\n<p><a href=\"https:\/\/i0.wp.com\/www.saintquentin.be\/epasc\/wp-content\/uploads\/2015\/05\/20150227_114757.jpg\"><img data-recalc-dims=\"1\" loading=\"lazy\" decoding=\"async\" class=\"aligncenter wp-image-4276\" src=\"https:\/\/i0.wp.com\/www.saintquentin.be\/epasc\/wp-content\/uploads\/2015\/05\/20150227_114757-1024x768.jpg?resize=900%2C675\" alt=\"20150227_114757\" width=\"900\" height=\"675\" srcset=\"https:\/\/i0.wp.com\/www.epasc-ciney.be\/epasc\/wp-content\/uploads\/2015\/05\/20150227_114757.jpg?resize=1024%2C768&amp;ssl=1 1024w, https:\/\/i0.wp.com\/www.epasc-ciney.be\/epasc\/wp-content\/uploads\/2015\/05\/20150227_114757.jpg?resize=300%2C225&amp;ssl=1 300w, https:\/\/i0.wp.com\/www.epasc-ciney.be\/epasc\/wp-content\/uploads\/2015\/05\/20150227_114757.jpg?resize=600%2C450&amp;ssl=1 600w, https:\/\/i0.wp.com\/www.epasc-ciney.be\/epasc\/wp-content\/uploads\/2015\/05\/20150227_114757.jpg?resize=900%2C675&amp;ssl=1 900w, https:\/\/i0.wp.com\/www.epasc-ciney.be\/epasc\/wp-content\/uploads\/2015\/05\/20150227_114757.jpg?w=2230&amp;ssl=1 2230w\" sizes=\"auto, (max-width: 900px) 100vw, 900px\" \/><\/a><\/p>\n<p>Les anciens PC du centre CyberMedia du bloc B ont fait place \u00e0 plus de 120 nouveaux PC reli\u00e9s en r\u00e9seau et r\u00e9partis dans une dizaine de locaux. Ce r\u00e9seau organis\u00e9 autour d'un serveur Windows nouvelle g\u00e9n\u00e9ration, permet encore davantage aux professeurs et aux \u00e9tudiants de disposer d'un maximum d'outils pour r\u00e9aliser leurs travaux,&nbsp; dispenser leurs cours et ainsi participer activement \u00e0 la soci\u00e9t\u00e9 de l'information et de la communication.<\/p>\n<p>De plus, toutes les classes de notre \u00e9cole sont c\u00e2bl\u00e9es et re\u00e7oivent internet pour permettre la projection de ce que l'on d\u00e9sire \u00e0 partir d'un portable.<\/p>\n<p><a href=\"https:\/\/i0.wp.com\/www.saintquentin.be\/epasc\/wp-content\/uploads\/2015\/05\/2012-06-27-10.05.29.jpg\"><img data-recalc-dims=\"1\" loading=\"lazy\" decoding=\"async\" class=\"aligncenter wp-image-4275\" src=\"https:\/\/i0.wp.com\/www.saintquentin.be\/epasc\/wp-content\/uploads\/2015\/05\/2012-06-27-10.05.29-768x1024.jpg?resize=500%2C667\" alt=\"2012-06-27 10.05.29\" width=\"500\" height=\"667\" srcset=\"https:\/\/i0.wp.com\/www.epasc-ciney.be\/epasc\/wp-content\/uploads\/2015\/05\/2012-06-27-10.05.29.jpg?resize=768%2C1024&amp;ssl=1 768w, https:\/\/i0.wp.com\/www.epasc-ciney.be\/epasc\/wp-content\/uploads\/2015\/05\/2012-06-27-10.05.29.jpg?resize=225%2C300&amp;ssl=1 225w, https:\/\/i0.wp.com\/www.epasc-ciney.be\/epasc\/wp-content\/uploads\/2015\/05\/2012-06-27-10.05.29.jpg?resize=600%2C800&amp;ssl=1 600w, https:\/\/i0.wp.com\/www.epasc-ciney.be\/epasc\/wp-content\/uploads\/2015\/05\/2012-06-27-10.05.29.jpg?resize=900%2C1200&amp;ssl=1 900w, https:\/\/i0.wp.com\/www.epasc-ciney.be\/epasc\/wp-content\/uploads\/2015\/05\/2012-06-27-10.05.29.jpg?w=2230&amp;ssl=1 2230w\" sizes=\"auto, (max-width: 500px) 100vw, 500px\" \/><\/a><\/p>\n<p>Cette infrastructure de l'information et de la communication a \u00e9t\u00e9 d\u00e9ploy\u00e9e dans notre \u00e9cole pour r\u00e9pondre aux exigences des nouvelles technologies num\u00e9riques de demain.<br \/>\nDepuis plusieurs ann\u00e9es d\u00e9j\u00e0, notre \u00e9cole est consciente que :<\/p>\n<ul>\n<li>l'informatique est omnipr\u00e9sente dans notre soci\u00e9t\u00e9 et qu'aujourd'hui l'ordinateur est devenu un outil incontournable pour s'informer communiquer et travailler.<\/li>\n<li>que demain il le sera encore davantage pour les nouvelles g\u00e9n\u00e9rations.<\/li>\n<li>que l'accessibilit\u00e9 de TOUS aux technologies num\u00e9riques constitue&nbsp;un enjeu essentiel pour toute soci\u00e9t\u00e9 moderne.<\/li>\n<li>que l'ordinateur est un outil efficace au service de la p\u00e9dagogie au m\u00eame titre que le livre ou le manuel scolaire.<\/li>\n<li>que l'int\u00e9gration de cet outil dans les pratiques d'enseignement doit \u00eatre facilit\u00e9 et encourag\u00e9 par la mise \u00e0 disposition de mat\u00e9riel performant !<\/li>\n<\/ul>\n<p><em>&nbsp;<\/em><em>MATHIEU Alain<br \/>\nD\u00e9l\u00e9gu\u00e9 \u00e0 la gestion du num\u00e9rique \u00e0 l'EPASC<\/em><\/p>\n","protected":false},"excerpt":{"rendered":"<p>LES CYBERCLASSES A L\u2019EPASC A l'heure o\u00f9 les technologies de l'information et de la communication font partie int\u00e9grante de notre vie tant professionnelle...<\/p>\n","protected":false},"author":1,"featured_media":0,"parent":258,"menu_order":21,"comment_status":"open","ping_status":"open","template":"","meta":{"ngg_post_thumbnail":0,"footnotes":""},"class_list":["post-4268","page","type-page","status-publish","hentry"],"aioseo_notices":[],"_links":{"self":[{"href":"https:\/\/www.epasc-ciney.be\/epasc\/wp-json\/wp\/v2\/pages\/4268","targetHints":{"allow":["GET"]}}],"collection":[{"href":"https:\/\/www.epasc-ciney.be\/epasc\/wp-json\/wp\/v2\/pages"}],"about":[{"href":"https:\/\/www.epasc-ciney.be\/epasc\/wp-json\/wp\/v2\/types\/page"}],"author":[{"embeddable":true,"href":"https:\/\/www.epasc-ciney.be\/epasc\/wp-json\/wp\/v2\/users\/1"}],"replies":[{"embeddable":true,"href":"https:\/\/www.epasc-ciney.be\/epasc\/wp-json\/wp\/v2\/comments?post=4268"}],"version-history":[{"count":3,"href":"https:\/\/www.epasc-ciney.be\/epasc\/wp-json\/wp\/v2\/pages\/4268\/revisions"}],"predecessor-version":[{"id":36785,"href":"https:\/\/www.epasc-ciney.be\/epasc\/wp-json\/wp\/v2\/pages\/4268\/revisions\/36785"}],"up":[{"embeddable":true,"href":"https:\/\/www.epasc-ciney.be\/epasc\/wp-json\/wp\/v2\/pages\/258"}],"wp:attachment":[{"href":"https:\/\/www.epasc-ciney.be\/epasc\/wp-json\/wp\/v2\/media?parent=4268"}],"curies":[{"name":"wp","href":"https:\/\/api.w.org\/{rel}","templated":true}]}}