{"id":4,"date":"2012-07-14T07:50:19","date_gmt":"2012-07-14T06:50:19","guid":{"rendered":"http:\/\/www.saintquentin.be\/site\/?page_id=4"},"modified":"2026-03-12T12:54:11","modified_gmt":"2026-03-12T11:54:11","slug":"sciences","status":"publish","type":"page","link":"https:\/\/www.epasc-ciney.be\/epasc\/enseignement\/sciences\/","title":{"rendered":"Techniques de Transition"},"content":{"rendered":"\n<figure class=\"wp-block-image size-full is-resized\"><a href=\"https:\/\/i0.wp.com\/www.epasc-ciney.be\/epasc\/wp-content\/uploads\/2026\/03\/01.jpg?ssl=1\"><img data-recalc-dims=\"1\" loading=\"lazy\" decoding=\"async\" width=\"789\" height=\"788\" src=\"https:\/\/i0.wp.com\/www.epasc-ciney.be\/epasc\/wp-content\/uploads\/2026\/03\/01.jpg?resize=789%2C788&#038;ssl=1\" alt=\"\" class=\"wp-image-37160\" style=\"width:737px;height:auto\" srcset=\"https:\/\/i0.wp.com\/www.epasc-ciney.be\/epasc\/wp-content\/uploads\/2026\/03\/01.jpg?w=789&amp;ssl=1 789w, https:\/\/i0.wp.com\/www.epasc-ciney.be\/epasc\/wp-content\/uploads\/2026\/03\/01.jpg?resize=300%2C300&amp;ssl=1 300w, https:\/\/i0.wp.com\/www.epasc-ciney.be\/epasc\/wp-content\/uploads\/2026\/03\/01.jpg?resize=150%2C150&amp;ssl=1 150w, https:\/\/i0.wp.com\/www.epasc-ciney.be\/epasc\/wp-content\/uploads\/2026\/03\/01.jpg?resize=768%2C767&amp;ssl=1 768w, https:\/\/i0.wp.com\/www.epasc-ciney.be\/epasc\/wp-content\/uploads\/2026\/03\/01.jpg?resize=155%2C155&amp;ssl=1 155w, https:\/\/i0.wp.com\/www.epasc-ciney.be\/epasc\/wp-content\/uploads\/2026\/03\/01.jpg?resize=310%2C310&amp;ssl=1 310w, https:\/\/i0.wp.com\/www.epasc-ciney.be\/epasc\/wp-content\/uploads\/2026\/03\/01.jpg?resize=180%2C180&amp;ssl=1 180w, https:\/\/i0.wp.com\/www.epasc-ciney.be\/epasc\/wp-content\/uploads\/2026\/03\/01.jpg?resize=360%2C360&amp;ssl=1 360w, https:\/\/i0.wp.com\/www.epasc-ciney.be\/epasc\/wp-content\/uploads\/2026\/03\/01.jpg?resize=65%2C65&amp;ssl=1 65w, https:\/\/i0.wp.com\/www.epasc-ciney.be\/epasc\/wp-content\/uploads\/2026\/03\/01.jpg?resize=130%2C130&amp;ssl=1 130w, https:\/\/i0.wp.com\/www.epasc-ciney.be\/epasc\/wp-content\/uploads\/2026\/03\/01.jpg?resize=160%2C160&amp;ssl=1 160w, https:\/\/i0.wp.com\/www.epasc-ciney.be\/epasc\/wp-content\/uploads\/2026\/03\/01.jpg?resize=320%2C320&amp;ssl=1 320w, https:\/\/i0.wp.com\/www.epasc-ciney.be\/epasc\/wp-content\/uploads\/2026\/03\/01.jpg?resize=66%2C66&amp;ssl=1 66w, https:\/\/i0.wp.com\/www.epasc-ciney.be\/epasc\/wp-content\/uploads\/2026\/03\/01.jpg?resize=132%2C132&amp;ssl=1 132w, https:\/\/i0.wp.com\/www.epasc-ciney.be\/epasc\/wp-content\/uploads\/2026\/03\/01.jpg?resize=96%2C96&amp;ssl=1 96w, https:\/\/i0.wp.com\/www.epasc-ciney.be\/epasc\/wp-content\/uploads\/2026\/03\/01.jpg?resize=192%2C192&amp;ssl=1 192w\" sizes=\"auto, (max-width: 789px) 100vw, 789px\" \/><\/a><\/figure>\n\n\n\n<figure class=\"wp-block-image size-full\"><a href=\"https:\/\/i0.wp.com\/www.epasc-ciney.be\/epasc\/wp-content\/uploads\/2026\/03\/02.jpg?ssl=1\"><img data-recalc-dims=\"1\" loading=\"lazy\" decoding=\"async\" width=\"738\" height=\"754\" src=\"https:\/\/i0.wp.com\/www.epasc-ciney.be\/epasc\/wp-content\/uploads\/2026\/03\/02.jpg?resize=738%2C754&#038;ssl=1\" alt=\"\" class=\"wp-image-37161\" srcset=\"https:\/\/i0.wp.com\/www.epasc-ciney.be\/epasc\/wp-content\/uploads\/2026\/03\/02.jpg?w=738&amp;ssl=1 738w, https:\/\/i0.wp.com\/www.epasc-ciney.be\/epasc\/wp-content\/uploads\/2026\/03\/02.jpg?resize=294%2C300&amp;ssl=1 294w, https:\/\/i0.wp.com\/www.epasc-ciney.be\/epasc\/wp-content\/uploads\/2026\/03\/02.jpg?resize=65%2C65&amp;ssl=1 65w, https:\/\/i0.wp.com\/www.epasc-ciney.be\/epasc\/wp-content\/uploads\/2026\/03\/02.jpg?resize=66%2C66&amp;ssl=1 66w\" sizes=\"auto, (max-width: 738px) 100vw, 738px\" \/><\/a><\/figure>\n\n\n\n<figure class=\"wp-block-image size-full is-resized\"><a href=\"https:\/\/i0.wp.com\/www.epasc-ciney.be\/epasc\/wp-content\/uploads\/2026\/03\/03.jpg?ssl=1\"><img data-recalc-dims=\"1\" loading=\"lazy\" decoding=\"async\" width=\"723\" height=\"150\" src=\"https:\/\/i0.wp.com\/www.epasc-ciney.be\/epasc\/wp-content\/uploads\/2026\/03\/03.jpg?resize=723%2C150&#038;ssl=1\" alt=\"\" class=\"wp-image-37162\" style=\"width:737px;height:auto\" srcset=\"https:\/\/i0.wp.com\/www.epasc-ciney.be\/epasc\/wp-content\/uploads\/2026\/03\/03.jpg?w=723&amp;ssl=1 723w, https:\/\/i0.wp.com\/www.epasc-ciney.be\/epasc\/wp-content\/uploads\/2026\/03\/03.jpg?resize=300%2C62&amp;ssl=1 300w\" sizes=\"auto, (max-width: 723px) 100vw, 723px\" \/><\/a><\/figure>\n\n\n\n<figure class=\"wp-block-image size-full is-resized\"><a href=\"https:\/\/i0.wp.com\/www.epasc-ciney.be\/epasc\/wp-content\/uploads\/2026\/03\/04.jpg?ssl=1\"><img data-recalc-dims=\"1\" loading=\"lazy\" decoding=\"async\" width=\"700\" height=\"766\" src=\"https:\/\/i0.wp.com\/www.epasc-ciney.be\/epasc\/wp-content\/uploads\/2026\/03\/04.jpg?resize=700%2C766&#038;ssl=1\" alt=\"\" class=\"wp-image-37163\" style=\"width:746px;height:auto\" srcset=\"https:\/\/i0.wp.com\/www.epasc-ciney.be\/epasc\/wp-content\/uploads\/2026\/03\/04.jpg?w=700&amp;ssl=1 700w, https:\/\/i0.wp.com\/www.epasc-ciney.be\/epasc\/wp-content\/uploads\/2026\/03\/04.jpg?resize=274%2C300&amp;ssl=1 274w\" sizes=\"auto, (max-width: 700px) 100vw, 700px\" \/><\/a><\/figure>\n\n\n\n<h3><span style=\"color: #3366ff;\"><strong>Une journ\u00e9e en 4TTSA en vid\u00e9o...par nos \u00e9l\u00e8ves !<\/strong><\/span><\/h3>\n<div style=\"width: 854px;\" class=\"wp-video\"><video class=\"wp-video-shortcode\" id=\"video-4-1\" width=\"854\" height=\"480\" preload=\"metadata\" controls=\"controls\"><source type=\"video\/mp4\" src=\"https:\/\/www.epasc-ciney.be\/epasc\/wp-content\/uploads\/2024\/06\/Une-journee-en-4TTSA.mp4?_=1\" \/><a href=\"https:\/\/www.epasc-ciney.be\/epasc\/wp-content\/uploads\/2024\/06\/Une-journee-en-4TTSA.mp4\">https:\/\/www.epasc-ciney.be\/epasc\/wp-content\/uploads\/2024\/06\/Une-journee-en-4TTSA.mp4<\/a><\/video><\/div>\n","protected":false},"excerpt":{"rendered":"<p>Une journ\u00e9e en 4TTSA en vid\u00e9o...par nos \u00e9l\u00e8ves !<\/p>\n","protected":false},"author":1,"featured_media":1330,"parent":89,"menu_order":30,"comment_status":"closed","ping_status":"closed","template":"page-onecolumn.php","meta":{"ngg_post_thumbnail":0,"footnotes":""},"class_list":["post-4","page","type-page","status-publish","has-post-thumbnail","hentry"],"aioseo_notices":[],"_links":{"self":[{"href":"https:\/\/www.epasc-ciney.be\/epasc\/wp-json\/wp\/v2\/pages\/4","targetHints":{"allow":["GET"]}}],"collection":[{"href":"https:\/\/www.epasc-ciney.be\/epasc\/wp-json\/wp\/v2\/pages"}],"about":[{"href":"https:\/\/www.epasc-ciney.be\/epasc\/wp-json\/wp\/v2\/types\/page"}],"author":[{"embeddable":true,"href":"https:\/\/www.epasc-ciney.be\/epasc\/wp-json\/wp\/v2\/users\/1"}],"replies":[{"embeddable":true,"href":"https:\/\/www.epasc-ciney.be\/epasc\/wp-json\/wp\/v2\/comments?post=4"}],"version-history":[{"count":23,"href":"https:\/\/www.epasc-ciney.be\/epasc\/wp-json\/wp\/v2\/pages\/4\/revisions"}],"predecessor-version":[{"id":37164,"href":"https:\/\/www.epasc-ciney.be\/epasc\/wp-json\/wp\/v2\/pages\/4\/revisions\/37164"}],"up":[{"embeddable":true,"href":"https:\/\/www.epasc-ciney.be\/epasc\/wp-json\/wp\/v2\/pages\/89"}],"wp:featuredmedia":[{"embeddable":true,"href":"https:\/\/www.epasc-ciney.be\/epasc\/wp-json\/"}],"wp:attachment":[{"href":"https:\/\/www.epasc-ciney.be\/epasc\/wp-json\/wp\/v2\/media?parent=4"}],"curies":[{"name":"wp","href":"https:\/\/api.w.org\/{rel}","templated":true}]}}