{"id":380,"date":"2012-10-03T17:46:50","date_gmt":"2012-10-03T15:46:50","guid":{"rendered":"http:\/\/www.saintquentin.be\/site\/?page_id=380"},"modified":"2015-05-02T12:47:06","modified_gmt":"2015-05-02T11:47:06","slug":"lassociation-royale-des-anciens","status":"publish","type":"page","link":"https:\/\/www.epasc-ciney.be\/epasc\/nos-partenaires\/lassociation-royale-des-anciens\/","title":{"rendered":"L'Association des Anciens"},"content":{"rendered":"<p><strong>D\u00e9couvrez <a title=\"Le site de l'Association des Anciens\" href=\"http:\/\/www.anciensdesaintquentin.be\/site\/\" target=\"_blank\">le tout nouveau site<\/a> de l'Association des Anciens!<\/strong><\/p>\n<p>L\u2019Association des Anciens \u00e9l\u00e8ves des \u00e9coles d\u2019agriculture de Saint Quentin \u00e0 Ciney est n\u00e9e avec les jeunes g\u00e9n\u00e9rations d\u2019\u00e9tudiants dipl\u00f4m\u00e9s. La premi\u00e8re promotion est de 1923 et quelques ann\u00e9es plus tard, dans les ann\u00e9es 1930, notre association naissait, le premier comit\u00e9 se cr\u00e9ait et la premi\u00e8re revue le \u00ab SOC \u00bb \u00e9tait publi\u00e9e. Regroup\u00e9s au sein d\u2019une m\u00eame famille, les anciens du graduat (ISPAC) et les anciens du secondaire (EPASC) poursuivent le m\u00eame objectif : servir les \u00e9tudiants, l\u2019\u00e9cole et sa communaut\u00e9 p\u00e9dagogique. Le 27 mai 1997, l\u2019Association est reconnue Royale (voir photos ci-dessous), et aujourd'hui elle compte plus de trois milles anciennes et anciens r\u00e9pertori\u00e9s, plus 700 cotisants. Un comit\u00e9 de 18 administrateurs se r\u00e9unit chaque mois pour organiser l\u2019association.<\/p>\n<p><img data-recalc-dims=\"1\" loading=\"lazy\" decoding=\"async\" src=\"https:\/\/i0.wp.com\/www.saintquentin.be\/N\/images\/61_Remisedubrevet.jpg?resize=300%2C203\" alt=\"\" width=\"300\" height=\"203\" border=\"1\" \/><a href=\"https:\/\/i0.wp.com\/www.saintquentin.be\/N\/images\/61_BrevetAA.jpg\" target=\"_blank\"><img data-recalc-dims=\"1\" loading=\"lazy\" decoding=\"async\" src=\"https:\/\/i0.wp.com\/www.saintquentin.be\/N\/images\/61_BrevetAA.jpg?resize=166%2C203\" alt=\"\" width=\"166\" height=\"203\" border=\"1\" \/><\/a><\/p>\n<p><strong><em><a href=\"https:\/\/i0.wp.com\/www.saintquentin.be\/site\/wp-content\/uploads\/2012\/10\/ARA_EPASC.png\"><img data-recalc-dims=\"1\" loading=\"lazy\" decoding=\"async\" class=\"alignright size-full wp-image-387\" title=\"ARA_EPASC\" src=\"https:\/\/i0.wp.com\/www.saintquentin.be\/site\/wp-content\/uploads\/2012\/10\/ARA_EPASC.png?resize=233%2C873\" alt=\"\" width=\"233\" height=\"873\" srcset=\"https:\/\/i0.wp.com\/www.epasc-ciney.be\/epasc\/wp-content\/uploads\/2012\/10\/ARA_EPASC.png?w=233&amp;ssl=1 233w, https:\/\/i0.wp.com\/www.epasc-ciney.be\/epasc\/wp-content\/uploads\/2012\/10\/ARA_EPASC.png?resize=80%2C300&amp;ssl=1 80w\" sizes=\"auto, (max-width: 233px) 100vw, 233px\" \/><\/a>Objectifs g\u00e9n\u00e9raux<\/em><\/strong><\/p>\n<p>\u2022 Soutenir l\u2019activit\u00e9 p\u00e9dagogique de l\u2019\u00e9cole et sa promotion.<br \/>\n\u2022 Contribuer concr\u00e8tement dans certains projets p\u00e9dagogiques de l\u2019\u00e9cole :<br \/>\n\u2022 Participation financi\u00e8re dans l\u2019achat d\u2019\u00e9quipement ou de mat\u00e9riel<br \/>\n\u2022 Organisation de l\u2019 \u00abOp\u00e9ration Carri\u00e8re\u00bb destin\u00e9e \u00e0 orienter les finalistes<br \/>\n\u2022 Promouvoir, par le prix \u00abTh\u00e8se\u00bb, des travaux d\u2019\u00e9l\u00e8ves ou \u00e9tudiants<br \/>\n\u2022 Aider les anciens \u00e0 la recherche d\u2019un emploi<br \/>\n\u2022 Informer par la publication de la revue trimestrielle des Anciens appel\u00e9e le \u00ab SOC \u00bb et l\u2019annuaire des anciens.<br \/>\n\u2022 R\u00e9unir les Anciens soit \u00e0 l\u2019occasion du d\u00eener de la Saint Eloi pr\u00e9c\u00e9d\u00e9 de l\u2019Assembl\u00e9e G\u00e9n\u00e9rale, soit lors de la journ\u00e9e Portes Ouvertes de Saint Quentin.<br \/>\n\u2022 Entretenir et d\u00e9velopper un esprit convivial de \u00abgrande famille\u00bb<\/p>\n<h2>Activit\u00e9s principales<\/h2>\n<p>\u2022 Organisation de l\u2019Association des Anciens et du d\u00eener de Saint Eloi le dernier samedi de novembre.<br \/>\n\u2022 Accueillir les anciens le jour de la journ\u00e9e \u00abPortes Ouvertes\u00bb et tenue du barbecue<br \/>\n\u2022 Organisation de la journ\u00e9e \u00abOp\u00e9ration Carri\u00e8re\u00bb destin\u00e9e aux finalistes de l\u2019\u00e9cole. Elle regroupe les classes terminales autour de nombreuses personnes ressources qui les informent sur les orientations futures possibles.<br \/>\n\u2022 Attribuer le prix Th\u00e8se aux \u00e9tudiants des ann\u00e9es terminales qui ont le mieux d\u00e9fendu, devant un jury d\u2019anciens, un travail libre relatif \u00e0 l\u2019agronomie ou les sciences du vivant.<br \/>\n\u2022 Publication de la revue \u00abLe SOC\u00bb<br \/>\n\u2022 D\u00e9velopper l\u2019historique de l\u2019\u00e9cole : publication, constitution d\u2019archives et conservation de photos.<br \/>\n\u2022 Participation financi\u00e8re \u00e0 des projets p\u00e9dagogiques (achat mat\u00e9riel, \u00e9quipement\u2026)<\/p>\n","protected":false},"excerpt":{"rendered":"<p>D\u00e9couvrez le tout nouveau site de l'Association des Anciens! L\u2019Association des Anciens \u00e9l\u00e8ves des \u00e9coles d\u2019agriculture de Saint Quentin \u00e0 Ciney est n\u00e9e...<\/p>\n","protected":false},"author":1,"featured_media":2172,"parent":95,"menu_order":15,"comment_status":"closed","ping_status":"closed","template":"","meta":{"ngg_post_thumbnail":0,"footnotes":""},"class_list":["post-380","page","type-page","status-publish","has-post-thumbnail","hentry"],"aioseo_notices":[],"_links":{"self":[{"href":"https:\/\/www.epasc-ciney.be\/epasc\/wp-json\/wp\/v2\/pages\/380","targetHints":{"allow":["GET"]}}],"collection":[{"href":"https:\/\/www.epasc-ciney.be\/epasc\/wp-json\/wp\/v2\/pages"}],"about":[{"href":"https:\/\/www.epasc-ciney.be\/epasc\/wp-json\/wp\/v2\/types\/page"}],"author":[{"embeddable":true,"href":"https:\/\/www.epasc-ciney.be\/epasc\/wp-json\/wp\/v2\/users\/1"}],"replies":[{"embeddable":true,"href":"https:\/\/www.epasc-ciney.be\/epasc\/wp-json\/wp\/v2\/comments?post=380"}],"version-history":[{"count":0,"href":"https:\/\/www.epasc-ciney.be\/epasc\/wp-json\/wp\/v2\/pages\/380\/revisions"}],"up":[{"embeddable":true,"href":"https:\/\/www.epasc-ciney.be\/epasc\/wp-json\/wp\/v2\/pages\/95"}],"wp:featuredmedia":[{"embeddable":true,"href":"https:\/\/www.epasc-ciney.be\/epasc\/wp-json\/wp\/v2\/media\/2172"}],"wp:attachment":[{"href":"https:\/\/www.epasc-ciney.be\/epasc\/wp-json\/wp\/v2\/media?parent=380"}],"curies":[{"name":"wp","href":"https:\/\/api.w.org\/{rel}","templated":true}]}}