{"id":378,"date":"2012-10-03T17:45:58","date_gmt":"2012-10-03T15:45:58","guid":{"rendered":"http:\/\/www.saintquentin.be\/site\/?page_id=378"},"modified":"2015-05-02T12:48:39","modified_gmt":"2015-05-02T11:48:39","slug":"lassociation-des-parents","status":"publish","type":"page","link":"https:\/\/www.epasc-ciney.be\/epasc\/nos-partenaires\/lassociation-des-parents\/","title":{"rendered":"L'Association des Parents"},"content":{"rendered":"<p><strong><a href=\"https:\/\/i0.wp.com\/www.saintquentin.be\/site\/wp-content\/uploads\/2012\/10\/62_Parents.jpg\"><img data-recalc-dims=\"1\" loading=\"lazy\" decoding=\"async\" class=\"alignright size-full wp-image-874\" title=\"62_Parents\" src=\"https:\/\/i0.wp.com\/www.saintquentin.be\/site\/wp-content\/uploads\/2012\/10\/62_Parents.jpg?resize=197%2C430\" alt=\"\" width=\"197\" height=\"430\" \/><\/a>G\u00e9n\u00e9ralit\u00e9s<\/strong><\/p>\n<p>Fond\u00e9e en 1979, l\u2019association des parents a son si\u00e8ge \u00e0 l\u2019EPASC. Le bureau de l\u2019association des parents se compose de parents d\u00e9l\u00e9gu\u00e9s, du directeur et du secr\u00e9taire (pr\u00e9fet de discipline).<\/p>\n<p><strong>Objectifs<\/strong><\/p>\n<p>Le but de l\u2019Association de parents est principalement d\u2019\u00eatre attentif aux besoins, demandes et pr\u00e9occupations des parents et des \u00e9l\u00e8ves.<br \/>\nElle contribue \u00e0 la promotion des projets p\u00e9dagogiques et \u00e9ducatifs de l\u2019\u00e9tablissement.<br \/>\nElle contribue \u00e0 entretenir une bonne relation Parents \u2013 El\u00e8ves \u2013 Ecole<\/p>\n<p><strong>Activit\u00e9s<\/strong><\/p>\n<p>\u2022 Participation \u00e0 l\u2019accueil des \u00e9l\u00e8ves et parents de 1\u00e8re ann\u00e9e en d\u00e9but d\u2019ann\u00e9e scolaire.<br \/>\n\u2022 Organisation d\u2019une r\u00e9union d\u2019information relative \u00e0 l\u2019\u00e9ducation, la p\u00e9dagogie,\u2026<br \/>\n\u2022 Co-organisation de la Journ\u00e9e Portes Ouvertes en collaboration avec le personnel de l\u2019\u00e9cole.<br \/>\n\u2022 Organisation du souper de l\u2019Association des Parents<br \/>\n\u2022 Financement de mat\u00e9riel ou \u00e9quipement pour l\u2019\u00e9cole suivant les demandes de la Direction et du corps professoral.<\/p>\n","protected":false},"excerpt":{"rendered":"<p>G\u00e9n\u00e9ralit\u00e9s Fond\u00e9e en 1979, l\u2019association des parents a son si\u00e8ge \u00e0 l\u2019EPASC. Le bureau de l\u2019association des parents se compose de parents d\u00e9l\u00e9gu\u00e9s,...<\/p>\n","protected":false},"author":1,"featured_media":2177,"parent":95,"menu_order":15,"comment_status":"closed","ping_status":"closed","template":"","meta":{"ngg_post_thumbnail":0,"footnotes":""},"class_list":["post-378","page","type-page","status-publish","has-post-thumbnail","hentry"],"aioseo_notices":[],"_links":{"self":[{"href":"https:\/\/www.epasc-ciney.be\/epasc\/wp-json\/wp\/v2\/pages\/378","targetHints":{"allow":["GET"]}}],"collection":[{"href":"https:\/\/www.epasc-ciney.be\/epasc\/wp-json\/wp\/v2\/pages"}],"about":[{"href":"https:\/\/www.epasc-ciney.be\/epasc\/wp-json\/wp\/v2\/types\/page"}],"author":[{"embeddable":true,"href":"https:\/\/www.epasc-ciney.be\/epasc\/wp-json\/wp\/v2\/users\/1"}],"replies":[{"embeddable":true,"href":"https:\/\/www.epasc-ciney.be\/epasc\/wp-json\/wp\/v2\/comments?post=378"}],"version-history":[{"count":0,"href":"https:\/\/www.epasc-ciney.be\/epasc\/wp-json\/wp\/v2\/pages\/378\/revisions"}],"up":[{"embeddable":true,"href":"https:\/\/www.epasc-ciney.be\/epasc\/wp-json\/wp\/v2\/pages\/95"}],"wp:featuredmedia":[{"embeddable":true,"href":"https:\/\/www.epasc-ciney.be\/epasc\/wp-json\/wp\/v2\/media\/2177"}],"wp:attachment":[{"href":"https:\/\/www.epasc-ciney.be\/epasc\/wp-json\/wp\/v2\/media?parent=378"}],"curies":[{"name":"wp","href":"https:\/\/api.w.org\/{rel}","templated":true}]}}