{"id":36392,"date":"2024-02-23T17:23:32","date_gmt":"2024-02-23T16:23:32","guid":{"rendered":"https:\/\/www.epasc-ciney.be\/epasc\/?page_id=36392"},"modified":"2025-12-23T18:46:54","modified_gmt":"2025-12-23T17:46:54","slug":"inscriptions-en-1ere-et-2eme-annee","status":"publish","type":"page","link":"https:\/\/www.epasc-ciney.be\/epasc\/inscriptions-en-1ere-et-2eme-annee\/","title":{"rendered":"Inscriptions en 1\u00e8re et 2\u00e8me ann\u00e9e"},"content":{"rendered":"\n<figure class=\"wp-block-image size-full is-resized\"><a href=\"https:\/\/i0.wp.com\/www.epasc-ciney.be\/epasc\/wp-content\/uploads\/2024\/12\/Decouverte-1er-degre.jpg?ssl=1\"><img data-recalc-dims=\"1\" loading=\"lazy\" decoding=\"async\" width=\"839\" height=\"258\" src=\"https:\/\/i0.wp.com\/www.epasc-ciney.be\/epasc\/wp-content\/uploads\/2024\/12\/Decouverte-1er-degre.jpg?resize=839%2C258&#038;ssl=1\" alt=\"\" class=\"wp-image-36825\" style=\"width:500px;height:auto\" srcset=\"https:\/\/i0.wp.com\/www.epasc-ciney.be\/epasc\/wp-content\/uploads\/2024\/12\/Decouverte-1er-degre.jpg?w=839&amp;ssl=1 839w, https:\/\/i0.wp.com\/www.epasc-ciney.be\/epasc\/wp-content\/uploads\/2024\/12\/Decouverte-1er-degre.jpg?resize=300%2C92&amp;ssl=1 300w, https:\/\/i0.wp.com\/www.epasc-ciney.be\/epasc\/wp-content\/uploads\/2024\/12\/Decouverte-1er-degre.jpg?resize=768%2C236&amp;ssl=1 768w\" sizes=\"auto, (max-width: 839px) 100vw, 839px\" \/><\/a><\/figure>\n\n\n\n<figure class=\"wp-block-image size-full\"><a href=\"https:\/\/www.epasc-ciney.be\/Notrecole\/1er_Degre_FolderInscription.pdf\"><img data-recalc-dims=\"1\" loading=\"lazy\" decoding=\"async\" width=\"947\" height=\"648\" src=\"https:\/\/i0.wp.com\/www.epasc-ciney.be\/epasc\/wp-content\/uploads\/2025\/12\/Folder_MAA_P01.jpg?resize=947%2C648&#038;ssl=1\" alt=\"\" class=\"wp-image-37022\" srcset=\"https:\/\/i0.wp.com\/www.epasc-ciney.be\/epasc\/wp-content\/uploads\/2025\/12\/Folder_MAA_P01.jpg?w=947&amp;ssl=1 947w, https:\/\/i0.wp.com\/www.epasc-ciney.be\/epasc\/wp-content\/uploads\/2025\/12\/Folder_MAA_P01.jpg?resize=300%2C205&amp;ssl=1 300w, https:\/\/i0.wp.com\/www.epasc-ciney.be\/epasc\/wp-content\/uploads\/2025\/12\/Folder_MAA_P01.jpg?resize=768%2C526&amp;ssl=1 768w\" sizes=\"auto, (max-width: 947px) 100vw, 947px\" \/><\/a><\/figure>\n\n\n\n<figure class=\"wp-block-image size-full\"><a href=\"https:\/\/www.epasc-ciney.be\/Notrecole\/1er_Degre_FolderInscription.pdf\"><img data-recalc-dims=\"1\" loading=\"lazy\" decoding=\"async\" width=\"990\" height=\"617\" src=\"https:\/\/i0.wp.com\/www.epasc-ciney.be\/epasc\/wp-content\/uploads\/2025\/12\/Folder_MAA_P02.jpg?resize=990%2C617&#038;ssl=1\" alt=\"\" class=\"wp-image-37024\" srcset=\"https:\/\/i0.wp.com\/www.epasc-ciney.be\/epasc\/wp-content\/uploads\/2025\/12\/Folder_MAA_P02.jpg?w=990&amp;ssl=1 990w, https:\/\/i0.wp.com\/www.epasc-ciney.be\/epasc\/wp-content\/uploads\/2025\/12\/Folder_MAA_P02.jpg?resize=300%2C187&amp;ssl=1 300w, https:\/\/i0.wp.com\/www.epasc-ciney.be\/epasc\/wp-content\/uploads\/2025\/12\/Folder_MAA_P02.jpg?resize=768%2C479&amp;ssl=1 768w\" sizes=\"auto, (max-width: 990px) 100vw, 990px\" \/><\/a><\/figure>\n\n\n\n<p><strong><span class=\"tadv-color\"><span style=\"color: #ff00ff;\"><span style=\"color: #339966;\"><em>Pour plus de lisibilit\u00e9, tu peux \u00e9galement visionner notre publication au format PDF<\/em><\/span> <a href=\"https:\/\/www.epasc-ciney.be\/Notrecole\/1er_Degre_FolderInscription.pdf\" target=\"_blank\" rel=\"noopener\" data-wplink-url-error=\"true\"><span style=\"color: #3366ff;\">en cliquant ICI<\/span><\/a><br><br><\/span><\/span><\/strong><\/p>\n\n\n\n<h3><span style=\"color: #339966;\"><em><strong><span class=\"tadv-color\"><span style=\"color: #ff00ff;\">Apr\u00e8s ces informations, si tu d\u00e9sires t'inscrire en 1\u00e8re ou 2\u00e8me ann\u00e9e...<\/span><a href=\"https:\/\/www.epasc-ciney.be\/epasc\/enseignement\/premier-degre\/\">clique ICI<\/a><\/span><\/strong><br><\/em><\/span><\/h3>\n\n\n","protected":false},"excerpt":{"rendered":"<p>Pour plus de lisibilit\u00e9, tu peux \u00e9galement visionner notre publication au format PDF en cliquant ICI Apr\u00e8s ces informations, si tu d\u00e9sires t'inscrire...<\/p>\n","protected":false},"author":2,"featured_media":0,"parent":0,"menu_order":0,"comment_status":"closed","ping_status":"closed","template":"page-onecolumn.php","meta":{"ngg_post_thumbnail":0,"footnotes":""},"class_list":["post-36392","page","type-page","status-publish","hentry"],"aioseo_notices":[],"_links":{"self":[{"href":"https:\/\/www.epasc-ciney.be\/epasc\/wp-json\/wp\/v2\/pages\/36392","targetHints":{"allow":["GET"]}}],"collection":[{"href":"https:\/\/www.epasc-ciney.be\/epasc\/wp-json\/wp\/v2\/pages"}],"about":[{"href":"https:\/\/www.epasc-ciney.be\/epasc\/wp-json\/wp\/v2\/types\/page"}],"author":[{"embeddable":true,"href":"https:\/\/www.epasc-ciney.be\/epasc\/wp-json\/wp\/v2\/users\/2"}],"replies":[{"embeddable":true,"href":"https:\/\/www.epasc-ciney.be\/epasc\/wp-json\/wp\/v2\/comments?post=36392"}],"version-history":[{"count":16,"href":"https:\/\/www.epasc-ciney.be\/epasc\/wp-json\/wp\/v2\/pages\/36392\/revisions"}],"predecessor-version":[{"id":37071,"href":"https:\/\/www.epasc-ciney.be\/epasc\/wp-json\/wp\/v2\/pages\/36392\/revisions\/37071"}],"wp:attachment":[{"href":"https:\/\/www.epasc-ciney.be\/epasc\/wp-json\/wp\/v2\/media?parent=36392"}],"curies":[{"name":"wp","href":"https:\/\/api.w.org\/{rel}","templated":true}]}}