{"id":36243,"date":"2023-04-07T12:57:45","date_gmt":"2023-04-07T10:57:45","guid":{"rendered":"https:\/\/www.epasc-ciney.be\/epasc\/?page_id=36243"},"modified":"2026-03-20T14:43:33","modified_gmt":"2026-03-20T13:43:33","slug":"filiere-professionnelle-horticole","status":"publish","type":"page","link":"https:\/\/www.epasc-ciney.be\/epasc\/enseignement\/options-professionnelles\/filiere-professionnelle-horticole\/","title":{"rendered":"Ouvrier qualifi\u00e9 en horticulture - d\u00e8s la 4\u00e8 ann\u00e9e"},"content":{"rendered":"\n<figure class=\"wp-block-image size-full\"><a href=\"https:\/\/i0.wp.com\/www.epasc-ciney.be\/epasc\/wp-content\/uploads\/2026\/03\/4PH-01.jpg?ssl=1\"><img data-recalc-dims=\"1\" loading=\"lazy\" decoding=\"async\" width=\"870\" height=\"872\" src=\"https:\/\/i0.wp.com\/www.epasc-ciney.be\/epasc\/wp-content\/uploads\/2026\/03\/4PH-01.jpg?resize=870%2C872&#038;ssl=1\" alt=\"\" class=\"wp-image-37226\" srcset=\"https:\/\/i0.wp.com\/www.epasc-ciney.be\/epasc\/wp-content\/uploads\/2026\/03\/4PH-01.jpg?w=870&amp;ssl=1 870w, https:\/\/i0.wp.com\/www.epasc-ciney.be\/epasc\/wp-content\/uploads\/2026\/03\/4PH-01.jpg?resize=300%2C300&amp;ssl=1 300w, https:\/\/i0.wp.com\/www.epasc-ciney.be\/epasc\/wp-content\/uploads\/2026\/03\/4PH-01.jpg?resize=150%2C150&amp;ssl=1 150w, https:\/\/i0.wp.com\/www.epasc-ciney.be\/epasc\/wp-content\/uploads\/2026\/03\/4PH-01.jpg?resize=768%2C770&amp;ssl=1 768w, https:\/\/i0.wp.com\/www.epasc-ciney.be\/epasc\/wp-content\/uploads\/2026\/03\/4PH-01.jpg?resize=155%2C155&amp;ssl=1 155w, https:\/\/i0.wp.com\/www.epasc-ciney.be\/epasc\/wp-content\/uploads\/2026\/03\/4PH-01.jpg?resize=310%2C310&amp;ssl=1 310w, https:\/\/i0.wp.com\/www.epasc-ciney.be\/epasc\/wp-content\/uploads\/2026\/03\/4PH-01.jpg?resize=180%2C180&amp;ssl=1 180w, https:\/\/i0.wp.com\/www.epasc-ciney.be\/epasc\/wp-content\/uploads\/2026\/03\/4PH-01.jpg?resize=360%2C360&amp;ssl=1 360w, https:\/\/i0.wp.com\/www.epasc-ciney.be\/epasc\/wp-content\/uploads\/2026\/03\/4PH-01.jpg?resize=65%2C65&amp;ssl=1 65w, https:\/\/i0.wp.com\/www.epasc-ciney.be\/epasc\/wp-content\/uploads\/2026\/03\/4PH-01.jpg?resize=130%2C130&amp;ssl=1 130w, https:\/\/i0.wp.com\/www.epasc-ciney.be\/epasc\/wp-content\/uploads\/2026\/03\/4PH-01.jpg?resize=160%2C160&amp;ssl=1 160w, https:\/\/i0.wp.com\/www.epasc-ciney.be\/epasc\/wp-content\/uploads\/2026\/03\/4PH-01.jpg?resize=320%2C320&amp;ssl=1 320w, https:\/\/i0.wp.com\/www.epasc-ciney.be\/epasc\/wp-content\/uploads\/2026\/03\/4PH-01.jpg?resize=66%2C66&amp;ssl=1 66w, https:\/\/i0.wp.com\/www.epasc-ciney.be\/epasc\/wp-content\/uploads\/2026\/03\/4PH-01.jpg?resize=132%2C132&amp;ssl=1 132w, https:\/\/i0.wp.com\/www.epasc-ciney.be\/epasc\/wp-content\/uploads\/2026\/03\/4PH-01.jpg?resize=96%2C96&amp;ssl=1 96w, https:\/\/i0.wp.com\/www.epasc-ciney.be\/epasc\/wp-content\/uploads\/2026\/03\/4PH-01.jpg?resize=192%2C192&amp;ssl=1 192w\" sizes=\"auto, (max-width: 870px) 100vw, 870px\" \/><\/a><\/figure>\n\n\n\n<figure class=\"wp-block-image size-full\"><a href=\"https:\/\/i0.wp.com\/www.epasc-ciney.be\/epasc\/wp-content\/uploads\/2026\/03\/4PH-02.jpg?ssl=1\"><img data-recalc-dims=\"1\" loading=\"lazy\" decoding=\"async\" width=\"854\" height=\"347\" src=\"https:\/\/i0.wp.com\/www.epasc-ciney.be\/epasc\/wp-content\/uploads\/2026\/03\/4PH-02.jpg?resize=854%2C347&#038;ssl=1\" alt=\"\" class=\"wp-image-37227\" srcset=\"https:\/\/i0.wp.com\/www.epasc-ciney.be\/epasc\/wp-content\/uploads\/2026\/03\/4PH-02.jpg?w=854&amp;ssl=1 854w, https:\/\/i0.wp.com\/www.epasc-ciney.be\/epasc\/wp-content\/uploads\/2026\/03\/4PH-02.jpg?resize=300%2C122&amp;ssl=1 300w, https:\/\/i0.wp.com\/www.epasc-ciney.be\/epasc\/wp-content\/uploads\/2026\/03\/4PH-02.jpg?resize=768%2C312&amp;ssl=1 768w\" sizes=\"auto, (max-width: 854px) 100vw, 854px\" \/><\/a><\/figure>\n\n\n\n<p><strong><em>En 4<\/em><\/strong><strong><em><sup>\u00e8me <\/sup><\/em><\/strong><strong><em>ann\u00e9e<\/em><\/strong>&nbsp;<\/p>\n<p>Les \u00e9l\u00e8ves entament la formation d\u2019ouvrier en horticulture. Cette formation est dispens\u00e9e sur 3 ann\u00e9es.<\/p>\n<p><u>Deux sites&nbsp;sont enti\u00e8rement d\u00e9di\u00e9s aux apprentissages pratiques et th\u00e9oriques&nbsp;:<\/u><\/p>\n<ul>\n<li>Le premier, le site de l\u2019EPASC&nbsp;: au c\u0153ur du domaine de Saint-Quentin<\/li>\n<li>Le second, le site de Jambes&nbsp;: un terrain d\u2019application sp\u00e9cifique de 3 ha<\/li>\n<\/ul>\n<p>Nos installations sont compl\u00e9mentaires. Elles comportent tout le mat\u00e9riel et l\u2019\u00e9quipement n\u00e9cessaire \u00e0 la formation dans les domaines suivants&nbsp;:<\/p>\n<ul>\n<li>L\u2019am\u00e9nagement des jardins et des espaces verts,<\/li>\n<li>Les productions mara\u00eech\u00e8res,<\/li>\n<li>Les productions de p\u00e9pini\u00e8res,<\/li>\n<li>Les cultures florales et ornementales,<\/li>\n<li>L\u2019arboriculture fruiti\u00e8re.<\/li>\n<\/ul>\n<p>Des mises en situation concr\u00e8tes permettent aux apprenants de se situer, de se corriger, de s\u2019am\u00e9liorer, d\u2019\u00e9voluer en confiance.&nbsp;&nbsp;<\/p>\n<p>Les stages en entreprises immergent les \u00e9tudiants dans leur choix de formation, ils permettent d\u2019acqu\u00e9rir l\u2019autonomie n\u00e9cessaire pour \u00e9voluer dans la vie active.&nbsp;<\/p>\n<p><strong>Au terme de la&nbsp; 6<sup>\u00e8me<\/sup> ann\u00e9e<\/strong>\u202f:&nbsp;<\/p>\n<ul>\n<li>Le certificat de qualification est d\u00e9livr\u00e9 aux \u00e9l\u00e8ves qui ont obtenu l\u2019ensemble des attestations de validation et qui ont r\u00e9alis\u00e9 leurs stages en entreprise.<\/li>\n<li>Le certificat d\u2019\u00e9tudes de 6<sup>i\u00e8me<\/sup> ann\u00e9e de l\u2019enseignement secondaire professionnel (CE6P) est d\u00e9livr\u00e9 aux \u00e9l\u00e8ves qui ont satisfait \u00e0 l\u2019ensemble de la formation.<\/li>\n<\/ul>\n<p>En d\u2019autres termes, la fili\u00e8re professionnelle (4-5 et 6P) permet \u00e0 nos \u00e9l\u00e8ves d\u2019\u00eatre pr\u00e9par\u00e9s aux exigences d\u2019un m\u00e9tier complexe ou la polyvalence et l\u2019adaptation sont capitales.<\/p>\n<p>En effet, l'ouvrier horticole participe aux diff\u00e9rents travaux en maitrisant les gestes techniques propres aux diverses op\u00e9rations qu\u2019il doit effectuer. Il assure la maintenance et l\u2019entretien des machines et des outils horticoles. Il doit \u00eatre autonome et polyvalent.&nbsp; Il est \u00e9galement&nbsp; amen\u00e9 \u202f\u00e0 utiliser l\u2019outil informatique et les nouvelles technologies.&nbsp;<\/p>\n\n\n\n<figure class=\"wp-block-image size-full\"><a href=\"https:\/\/i0.wp.com\/www.epasc-ciney.be\/epasc\/wp-content\/uploads\/2026\/03\/4PH-03.jpg?ssl=1\"><img data-recalc-dims=\"1\" loading=\"lazy\" decoding=\"async\" width=\"873\" height=\"413\" src=\"https:\/\/i0.wp.com\/www.epasc-ciney.be\/epasc\/wp-content\/uploads\/2026\/03\/4PH-03.jpg?resize=873%2C413&#038;ssl=1\" alt=\"\" class=\"wp-image-37228\" srcset=\"https:\/\/i0.wp.com\/www.epasc-ciney.be\/epasc\/wp-content\/uploads\/2026\/03\/4PH-03.jpg?w=873&amp;ssl=1 873w, https:\/\/i0.wp.com\/www.epasc-ciney.be\/epasc\/wp-content\/uploads\/2026\/03\/4PH-03.jpg?resize=300%2C142&amp;ssl=1 300w, https:\/\/i0.wp.com\/www.epasc-ciney.be\/epasc\/wp-content\/uploads\/2026\/03\/4PH-03.jpg?resize=768%2C363&amp;ssl=1 768w\" sizes=\"auto, (max-width: 873px) 100vw, 873px\" \/><\/a><\/figure>\n\n\n\n<figure class=\"wp-block-image size-full\"><a href=\"https:\/\/i0.wp.com\/www.epasc-ciney.be\/epasc\/wp-content\/uploads\/2026\/03\/4PH-04.jpg?ssl=1\"><img data-recalc-dims=\"1\" loading=\"lazy\" decoding=\"async\" width=\"864\" height=\"270\" src=\"https:\/\/i0.wp.com\/www.epasc-ciney.be\/epasc\/wp-content\/uploads\/2026\/03\/4PH-04.jpg?resize=864%2C270&#038;ssl=1\" alt=\"\" class=\"wp-image-37229\" srcset=\"https:\/\/i0.wp.com\/www.epasc-ciney.be\/epasc\/wp-content\/uploads\/2026\/03\/4PH-04.jpg?w=864&amp;ssl=1 864w, https:\/\/i0.wp.com\/www.epasc-ciney.be\/epasc\/wp-content\/uploads\/2026\/03\/4PH-04.jpg?resize=300%2C94&amp;ssl=1 300w, https:\/\/i0.wp.com\/www.epasc-ciney.be\/epasc\/wp-content\/uploads\/2026\/03\/4PH-04.jpg?resize=768%2C240&amp;ssl=1 768w\" sizes=\"auto, (max-width: 864px) 100vw, 864px\" \/><\/a><\/figure>\n\n\n\n<h3><span style=\"color: #0000ff;\"><strong>Section en photos et en vid\u00e9o<br><\/strong><\/span><\/h3>\n\n\n\n<figure class=\"wp-block-image size-large is-resized\"><a href=\"https:\/\/i0.wp.com\/www.epasc-ciney.be\/epasc\/wp-content\/uploads\/2023\/04\/Horticole-01.jpg?ssl=1\"><img data-recalc-dims=\"1\" loading=\"lazy\" decoding=\"async\" width=\"1024\" height=\"350\" src=\"https:\/\/i0.wp.com\/www.epasc-ciney.be\/epasc\/wp-content\/uploads\/2023\/04\/Horticole-01.jpg?resize=1024%2C350&#038;ssl=1\" alt=\"\" class=\"wp-image-36279\" style=\"width:907px;height:310px\" srcset=\"https:\/\/i0.wp.com\/www.epasc-ciney.be\/epasc\/wp-content\/uploads\/2023\/04\/Horticole-01.jpg?resize=1024%2C350&amp;ssl=1 1024w, https:\/\/i0.wp.com\/www.epasc-ciney.be\/epasc\/wp-content\/uploads\/2023\/04\/Horticole-01.jpg?resize=300%2C103&amp;ssl=1 300w, https:\/\/i0.wp.com\/www.epasc-ciney.be\/epasc\/wp-content\/uploads\/2023\/04\/Horticole-01.jpg?resize=768%2C263&amp;ssl=1 768w, https:\/\/i0.wp.com\/www.epasc-ciney.be\/epasc\/wp-content\/uploads\/2023\/04\/Horticole-01.jpg?resize=1536%2C526&amp;ssl=1 1536w, https:\/\/i0.wp.com\/www.epasc-ciney.be\/epasc\/wp-content\/uploads\/2023\/04\/Horticole-01.jpg?w=1759&amp;ssl=1 1759w\" sizes=\"auto, (max-width: 1024px) 100vw, 1024px\" \/><\/a><\/figure>\n\n\n\n<figure class=\"wp-block-image size-large is-resized\"><a href=\"https:\/\/i0.wp.com\/www.epasc-ciney.be\/epasc\/wp-content\/uploads\/2023\/04\/Horticole-02.jpg?ssl=1\"><img data-recalc-dims=\"1\" loading=\"lazy\" decoding=\"async\" width=\"1024\" height=\"388\" src=\"https:\/\/i0.wp.com\/www.epasc-ciney.be\/epasc\/wp-content\/uploads\/2023\/04\/Horticole-02.jpg?resize=1024%2C388&#038;ssl=1\" alt=\"\" class=\"wp-image-36280\" style=\"width:904px;height:342px\" srcset=\"https:\/\/i0.wp.com\/www.epasc-ciney.be\/epasc\/wp-content\/uploads\/2023\/04\/Horticole-02.jpg?resize=1024%2C388&amp;ssl=1 1024w, https:\/\/i0.wp.com\/www.epasc-ciney.be\/epasc\/wp-content\/uploads\/2023\/04\/Horticole-02.jpg?resize=300%2C114&amp;ssl=1 300w, https:\/\/i0.wp.com\/www.epasc-ciney.be\/epasc\/wp-content\/uploads\/2023\/04\/Horticole-02.jpg?resize=768%2C291&amp;ssl=1 768w, https:\/\/i0.wp.com\/www.epasc-ciney.be\/epasc\/wp-content\/uploads\/2023\/04\/Horticole-02.jpg?resize=1536%2C582&amp;ssl=1 1536w, https:\/\/i0.wp.com\/www.epasc-ciney.be\/epasc\/wp-content\/uploads\/2023\/04\/Horticole-02.jpg?w=1772&amp;ssl=1 1772w\" sizes=\"auto, (max-width: 1024px) 100vw, 1024px\" \/><\/a><\/figure>\n\n\n\n<figure class=\"wp-block-image size-large is-resized\"><a href=\"https:\/\/i0.wp.com\/www.epasc-ciney.be\/epasc\/wp-content\/uploads\/2023\/04\/Horticole-03.jpg?ssl=1\"><img data-recalc-dims=\"1\" loading=\"lazy\" decoding=\"async\" width=\"1024\" height=\"645\" src=\"https:\/\/i0.wp.com\/www.epasc-ciney.be\/epasc\/wp-content\/uploads\/2023\/04\/Horticole-03.jpg?resize=1024%2C645&#038;ssl=1\" alt=\"\" class=\"wp-image-36281\" style=\"width:900px;height:567px\" srcset=\"https:\/\/i0.wp.com\/www.epasc-ciney.be\/epasc\/wp-content\/uploads\/2023\/04\/Horticole-03.jpg?resize=1024%2C645&amp;ssl=1 1024w, https:\/\/i0.wp.com\/www.epasc-ciney.be\/epasc\/wp-content\/uploads\/2023\/04\/Horticole-03.jpg?resize=300%2C189&amp;ssl=1 300w, https:\/\/i0.wp.com\/www.epasc-ciney.be\/epasc\/wp-content\/uploads\/2023\/04\/Horticole-03.jpg?resize=768%2C484&amp;ssl=1 768w, https:\/\/i0.wp.com\/www.epasc-ciney.be\/epasc\/wp-content\/uploads\/2023\/04\/Horticole-03.jpg?resize=1536%2C968&amp;ssl=1 1536w, https:\/\/i0.wp.com\/www.epasc-ciney.be\/epasc\/wp-content\/uploads\/2023\/04\/Horticole-03.jpg?w=1852&amp;ssl=1 1852w\" sizes=\"auto, (max-width: 1024px) 100vw, 1024px\" \/><\/a><\/figure>\n\n\n\n<figure class=\"wp-block-image size-full is-resized\"><a href=\"https:\/\/i0.wp.com\/www.epasc-ciney.be\/epasc\/wp-content\/uploads\/2026\/03\/4PH-05.jpg?ssl=1\"><img data-recalc-dims=\"1\" loading=\"lazy\" decoding=\"async\" width=\"734\" height=\"802\" src=\"https:\/\/i0.wp.com\/www.epasc-ciney.be\/epasc\/wp-content\/uploads\/2026\/03\/4PH-05.jpg?resize=734%2C802&#038;ssl=1\" alt=\"\" class=\"wp-image-37230\" style=\"aspect-ratio:0.9152280340118526;width:834px;height:auto\" srcset=\"https:\/\/i0.wp.com\/www.epasc-ciney.be\/epasc\/wp-content\/uploads\/2026\/03\/4PH-05.jpg?w=734&amp;ssl=1 734w, https:\/\/i0.wp.com\/www.epasc-ciney.be\/epasc\/wp-content\/uploads\/2026\/03\/4PH-05.jpg?resize=275%2C300&amp;ssl=1 275w\" sizes=\"auto, (max-width: 734px) 100vw, 734px\" \/><\/a><\/figure>\n","protected":false},"excerpt":{"rendered":"<p>En 4\u00e8me ann\u00e9e&nbsp; Les \u00e9l\u00e8ves entament la formation d\u2019ouvrier en horticulture. Cette formation est dispens\u00e9e sur 3 ann\u00e9es. Deux sites&nbsp;sont enti\u00e8rement d\u00e9di\u00e9s aux...<\/p>\n","protected":false},"author":2,"featured_media":0,"parent":308,"menu_order":0,"comment_status":"closed","ping_status":"closed","template":"page-onecolumn.php","meta":{"ngg_post_thumbnail":0,"footnotes":""},"class_list":["post-36243","page","type-page","status-publish","hentry"],"aioseo_notices":[],"_links":{"self":[{"href":"https:\/\/www.epasc-ciney.be\/epasc\/wp-json\/wp\/v2\/pages\/36243","targetHints":{"allow":["GET"]}}],"collection":[{"href":"https:\/\/www.epasc-ciney.be\/epasc\/wp-json\/wp\/v2\/pages"}],"about":[{"href":"https:\/\/www.epasc-ciney.be\/epasc\/wp-json\/wp\/v2\/types\/page"}],"author":[{"embeddable":true,"href":"https:\/\/www.epasc-ciney.be\/epasc\/wp-json\/wp\/v2\/users\/2"}],"replies":[{"embeddable":true,"href":"https:\/\/www.epasc-ciney.be\/epasc\/wp-json\/wp\/v2\/comments?post=36243"}],"version-history":[{"count":21,"href":"https:\/\/www.epasc-ciney.be\/epasc\/wp-json\/wp\/v2\/pages\/36243\/revisions"}],"predecessor-version":[{"id":37231,"href":"https:\/\/www.epasc-ciney.be\/epasc\/wp-json\/wp\/v2\/pages\/36243\/revisions\/37231"}],"up":[{"embeddable":true,"href":"https:\/\/www.epasc-ciney.be\/epasc\/wp-json\/wp\/v2\/pages\/308"}],"wp:attachment":[{"href":"https:\/\/www.epasc-ciney.be\/epasc\/wp-json\/wp\/v2\/media?parent=36243"}],"curies":[{"name":"wp","href":"https:\/\/api.w.org\/{rel}","templated":true}]}}