{"id":36238,"date":"2023-04-07T12:18:28","date_gmt":"2023-04-07T10:18:28","guid":{"rendered":"https:\/\/www.epasc-ciney.be\/epasc\/?page_id=36238"},"modified":"2026-04-03T16:24:55","modified_gmt":"2026-04-03T14:24:55","slug":"section-professionnelle","status":"publish","type":"page","link":"https:\/\/www.epasc-ciney.be\/epasc\/enseignement\/options-professionnelles\/section-professionnelle\/","title":{"rendered":"Agent agricole polyvalent - d\u00e8s la 4\u00e8 ann\u00e9e"},"content":{"rendered":"\n<figure class=\"wp-block-image size-full\"><a href=\"https:\/\/i0.wp.com\/www.epasc-ciney.be\/epasc\/wp-content\/uploads\/2026\/03\/4PAAP-01.jpg?ssl=1\"><img data-recalc-dims=\"1\" loading=\"lazy\" decoding=\"async\" width=\"794\" height=\"791\" src=\"https:\/\/i0.wp.com\/www.epasc-ciney.be\/epasc\/wp-content\/uploads\/2026\/03\/4PAAP-01.jpg?resize=794%2C791&#038;ssl=1\" alt=\"\" class=\"wp-image-37214\" srcset=\"https:\/\/i0.wp.com\/www.epasc-ciney.be\/epasc\/wp-content\/uploads\/2026\/03\/4PAAP-01.jpg?w=794&amp;ssl=1 794w, https:\/\/i0.wp.com\/www.epasc-ciney.be\/epasc\/wp-content\/uploads\/2026\/03\/4PAAP-01.jpg?resize=300%2C300&amp;ssl=1 300w, https:\/\/i0.wp.com\/www.epasc-ciney.be\/epasc\/wp-content\/uploads\/2026\/03\/4PAAP-01.jpg?resize=150%2C150&amp;ssl=1 150w, https:\/\/i0.wp.com\/www.epasc-ciney.be\/epasc\/wp-content\/uploads\/2026\/03\/4PAAP-01.jpg?resize=768%2C765&amp;ssl=1 768w, https:\/\/i0.wp.com\/www.epasc-ciney.be\/epasc\/wp-content\/uploads\/2026\/03\/4PAAP-01.jpg?resize=155%2C155&amp;ssl=1 155w, https:\/\/i0.wp.com\/www.epasc-ciney.be\/epasc\/wp-content\/uploads\/2026\/03\/4PAAP-01.jpg?resize=310%2C310&amp;ssl=1 310w, https:\/\/i0.wp.com\/www.epasc-ciney.be\/epasc\/wp-content\/uploads\/2026\/03\/4PAAP-01.jpg?resize=180%2C180&amp;ssl=1 180w, https:\/\/i0.wp.com\/www.epasc-ciney.be\/epasc\/wp-content\/uploads\/2026\/03\/4PAAP-01.jpg?resize=360%2C360&amp;ssl=1 360w, https:\/\/i0.wp.com\/www.epasc-ciney.be\/epasc\/wp-content\/uploads\/2026\/03\/4PAAP-01.jpg?resize=65%2C65&amp;ssl=1 65w, https:\/\/i0.wp.com\/www.epasc-ciney.be\/epasc\/wp-content\/uploads\/2026\/03\/4PAAP-01.jpg?resize=130%2C130&amp;ssl=1 130w, https:\/\/i0.wp.com\/www.epasc-ciney.be\/epasc\/wp-content\/uploads\/2026\/03\/4PAAP-01.jpg?resize=160%2C160&amp;ssl=1 160w, https:\/\/i0.wp.com\/www.epasc-ciney.be\/epasc\/wp-content\/uploads\/2026\/03\/4PAAP-01.jpg?resize=320%2C320&amp;ssl=1 320w, https:\/\/i0.wp.com\/www.epasc-ciney.be\/epasc\/wp-content\/uploads\/2026\/03\/4PAAP-01.jpg?resize=66%2C66&amp;ssl=1 66w, https:\/\/i0.wp.com\/www.epasc-ciney.be\/epasc\/wp-content\/uploads\/2026\/03\/4PAAP-01.jpg?resize=132%2C132&amp;ssl=1 132w, https:\/\/i0.wp.com\/www.epasc-ciney.be\/epasc\/wp-content\/uploads\/2026\/03\/4PAAP-01.jpg?resize=96%2C96&amp;ssl=1 96w, https:\/\/i0.wp.com\/www.epasc-ciney.be\/epasc\/wp-content\/uploads\/2026\/03\/4PAAP-01.jpg?resize=192%2C192&amp;ssl=1 192w\" sizes=\"auto, (max-width: 794px) 100vw, 794px\" \/><\/a><\/figure>\n\n\n\n<figure class=\"wp-block-image size-full is-resized\"><a href=\"https:\/\/i0.wp.com\/www.epasc-ciney.be\/epasc\/wp-content\/uploads\/2026\/03\/4PAAP-02.jpg?ssl=1\"><img data-recalc-dims=\"1\" loading=\"lazy\" decoding=\"async\" width=\"774\" height=\"267\" src=\"https:\/\/i0.wp.com\/www.epasc-ciney.be\/epasc\/wp-content\/uploads\/2026\/03\/4PAAP-02.jpg?resize=774%2C267&#038;ssl=1\" alt=\"\" class=\"wp-image-37218\" style=\"width:793px;height:auto\" srcset=\"https:\/\/i0.wp.com\/www.epasc-ciney.be\/epasc\/wp-content\/uploads\/2026\/03\/4PAAP-02.jpg?w=774&amp;ssl=1 774w, https:\/\/i0.wp.com\/www.epasc-ciney.be\/epasc\/wp-content\/uploads\/2026\/03\/4PAAP-02.jpg?resize=300%2C103&amp;ssl=1 300w, https:\/\/i0.wp.com\/www.epasc-ciney.be\/epasc\/wp-content\/uploads\/2026\/03\/4PAAP-02.jpg?resize=768%2C265&amp;ssl=1 768w\" sizes=\"auto, (max-width: 774px) 100vw, 774px\" \/><\/a><\/figure>\n\n\n\n<p><em><strong>En 4\u00e8 ann\u00e9e<\/strong><\/em><br>Les \u00e9l\u00e8ves entament la formation d\u2019Agent Agricole Polyvalent. Cette nouvelle appellation remplace \u00ab l\u2019ouvrier qualifi\u00e9 en agriculture \u00bb. Cette formation, dispens\u00e9e sur 3 ann\u00e9es est organis\u00e9 en Certification Par Unit\u00e9s (CPU). Celle-ci d\u00e9signe un dispositif organisant la certification des savoirs, aptitudes et comp\u00e9tences professionnels en Unit\u00e9s d'Acquis d'Apprentissage (UAA).&nbsp;<strong>Six UAA distinctes doivent \u00eatre certifi\u00e9es au niveau de la formation<\/strong>&nbsp;:<\/p>\n<p><strong>UAA 1<\/strong>&nbsp;: Participer \u00e0 la mise en place d\u2019une culture \u2013 Participer au suivi journalier, \u00e0 la maintenance et aux r\u00e9parations \u00e9l\u00e9mentaires des outils et machines (de semis, de plantation, d\u2019amendement)<br><strong>UAA 2<\/strong>&nbsp;: Participer \u00e0 la surveillance de l\u2019\u00e9tat sanitaire d\u2019une culture, \u00e0 son entretien et sa fertilisation \u2013 Participer au suivi journalier, \u00e0 la maintenance et aux r\u00e9parations \u00e9l\u00e9mentaires des outils et machines (d\u2019entretien du sol, de fertilisation, de prophylaxie, de protection)<br><strong>UAA 3<\/strong>&nbsp;: Participer \u00e0 la r\u00e9colte, au stockage et \u00e0 la conservation des productions v\u00e9g\u00e9tales \u2013 Participer au suivi journalier, \u00e0 la maintenance et aux r\u00e9parations \u00e9l\u00e9mentaires des outils et machines (r\u00e9colte, stockage, conservation) \u2013 participer \u00e0 l\u2019entretien des b\u00e2timents agricoles<br><strong>UAA 4<\/strong>&nbsp;: Participer \u00e0 la prise en charge quotidienne des animaux de l\u2019exploitation \u2013 Participer au suivi journalier, \u00e0 la maintenance et aux r\u00e9parations \u00e9l\u00e9mentaires des outils et machines<br><strong>UAA 5<\/strong>&nbsp;: Participer \u00e0 la collecte et au stockage des produits d\u2019\u00e9levage - Participer au suivi journalier et \u00e0 la maintenance des outils et mat\u00e9riels adaptes aux produits d\u2019\u00e9levage<br><strong>UAA 6<\/strong>&nbsp;: Participer \u00e0 l\u2019encadrement des animaux en phase de reproduction, lors de la mise bas et du suivi<\/p>\n<p>Au fur et \u00e0 mesure du parcours scolaire de l\u2019\u00e9l\u00e8ve, l\u2019apprentissage pratique et technique est affin\u00e9. Des mises en situation concr\u00e8tes permettent aux apprenants de se situer, de se corriger, de s\u2019am\u00e9liorer, d\u2019\u00e9voluer en confiance.<\/p>\n<p>Les stages en entreprises immergent les \u00e9tudiants dans leur choix de formation, ils permettent d\u2019acqu\u00e9rir l\u2019autonomie n\u00e9cessaire pour \u00e9voluer dans la vie active.<\/p>\n<p><em><strong>Au terme de la 6i\u00e8me ann\u00e9e<\/strong><\/em>&nbsp;:<br>- Le certificat de qualification est d\u00e9livr\u00e9 aux \u00e9l\u00e8ves qui ont obtenu l\u2019ensemble des attestations de validation des UAA et qui ont r\u00e9alis\u00e9 leurs stages en entreprise.<br>- Le certificat d\u2019\u00e9tudes de 6\u00e8 ann\u00e9e de l\u2019enseignement secondaire professionnel (CE6P) est d\u00e9livr\u00e9 aux \u00e9l\u00e8ves qui ont satisfait \u00e0 l\u2019ensemble de la formation.<br><strong><br>Les deux certificats autorisent l\u2019acc\u00e8s \u00e0 la 7i\u00e8me professionnelle.<\/strong><\/p>\n<p>En d\u2019autres termes, la fili\u00e8re professionnelle (4-5 et 6P) permet \u00e0 nos \u00e9l\u00e8ves d\u2019\u00eatre pr\u00e9par\u00e9s aux exigences d\u2019un m\u00e9tier complexe ou la polyvalence et l\u2019adaptation sont capitales. En effet, l'agent agricole polyvalent participe aux diff\u00e9rents travaux agricoles dans des exploitations agricoles. Il assure la maintenance et l\u2019entretien des b\u00e2timents, des machines et du mat\u00e9riel agricole. Il doit \u00eatre autonome et polyvalent. Il est \u00e9galement amen\u00e9 \u00e0 utiliser l\u2019outil informatique et les nouvelles technologies.<\/p>\n<figure class=\"wp-block-image size-large is-resized is-style-default\"><\/figure>\n\n\n\n<figure class=\"wp-block-image size-full is-resized\"><a href=\"https:\/\/i0.wp.com\/www.epasc-ciney.be\/epasc\/wp-content\/uploads\/2026\/03\/4PAAP-03.jpg?ssl=1\"><img data-recalc-dims=\"1\" loading=\"lazy\" decoding=\"async\" width=\"771\" height=\"358\" src=\"https:\/\/i0.wp.com\/www.epasc-ciney.be\/epasc\/wp-content\/uploads\/2026\/03\/4PAAP-03.jpg?resize=771%2C358&#038;ssl=1\" alt=\"\" class=\"wp-image-37219\" style=\"width:839px;height:auto\" srcset=\"https:\/\/i0.wp.com\/www.epasc-ciney.be\/epasc\/wp-content\/uploads\/2026\/03\/4PAAP-03.jpg?w=771&amp;ssl=1 771w, https:\/\/i0.wp.com\/www.epasc-ciney.be\/epasc\/wp-content\/uploads\/2026\/03\/4PAAP-03.jpg?resize=300%2C139&amp;ssl=1 300w, https:\/\/i0.wp.com\/www.epasc-ciney.be\/epasc\/wp-content\/uploads\/2026\/03\/4PAAP-03.jpg?resize=768%2C357&amp;ssl=1 768w\" sizes=\"auto, (max-width: 771px) 100vw, 771px\" \/><\/a><\/figure>\n\n\n\n<figure class=\"wp-block-image size-full is-resized\"><a href=\"https:\/\/i0.wp.com\/www.epasc-ciney.be\/epasc\/wp-content\/uploads\/2026\/04\/4PAAP-04.jpg?ssl=1\"><img data-recalc-dims=\"1\" loading=\"lazy\" decoding=\"async\" width=\"839\" height=\"265\" src=\"https:\/\/i0.wp.com\/www.epasc-ciney.be\/epasc\/wp-content\/uploads\/2026\/04\/4PAAP-04.jpg?resize=839%2C265&#038;ssl=1\" alt=\"\" class=\"wp-image-37246\" style=\"width:840px;height:auto\" srcset=\"https:\/\/i0.wp.com\/www.epasc-ciney.be\/epasc\/wp-content\/uploads\/2026\/04\/4PAAP-04.jpg?w=839&amp;ssl=1 839w, https:\/\/i0.wp.com\/www.epasc-ciney.be\/epasc\/wp-content\/uploads\/2026\/04\/4PAAP-04.jpg?resize=300%2C95&amp;ssl=1 300w, https:\/\/i0.wp.com\/www.epasc-ciney.be\/epasc\/wp-content\/uploads\/2026\/04\/4PAAP-04.jpg?resize=768%2C243&amp;ssl=1 768w\" sizes=\"auto, (max-width: 839px) 100vw, 839px\" \/><\/a><\/figure>\n\n\n\n<figure class=\"wp-block-image size-full is-resized\"><a href=\"https:\/\/i0.wp.com\/www.epasc-ciney.be\/epasc\/wp-content\/uploads\/2026\/03\/4PAAP-05.jpg?ssl=1\"><img data-recalc-dims=\"1\" loading=\"lazy\" decoding=\"async\" width=\"678\" height=\"735\" src=\"https:\/\/i0.wp.com\/www.epasc-ciney.be\/epasc\/wp-content\/uploads\/2026\/03\/4PAAP-05.jpg?resize=678%2C735&#038;ssl=1\" alt=\"\" class=\"wp-image-37221\" style=\"width:840px;height:auto\" srcset=\"https:\/\/i0.wp.com\/www.epasc-ciney.be\/epasc\/wp-content\/uploads\/2026\/03\/4PAAP-05.jpg?w=678&amp;ssl=1 678w, https:\/\/i0.wp.com\/www.epasc-ciney.be\/epasc\/wp-content\/uploads\/2026\/03\/4PAAP-05.jpg?resize=277%2C300&amp;ssl=1 277w, https:\/\/i0.wp.com\/www.epasc-ciney.be\/epasc\/wp-content\/uploads\/2026\/03\/4PAAP-05.jpg?resize=250%2C270&amp;ssl=1 250w\" sizes=\"auto, (max-width: 678px) 100vw, 678px\" \/><\/a><\/figure>\n\n\n","protected":false},"excerpt":{"rendered":"<p>En 4\u00e8 ann\u00e9eLes \u00e9l\u00e8ves entament la formation d\u2019Agent Agricole Polyvalent. Cette nouvelle appellation remplace \u00ab l\u2019ouvrier qualifi\u00e9 en agriculture \u00bb. Cette formation, dispens\u00e9e...<\/p>\n","protected":false},"author":2,"featured_media":0,"parent":308,"menu_order":0,"comment_status":"closed","ping_status":"closed","template":"page-onecolumn.php","meta":{"ngg_post_thumbnail":0,"footnotes":""},"class_list":["post-36238","page","type-page","status-publish","hentry"],"aioseo_notices":[],"_links":{"self":[{"href":"https:\/\/www.epasc-ciney.be\/epasc\/wp-json\/wp\/v2\/pages\/36238","targetHints":{"allow":["GET"]}}],"collection":[{"href":"https:\/\/www.epasc-ciney.be\/epasc\/wp-json\/wp\/v2\/pages"}],"about":[{"href":"https:\/\/www.epasc-ciney.be\/epasc\/wp-json\/wp\/v2\/types\/page"}],"author":[{"embeddable":true,"href":"https:\/\/www.epasc-ciney.be\/epasc\/wp-json\/wp\/v2\/users\/2"}],"replies":[{"embeddable":true,"href":"https:\/\/www.epasc-ciney.be\/epasc\/wp-json\/wp\/v2\/comments?post=36238"}],"version-history":[{"count":15,"href":"https:\/\/www.epasc-ciney.be\/epasc\/wp-json\/wp\/v2\/pages\/36238\/revisions"}],"predecessor-version":[{"id":37248,"href":"https:\/\/www.epasc-ciney.be\/epasc\/wp-json\/wp\/v2\/pages\/36238\/revisions\/37248"}],"up":[{"embeddable":true,"href":"https:\/\/www.epasc-ciney.be\/epasc\/wp-json\/wp\/v2\/pages\/308"}],"wp:attachment":[{"href":"https:\/\/www.epasc-ciney.be\/epasc\/wp-json\/wp\/v2\/media?parent=36238"}],"curies":[{"name":"wp","href":"https:\/\/api.w.org\/{rel}","templated":true}]}}