{"id":3507,"date":"2015-01-13T16:31:18","date_gmt":"2015-01-13T15:31:18","guid":{"rendered":"http:\/\/www.saintquentin.be\/epasc\/?page_id=3507"},"modified":"2015-05-02T13:53:55","modified_gmt":"2015-05-02T12:53:55","slug":"laboratoires-de-sciences","status":"publish","type":"page","link":"https:\/\/www.epasc-ciney.be\/epasc\/outils-didactiques\/laboratoires-de-sciences\/","title":{"rendered":"Laboratoires de sciences et de chimie"},"content":{"rendered":"<p><strong>Laboratoire de Sciences environnementales<\/strong><\/p>\n<p>Ce laboratoire essentiellement \u00e0 disposition 5 \/ 6 TQ Technicien en Environnement permet diverses observations de la flore, faune, habitats, \u2026, analyses des sols, eau, \u2026, l\u2019estimation des indices de pollution, la construction de nichoirs, h\u00f4tels pour insectes.<\/p>\n<p>Le laboratoire compl\u00e8te les observations li\u00e9es \u00e0 la gestion des territoires ou de l\u2019analyse des r\u00e9serves naturelles.<\/p>\n<p>[slideshow_deploy id='4214'&#093;<\/p>\n<p>&nbsp;<\/p>\n<p><strong>Laboratoire de chimie<\/strong><\/p>\n<p>R\u00e9cemment r\u00e9nov\u00e9 et tr\u00e8s fonctionnel, le laboratoire assure la pratique de la chimie en toute s\u00e9curit\u00e9.<\/p>\n<p>Il permet notamment aux \u00e9l\u00e8ves de sciences appliqu\u00e9es (transition) de d\u00e9couvrir, d\u2019illustrer et de mettre en pratique des notions th\u00e9oriques en chimie telles que les r\u00e9actions oxydo r\u00e9duction, les \u00e9quilibres chimiques, la thermochimie, les r\u00e9actions acides de base et bien d\u2019autres applications.<\/p>\n<p>Il sert \u00e9galement par exemple aux \u00e9l\u00e8ves de sciences agronomiques (transition) pour la chimie analytique\u00a0: dosage du sucre dans la betterave, analyses du sol, du lait, d\u2019aliments, de l\u2019eau mais aussi pour la recherche d\u2019ions, \u2026<\/p>\n<p>&nbsp;<\/p>\n<p><strong>Le laboratoire du 1<sup>er<\/sup> degr\u00e9<\/strong><\/p>\n<p>Le laboratoire du 1<sup>er<\/sup> degr\u00e9 permet de d\u00e9velopper l\u2019\u00e9veil scientifique des jeunes \u00e0 leur environnement naturel\u00a0: observation, manipulation, exp\u00e9rimentation \u00e0 partir d\u2019objets, de ph\u00e9nom\u00e8nes et de vivants.<\/p>\n<p>Le processus g\u00e9n\u00e9ralement exploit\u00e9 est la r\u00e9solution d\u2019une \u00e9nigme scientifique. Quelques th\u00e8mes abord\u00e9s\u00a0: exp\u00e9rience sur la chromatographie, les cha\u00eenes alimentaires, le r\u00e9veil de la nature, le sol, la propagation de la lumi\u00e8re, de la chaleur, \u2026<\/p>\n<p>Le laboratoire permet \u00e9galement la r\u00e9alisation de mod\u00e8les mol\u00e9culaires, de cl\u00e9 de d\u00e9termination, de montages \u00e9lectriques simples, \u2026<\/p>\n<p>&nbsp;<\/p>\n","protected":false},"excerpt":{"rendered":"<p>Laboratoire de Sciences environnementales Ce laboratoire essentiellement \u00e0 disposition 5 \/ 6 TQ Technicien en Environnement permet diverses observations de la flore, faune,...<\/p>\n","protected":false},"author":1,"featured_media":0,"parent":258,"menu_order":20,"comment_status":"open","ping_status":"open","template":"","meta":{"ngg_post_thumbnail":0,"footnotes":""},"class_list":["post-3507","page","type-page","status-publish","hentry"],"aioseo_notices":[],"_links":{"self":[{"href":"https:\/\/www.epasc-ciney.be\/epasc\/wp-json\/wp\/v2\/pages\/3507","targetHints":{"allow":["GET"]}}],"collection":[{"href":"https:\/\/www.epasc-ciney.be\/epasc\/wp-json\/wp\/v2\/pages"}],"about":[{"href":"https:\/\/www.epasc-ciney.be\/epasc\/wp-json\/wp\/v2\/types\/page"}],"author":[{"embeddable":true,"href":"https:\/\/www.epasc-ciney.be\/epasc\/wp-json\/wp\/v2\/users\/1"}],"replies":[{"embeddable":true,"href":"https:\/\/www.epasc-ciney.be\/epasc\/wp-json\/wp\/v2\/comments?post=3507"}],"version-history":[{"count":0,"href":"https:\/\/www.epasc-ciney.be\/epasc\/wp-json\/wp\/v2\/pages\/3507\/revisions"}],"up":[{"embeddable":true,"href":"https:\/\/www.epasc-ciney.be\/epasc\/wp-json\/wp\/v2\/pages\/258"}],"wp:attachment":[{"href":"https:\/\/www.epasc-ciney.be\/epasc\/wp-json\/wp\/v2\/media?parent=3507"}],"curies":[{"name":"wp","href":"https:\/\/api.w.org\/{rel}","templated":true}]}}