{"id":35,"date":"2012-10-01T10:05:02","date_gmt":"2012-10-01T09:05:02","guid":{"rendered":"http:\/\/www.saintquentin.be\/site\/?page_id=35"},"modified":"2026-03-12T15:03:28","modified_gmt":"2026-03-12T14:03:28","slug":"mecaniqu","status":"publish","type":"page","link":"https:\/\/www.epasc-ciney.be\/epasc\/enseignement\/technique-de-qualification\/mecaniqu\/","title":{"rendered":"Qualification en Agro-\u00e9quipement - d\u00e8s la 4\u00e8 ann\u00e9e"},"content":{"rendered":"\n<figure class=\"wp-block-image size-full is-resized\"><a href=\"https:\/\/i0.wp.com\/www.epasc-ciney.be\/epasc\/wp-content\/uploads\/2026\/03\/01-5.jpg?ssl=1\"><img data-recalc-dims=\"1\" loading=\"lazy\" decoding=\"async\" width=\"792\" height=\"792\" src=\"https:\/\/i0.wp.com\/www.epasc-ciney.be\/epasc\/wp-content\/uploads\/2026\/03\/01-5.jpg?resize=792%2C792&#038;ssl=1\" alt=\"\" class=\"wp-image-37196\" style=\"width:808px;height:auto\" srcset=\"https:\/\/i0.wp.com\/www.epasc-ciney.be\/epasc\/wp-content\/uploads\/2026\/03\/01-5.jpg?w=792&amp;ssl=1 792w, https:\/\/i0.wp.com\/www.epasc-ciney.be\/epasc\/wp-content\/uploads\/2026\/03\/01-5.jpg?resize=300%2C300&amp;ssl=1 300w, https:\/\/i0.wp.com\/www.epasc-ciney.be\/epasc\/wp-content\/uploads\/2026\/03\/01-5.jpg?resize=150%2C150&amp;ssl=1 150w, https:\/\/i0.wp.com\/www.epasc-ciney.be\/epasc\/wp-content\/uploads\/2026\/03\/01-5.jpg?resize=768%2C768&amp;ssl=1 768w, https:\/\/i0.wp.com\/www.epasc-ciney.be\/epasc\/wp-content\/uploads\/2026\/03\/01-5.jpg?resize=155%2C155&amp;ssl=1 155w, https:\/\/i0.wp.com\/www.epasc-ciney.be\/epasc\/wp-content\/uploads\/2026\/03\/01-5.jpg?resize=310%2C310&amp;ssl=1 310w, https:\/\/i0.wp.com\/www.epasc-ciney.be\/epasc\/wp-content\/uploads\/2026\/03\/01-5.jpg?resize=180%2C180&amp;ssl=1 180w, https:\/\/i0.wp.com\/www.epasc-ciney.be\/epasc\/wp-content\/uploads\/2026\/03\/01-5.jpg?resize=360%2C360&amp;ssl=1 360w, https:\/\/i0.wp.com\/www.epasc-ciney.be\/epasc\/wp-content\/uploads\/2026\/03\/01-5.jpg?resize=65%2C65&amp;ssl=1 65w, https:\/\/i0.wp.com\/www.epasc-ciney.be\/epasc\/wp-content\/uploads\/2026\/03\/01-5.jpg?resize=130%2C130&amp;ssl=1 130w, https:\/\/i0.wp.com\/www.epasc-ciney.be\/epasc\/wp-content\/uploads\/2026\/03\/01-5.jpg?resize=160%2C160&amp;ssl=1 160w, https:\/\/i0.wp.com\/www.epasc-ciney.be\/epasc\/wp-content\/uploads\/2026\/03\/01-5.jpg?resize=320%2C320&amp;ssl=1 320w, https:\/\/i0.wp.com\/www.epasc-ciney.be\/epasc\/wp-content\/uploads\/2026\/03\/01-5.jpg?resize=66%2C66&amp;ssl=1 66w, https:\/\/i0.wp.com\/www.epasc-ciney.be\/epasc\/wp-content\/uploads\/2026\/03\/01-5.jpg?resize=132%2C132&amp;ssl=1 132w, https:\/\/i0.wp.com\/www.epasc-ciney.be\/epasc\/wp-content\/uploads\/2026\/03\/01-5.jpg?resize=96%2C96&amp;ssl=1 96w, https:\/\/i0.wp.com\/www.epasc-ciney.be\/epasc\/wp-content\/uploads\/2026\/03\/01-5.jpg?resize=192%2C192&amp;ssl=1 192w\" sizes=\"auto, (max-width: 792px) 100vw, 792px\" \/><\/a><\/figure>\n\n\n<p>L\u2019enseignement technique de qualification pr\u00e9pare les \u00e9l\u00e8ves \u00e0 une qualification reconnue par le monde de l\u2019entreprise et leur offre aussi la possibilit\u00e9 int\u00e9ressante de poursuivre des \u00e9tudes sup\u00e9rieures (exemple : baccalaur\u00e9at)<\/p>\n<p><strong><span style=\"background-color: #ffff00;\">ATTENTION<\/span> : <span style=\"background-color: #ffff00;\">Suite \u00e0 la r\u00e9forme du parcours de l\u2019enseignement qualifiant, l\u2019\u00e9l\u00e8ve entame sa formation li\u00e9e au profil de formation \u00ab&nbsp;Technicien en agro-\u00e9quipement&nbsp;\u00bb d\u00e8s la 4i\u00e8me ann\u00e9e pour r\u00e9pondre aux aptitudes et comp\u00e9tences li\u00e9es au m\u00e9tier.&nbsp;<\/span><\/strong><span style=\"background-color: #ffff00;\">&nbsp;<\/span><\/p>\n<p>Le (la) technicien(ne) en agro-\u00e9quipement est un sp\u00e9cialiste des machines agricoles, horticoles et sylvicoles qui en assure la mise en service, le r\u00e9glage, la maintenance, l\u2019entretien, le diagnostic et la r\u00e9paration en tenant compte des contraintes li\u00e9es aux diff\u00e9rentes sp\u00e9culations animales et v\u00e9g\u00e9tales.<\/p>\n<p>Les grands axes de la formation sont les laboratoires de technologie, d\u2019automatisation, d\u2019\u00e9lectricit\u00e9, de la m\u00e9canique et des machines agricoles, de la gestion d\u2019entreprise et des techniques agricoles.<\/p>\n<p>Un stage en entreprise de 5 semaines est \u00e9galement organis\u00e9 sur les deux ans. Les emplois se situent dans les secteurs priv\u00e9s, publics ou comme ind\u00e9pendants.<\/p>\n\n\n<figure class=\"wp-block-image size-full is-resized\"><a href=\"https:\/\/i0.wp.com\/www.epasc-ciney.be\/epasc\/wp-content\/uploads\/2026\/03\/02-5.jpg?ssl=1\"><img data-recalc-dims=\"1\" loading=\"lazy\" decoding=\"async\" width=\"737\" height=\"267\" src=\"https:\/\/i0.wp.com\/www.epasc-ciney.be\/epasc\/wp-content\/uploads\/2026\/03\/02-5.jpg?resize=737%2C267&#038;ssl=1\" alt=\"\" class=\"wp-image-37195\" style=\"width:806px;height:auto\" srcset=\"https:\/\/i0.wp.com\/www.epasc-ciney.be\/epasc\/wp-content\/uploads\/2026\/03\/02-5.jpg?w=737&amp;ssl=1 737w, https:\/\/i0.wp.com\/www.epasc-ciney.be\/epasc\/wp-content\/uploads\/2026\/03\/02-5.jpg?resize=300%2C109&amp;ssl=1 300w\" sizes=\"auto, (max-width: 737px) 100vw, 737px\" \/><\/a><\/figure>\n\n\n\n<figure class=\"wp-block-image size-full is-resized\"><a href=\"https:\/\/i0.wp.com\/www.epasc-ciney.be\/epasc\/wp-content\/uploads\/2026\/03\/03-4.jpg?ssl=1\"><img data-recalc-dims=\"1\" loading=\"lazy\" decoding=\"async\" width=\"712\" height=\"370\" src=\"https:\/\/i0.wp.com\/www.epasc-ciney.be\/epasc\/wp-content\/uploads\/2026\/03\/03-4.jpg?resize=712%2C370&#038;ssl=1\" alt=\"\" class=\"wp-image-37197\" style=\"width:805px;height:auto\" srcset=\"https:\/\/i0.wp.com\/www.epasc-ciney.be\/epasc\/wp-content\/uploads\/2026\/03\/03-4.jpg?w=712&amp;ssl=1 712w, https:\/\/i0.wp.com\/www.epasc-ciney.be\/epasc\/wp-content\/uploads\/2026\/03\/03-4.jpg?resize=300%2C156&amp;ssl=1 300w\" sizes=\"auto, (max-width: 712px) 100vw, 712px\" \/><\/a><\/figure>\n\n\n\n<figure class=\"wp-block-image size-full is-resized\"><a href=\"https:\/\/i0.wp.com\/www.epasc-ciney.be\/epasc\/wp-content\/uploads\/2026\/03\/04-4.jpg?ssl=1\"><img data-recalc-dims=\"1\" loading=\"lazy\" decoding=\"async\" width=\"747\" height=\"240\" src=\"https:\/\/i0.wp.com\/www.epasc-ciney.be\/epasc\/wp-content\/uploads\/2026\/03\/04-4.jpg?resize=747%2C240&#038;ssl=1\" alt=\"\" class=\"wp-image-37198\" style=\"width:805px;height:auto\" srcset=\"https:\/\/i0.wp.com\/www.epasc-ciney.be\/epasc\/wp-content\/uploads\/2026\/03\/04-4.jpg?w=747&amp;ssl=1 747w, https:\/\/i0.wp.com\/www.epasc-ciney.be\/epasc\/wp-content\/uploads\/2026\/03\/04-4.jpg?resize=300%2C96&amp;ssl=1 300w\" sizes=\"auto, (max-width: 747px) 100vw, 747px\" \/><\/a><\/figure>\n\n\n\n<figure class=\"wp-block-image size-full is-resized\"><a href=\"https:\/\/i0.wp.com\/www.epasc-ciney.be\/epasc\/wp-content\/uploads\/2026\/03\/05-3.jpg?ssl=1\"><img data-recalc-dims=\"1\" loading=\"lazy\" decoding=\"async\" width=\"687\" height=\"783\" src=\"https:\/\/i0.wp.com\/www.epasc-ciney.be\/epasc\/wp-content\/uploads\/2026\/03\/05-3.jpg?resize=687%2C783&#038;ssl=1\" alt=\"\" class=\"wp-image-37199\" style=\"width:803px;height:auto\" srcset=\"https:\/\/i0.wp.com\/www.epasc-ciney.be\/epasc\/wp-content\/uploads\/2026\/03\/05-3.jpg?w=687&amp;ssl=1 687w, https:\/\/i0.wp.com\/www.epasc-ciney.be\/epasc\/wp-content\/uploads\/2026\/03\/05-3.jpg?resize=263%2C300&amp;ssl=1 263w\" sizes=\"auto, (max-width: 687px) 100vw, 687px\" \/><\/a><\/figure>\n\n\n\n<h3><strong><span style=\"color: #3366ff;\">Section en vid\u00e9o<\/span><\/strong><\/h3>\n\n\n\n<figure class=\"wp-block-video\"><video controls src=\"https:\\\\www.epasc-ciney.be\/Notrecole\/Sections_Qualif_Videos\/Section_Qualif_Agro-Equipement.mp4\"><\/video><figcaption class=\"wp-element-caption\">Cliquez pour visionner...<\/figcaption><\/figure>\n","protected":false},"excerpt":{"rendered":"<p>L\u2019enseignement technique de qualification pr\u00e9pare les \u00e9l\u00e8ves \u00e0 une qualification reconnue par le monde de l\u2019entreprise et leur offre aussi la possibilit\u00e9 int\u00e9ressante...<\/p>\n","protected":false},"author":1,"featured_media":1328,"parent":129,"menu_order":22,"comment_status":"closed","ping_status":"closed","template":"page-onecolumn.php","meta":{"ngg_post_thumbnail":0,"footnotes":""},"class_list":["post-35","page","type-page","status-publish","has-post-thumbnail","hentry"],"aioseo_notices":[],"_links":{"self":[{"href":"https:\/\/www.epasc-ciney.be\/epasc\/wp-json\/wp\/v2\/pages\/35","targetHints":{"allow":["GET"]}}],"collection":[{"href":"https:\/\/www.epasc-ciney.be\/epasc\/wp-json\/wp\/v2\/pages"}],"about":[{"href":"https:\/\/www.epasc-ciney.be\/epasc\/wp-json\/wp\/v2\/types\/page"}],"author":[{"embeddable":true,"href":"https:\/\/www.epasc-ciney.be\/epasc\/wp-json\/wp\/v2\/users\/1"}],"replies":[{"embeddable":true,"href":"https:\/\/www.epasc-ciney.be\/epasc\/wp-json\/wp\/v2\/comments?post=35"}],"version-history":[{"count":19,"href":"https:\/\/www.epasc-ciney.be\/epasc\/wp-json\/wp\/v2\/pages\/35\/revisions"}],"predecessor-version":[{"id":37200,"href":"https:\/\/www.epasc-ciney.be\/epasc\/wp-json\/wp\/v2\/pages\/35\/revisions\/37200"}],"up":[{"embeddable":true,"href":"https:\/\/www.epasc-ciney.be\/epasc\/wp-json\/wp\/v2\/pages\/129"}],"wp:featuredmedia":[{"embeddable":true,"href":"https:\/\/www.epasc-ciney.be\/epasc\/wp-json\/"}],"wp:attachment":[{"href":"https:\/\/www.epasc-ciney.be\/epasc\/wp-json\/wp\/v2\/media?parent=35"}],"curies":[{"name":"wp","href":"https:\/\/api.w.org\/{rel}","templated":true}]}}