{"id":3488,"date":"2014-12-10T20:22:50","date_gmt":"2014-12-10T19:22:50","guid":{"rendered":"http:\/\/www.saintquentin.be\/epasc\/?page_id=3488"},"modified":"2020-05-04T22:48:36","modified_gmt":"2020-05-04T20:48:36","slug":"course-aux-sciences","status":"publish","type":"page","link":"https:\/\/www.epasc-ciney.be\/epasc\/activites-pedagogiques\/course-aux-sciences\/","title":{"rendered":"Course aux Sciences"},"content":{"rendered":"<p><strong>La Course aux Sciences<\/strong><\/p>\n<p>Concept bas\u00e9 sur trois axes que sont Sport \u2013 Sciences \u2013 Sant\u00e9, la Course aux Sciences se veut une activit\u00e9 de d\u00e9couvertes de soi et de son environnement.<\/p>\n<p>Destin\u00e9s aux enfants du fondamental (5 et 6 primaire), les activit\u00e9s propos\u00e9es sont le fruit de la r\u00e9flexion de nos \u00e9l\u00e8ves du 1<sup>er<\/sup> degr\u00e9 et de leurs professeurs de sciences. Le th\u00e8me change ou \u00e9volue d\u2019ann\u00e9e en ann\u00e9e en fonction des lignes directrices du projet p\u00e9dagogique de notre \u00e9cole.<\/p>\n<p><div class='jwplayer' id='jwplayer-0'><\/div><script type='text\/javascript'>if(typeof(jQuery)==\"function\"){(function($){$.fn.fitVids=function(){}})(jQuery)};jwplayer('jwplayer-0').setup({\"file\":\"http:\/\/www.saintquentin.be\/epasc\/wp-content\/uploads\/2013\/06\/CAS_2013.mp4\"});\n<\/script><\/p>\n<p><strong>Rapport d\u2019activit\u00e9s<\/strong><\/p>\n<p>Programme copieux et vari\u00e9 pour cette 19<sup>e<\/sup> \u00abcourse aux sciences\u00bb tourn\u00e9e cette ann\u00e9e vers l\u2019alimentation saine et durable.<\/p>\n<p>Ce qui marquait de prime abord, c\u2019\u00e9tait la bonne humeur et l\u2019int\u00e9r\u00eat suscit\u00e9 chez tous les participants. <em>\u00ab Les enfants ont \u00e9t\u00e9 accueillis cette ann\u00e9e dans une optique d\u2019\u00e9ducation et de respect aux enjeux de notre soci\u00e9t\u00e9. <\/em><\/p>\n<p><em>D\u2019habitude destin\u00e9e aux \u00e9l\u00e8ves du troisi\u00e8me degr\u00e9 de l\u2019enseignement primaire, cette \u00e9dition a \u00e9t\u00e9 \u00e9largie aux enfants des classes de 3e et 4<sup>e<\/sup> ann\u00e9es. <\/em><\/p>\n<p>Les participants ont altern\u00e9 \u00e9preuves sportives, ateliers sur le d\u00e9veloppement durable et ateliers scientifiques.<\/p>\n<p>En combinant \u00e9preuves d\u2019\u00e9quilibre, de coop\u00e9ration, de pr\u00e9cision ou de force, et bien encadr\u00e9s par les professeurs d\u2019\u00e9ducation physique et les moniteurs de l\u2019ADEPS, ils ont notamment pu v\u00e9rifier et appliquer la devise : \u00ab l\u2019union fait la force \u00bb.<\/p>\n<p>Les ateliers ext\u00e9rieurs, anim\u00e9s par les \u00e9tudiants de rh\u00e9to, \u00e9taient quant \u00e0 eux r\u00e9partis en quatre grands th\u00e8mes ; l\u2019aquaponie (qui associe \u00e9levage de poissons et la culture de l\u00e9gumes), les jus, les fruits de saison et le sucre belge.<\/p>\n<p>Le hall omnisports, richement am\u00e9nag\u00e9, \u00e9tait, lui, d\u00e9di\u00e9 aux petits scientifiques et \u00e0 l\u2019alimentation saine et durable d\u00e9clin\u00e9e elle aussi en quatre th\u00e8mes.<\/p>\n<p>\u00ab <em>La nouvelle vague \u00bb <\/em>(fleurs et insectes comestibles, cuisine mol\u00e9culaire), \u00ab <em>comme chez nou<\/em>s \u00bb (compost, les herbes aromatiques, levures et fromages), <em>\u00ab j\u2019adh\u00e8re ou j\u2019adh\u00e8re pas \u00bb <\/em>(les courses \u00e9quitables ou en ligne, les farines) et <em>\u00ab le coin saveur \u00bb <\/em>(lentilles, potages, confiture).<\/p>\n<p>Tous ces sujets et bien d\u2019autres n\u2019ont ainsi plus aucun secret pour nos charmantes t\u00eates blondes !<\/p>\n<p>Pr\u00e8s de 450 \u00e9l\u00e8ves et dix \u00e9coles ...<\/p>\n<p>Chaque stand \u00e9tait bien pr\u00e9sent\u00e9 de mani\u00e8re ludique par les \u00e9tudiants du premier degr\u00e9 des sections sciences.<\/p>\n<p>Si chaque atelier \u00e9veillait la curiosit\u00e9 des participants et permettait la d\u00e9gustation d\u2019une multitude de produits, celui proposant les insectes comestibles faisait \u00e0 lui seul son petit effet.<\/p>\n<p>En collaboration avec la Maison des Diab\u00e9tiques de Dinant et la Haute \u00c9cole section infirmiers (\u00e8res) de Namur, une sensibilisation au diab\u00e8te et un test de glyc\u00e9mie ont aussi \u00e9t\u00e9 propos\u00e9s aux participants.<\/p>\n<p>Les enseignants n\u2019\u00e9taient pas non plus en reste et se voyaient proposer des outils p\u00e9dagogiques et didactiques en rapport avec le th\u00e8me.<\/p>\n<p>Enfin, \u00abLa course aux Sciences \u00bb en chiffres, ce sont 110 personnes mobilis\u00e9es pour le bon d\u00e9roulement des activit\u00e9s, 446 \u00e9l\u00e8ves accueillis, 10 \u00e9coles pr\u00e9sentes et 3 r\u00e9seaux d\u2019enseignement repr\u00e9sent\u00e9s.<\/p>\n<p>&nbsp;<\/p>\n<p>&nbsp;<\/p>\n<p><strong>Jean-Paul HOUART<\/strong><\/p>\n<p><strong>Administrateur d\u2019Internat et promoteur de la journ\u00e9e<\/strong><\/p>\n","protected":false},"excerpt":{"rendered":"<p>La Course aux Sciences Concept bas\u00e9 sur trois axes que sont Sport \u2013 Sciences \u2013 Sant\u00e9, la Course aux Sciences se veut une...<\/p>\n","protected":false},"author":1,"featured_media":0,"parent":2684,"menu_order":39,"comment_status":"open","ping_status":"open","template":"","meta":{"ngg_post_thumbnail":0,"footnotes":""},"class_list":["post-3488","page","type-page","status-publish","hentry"],"aioseo_notices":[],"_links":{"self":[{"href":"https:\/\/www.epasc-ciney.be\/epasc\/wp-json\/wp\/v2\/pages\/3488","targetHints":{"allow":["GET"]}}],"collection":[{"href":"https:\/\/www.epasc-ciney.be\/epasc\/wp-json\/wp\/v2\/pages"}],"about":[{"href":"https:\/\/www.epasc-ciney.be\/epasc\/wp-json\/wp\/v2\/types\/page"}],"author":[{"embeddable":true,"href":"https:\/\/www.epasc-ciney.be\/epasc\/wp-json\/wp\/v2\/users\/1"}],"replies":[{"embeddable":true,"href":"https:\/\/www.epasc-ciney.be\/epasc\/wp-json\/wp\/v2\/comments?post=3488"}],"version-history":[{"count":1,"href":"https:\/\/www.epasc-ciney.be\/epasc\/wp-json\/wp\/v2\/pages\/3488\/revisions"}],"predecessor-version":[{"id":11472,"href":"https:\/\/www.epasc-ciney.be\/epasc\/wp-json\/wp\/v2\/pages\/3488\/revisions\/11472"}],"up":[{"embeddable":true,"href":"https:\/\/www.epasc-ciney.be\/epasc\/wp-json\/wp\/v2\/pages\/2684"}],"wp:attachment":[{"href":"https:\/\/www.epasc-ciney.be\/epasc\/wp-json\/wp\/v2\/media?parent=3488"}],"curies":[{"name":"wp","href":"https:\/\/api.w.org\/{rel}","templated":true}]}}