{"id":341,"date":"2012-10-03T17:16:00","date_gmt":"2012-10-03T15:16:00","guid":{"rendered":"http:\/\/www.saintquentin.be\/site\/?page_id=341"},"modified":"2024-12-03T12:24:09","modified_gmt":"2024-12-03T11:24:09","slug":"essais-exploitations-agricoles","status":"publish","type":"page","link":"https:\/\/www.epasc-ciney.be\/epasc\/outils-didactiques\/essais-exploitations-agricoles\/","title":{"rendered":"P\u00f4le agricole didactique"},"content":{"rendered":"\n<figure class=\"wp-block-image size-full is-resized\"><a href=\"https:\/\/i0.wp.com\/www.epasc-ciney.be\/epasc\/wp-content\/uploads\/2024\/12\/Pole-agricole.png?ssl=1\"><img data-recalc-dims=\"1\" loading=\"lazy\" decoding=\"async\" width=\"1024\" height=\"768\" src=\"https:\/\/i0.wp.com\/www.epasc-ciney.be\/epasc\/wp-content\/uploads\/2024\/12\/Pole-agricole.png?resize=1024%2C768&#038;ssl=1\" alt=\"\" class=\"wp-image-36787\" style=\"width:722px;height:auto\" srcset=\"https:\/\/i0.wp.com\/www.epasc-ciney.be\/epasc\/wp-content\/uploads\/2024\/12\/Pole-agricole.png?w=1024&amp;ssl=1 1024w, https:\/\/i0.wp.com\/www.epasc-ciney.be\/epasc\/wp-content\/uploads\/2024\/12\/Pole-agricole.png?resize=300%2C225&amp;ssl=1 300w, https:\/\/i0.wp.com\/www.epasc-ciney.be\/epasc\/wp-content\/uploads\/2024\/12\/Pole-agricole.png?resize=768%2C576&amp;ssl=1 768w\" sizes=\"auto, (max-width: 1024px) 100vw, 1024px\" \/><\/a><\/figure>\n\n\n<p><em>La ferme didactique d\u2019application int\u00e9gr\u00e9e \u00e0 l\u2019\u00e9cole est situ\u00e9e dans le Condroz et est de type mixte (cultures et b\u00e9tails). Elle est \u00e0 vocation purement didactique&nbsp;: support technique pour les cours th\u00e9oriques, lieu de d\u00e9monstrations pour diverses techniques agricoles, de terrain d\u2019application pour les cours pratiques et de lieu de stage.<\/em><\/p>\n<p><span style=\"color: #0000ff;\"><strong>SPECULATION VEGETALE<\/strong><\/span><\/p>\n<p>La surface agricole utile est de 137.71 hectares. Elle est tr\u00e8s morcel\u00e9e afin de permettre l\u2019implantation de nombreuses cultures.<\/p>\n<p><strong>1) Prairies permanentes&nbsp;:<\/strong><br>- exploit\u00e9es par la ferme&nbsp;: 33.68 HA<br>- non exploit\u00e9e par la ferme&nbsp;: 34.08 HA<br>- total&nbsp;: 67.76 HA<\/p>\n<p><strong>2) Superficie biologique&nbsp;:<\/strong><br>- prairies&nbsp;: 0.79 HA<br>- cultures : (chanvre, ma\u00efs) 3.93 HA<br>- total&nbsp;: 4.72 HA<\/p>\n<p><strong>3) Superficie essais et d\u00e9monstrations&nbsp;:<\/strong><br>- verger&nbsp;: 0.23 HA<br>- potager&nbsp;: 0.16 HA<br>- miscanthus&nbsp;: 0.25 HA<br>- champs didactiques&nbsp;: 0.20 HA<br>- essais divers&nbsp;: 0.30 HA<br>- essais betteraves&nbsp;: 2.48 HA<br>- total&nbsp;: 3.59 ha<\/p>\n<p><strong>4) cultures situ\u00e9es autour de l\u2019\u00e9cole et \u00e0 disposition des \u00e9l\u00e8ves&nbsp;:<\/strong><br>42.88 Ha<br>(froment, escourgeon, ma\u00efs, triticale, betteraves sucri\u00e8res, colza, \u00e9peautre, fourrage)<\/p>\n<p><span style=\"color: #0000ff;\"><strong>SPECULATION ANIMALE <\/strong><\/span><\/p>\n<p>Le troupeau est repr\u00e9sentatif des fermes de la r\u00e9gion, ce qui garantit des donn\u00e9es technico-\u00e9conomiques exploitables pour les cours et permet \u00e9galement \u00e0 nos \u00e9l\u00e8ves de r\u00e9aliser des actes techniques (traite, vaccinations, tonde, pes\u00e9e, soins aux pattes, cotations lin\u00e9aire, suivi de la reproduction etc\u2026) dans des conditions r\u00e9elles.<\/p>\n<p>1) Le troupeau laitier&nbsp;: il se compose de 55 vaches laiti\u00e8res pie-noir Holstein, de 40 g\u00e9nisses et de +\/- 15 veaux.<\/p>\n<p>2) Le troupeau viandeux&nbsp;: il se compose de +\/- 30 vaches allaitantes, de 20 g\u00e9nisses et de +\/- 12 veaux.<\/p>\n<p>3) Les taureaux \u00e0 l\u2019engraissement permettent de r\u00e9aliser des suivis de performances.<\/p>\n<p>4) Le troupeau ovin compos\u00e9 de +\/- 25 brebis et de leurs agneaux, permet aux plus jeunes \u00e9l\u00e8ves de s\u2019exercer aux soins aux animaux en toute s\u00e9curit\u00e9 et de suivre les performances techniques.<\/p>\n<p>5) Le troupeau volaille \u00ab&nbsp;BIO&nbsp;\u00bb (poulet, pintades) permet aux \u00e9tudiants de suivre les performances de ce secteur bio.<\/p>\n<p>&nbsp;<\/p>\n<p><span style=\"color: #0000ff;\"><strong>LA MECANIQUE AGRICOLE <\/strong><\/span><\/p>\n<p>La ferme d\u2019application de l\u2019EPASC met \u00e0 disposition des \u00e9l\u00e8ves et de leurs professeurs du mat\u00e9riel agricole nombreux et performant. Pour les terrains situ\u00e9s autour de l\u2019\u00e9cole, toutes les interventions sur les cultures sont r\u00e9alis\u00e9es par les \u00e9l\u00e8ves (labour, semis, broyage, r\u00e9coltes de fourrage).<br>Une partie du mat\u00e9riel est sous leasing afin de maintenir un mat\u00e9riel de pointe.<\/p>\n<p>&nbsp;<\/p>\n<p><strong>Les travaux<\/strong><\/p>\n<p>Le travail de la ferme, traite, alimentation, soins aux animaux \u2026 et travaux aux champs, sont r\u00e9alis\u00e9s par une \u00e9quipe d\u2019ouvriers qualifi\u00e9s. Les prestations des \u00e9l\u00e8ves sont toujours accompagn\u00e9es et conservent un caract\u00e8re formatif.<\/p>\n<p>&nbsp;<\/p>\n<p><strong>La gestion technique-\u00e9conomique<\/strong><\/p>\n<p>La direction et une \u00e9quipe constitu\u00e9e du Chef d\u2019Atelier et de professeurs assurent la gestion strat\u00e9gique et op\u00e9rationnelle. La ferme est certifi\u00e9e DurAgr\u2019ISO 14001.<br>La comptabilit\u00e9 technico-\u00e9conomique tenue en collaboration avec l\u2019Asbl OPA-Qualit\u00e9 vient \u00e9galement en soutien \u00e0 la formation.<\/p>\n<p>&nbsp;<\/p>\n<p><strong>Partenariat<\/strong><\/p>\n<p>L\u2019\u00e9cole via son exploitation didactique d\u00e9veloppe de nombreux partenariats sous forme d\u2019essais et\/ou de recherche avec CIPF, OPA, AWA, ARSIA, firmes, universit\u00e9s, \u2026<\/p>\n<p>&nbsp;<\/p>\n<p>&nbsp;<\/p>","protected":false},"excerpt":{"rendered":"<p>La ferme didactique d\u2019application int\u00e9gr\u00e9e \u00e0 l\u2019\u00e9cole est situ\u00e9e dans le Condroz et est de type mixte (cultures et b\u00e9tails). Elle est \u00e0...<\/p>\n","protected":false},"author":1,"featured_media":0,"parent":258,"menu_order":6,"comment_status":"closed","ping_status":"closed","template":"","meta":{"ngg_post_thumbnail":0,"footnotes":""},"class_list":["post-341","page","type-page","status-publish","hentry"],"aioseo_notices":[],"_links":{"self":[{"href":"https:\/\/www.epasc-ciney.be\/epasc\/wp-json\/wp\/v2\/pages\/341","targetHints":{"allow":["GET"]}}],"collection":[{"href":"https:\/\/www.epasc-ciney.be\/epasc\/wp-json\/wp\/v2\/pages"}],"about":[{"href":"https:\/\/www.epasc-ciney.be\/epasc\/wp-json\/wp\/v2\/types\/page"}],"author":[{"embeddable":true,"href":"https:\/\/www.epasc-ciney.be\/epasc\/wp-json\/wp\/v2\/users\/1"}],"replies":[{"embeddable":true,"href":"https:\/\/www.epasc-ciney.be\/epasc\/wp-json\/wp\/v2\/comments?post=341"}],"version-history":[{"count":2,"href":"https:\/\/www.epasc-ciney.be\/epasc\/wp-json\/wp\/v2\/pages\/341\/revisions"}],"predecessor-version":[{"id":36792,"href":"https:\/\/www.epasc-ciney.be\/epasc\/wp-json\/wp\/v2\/pages\/341\/revisions\/36792"}],"up":[{"embeddable":true,"href":"https:\/\/www.epasc-ciney.be\/epasc\/wp-json\/wp\/v2\/pages\/258"}],"wp:attachment":[{"href":"https:\/\/www.epasc-ciney.be\/epasc\/wp-json\/wp\/v2\/media?parent=341"}],"curies":[{"name":"wp","href":"https:\/\/api.w.org\/{rel}","templated":true}]}}