{"id":306,"date":"2012-10-03T16:43:45","date_gmt":"2012-10-03T14:43:45","guid":{"rendered":"http:\/\/www.saintquentin.be\/site\/?page_id=306"},"modified":"2025-01-11T12:59:31","modified_gmt":"2025-01-11T11:59:31","slug":"annees-de-remediation","status":"publish","type":"page","link":"https:\/\/www.epasc-ciney.be\/epasc\/enseignement\/annees-de-remediation\/","title":{"rendered":"Premier degr\u00e9 diff\u00e9renci\u00e9 (1D - 2D) - ann\u00e9es de rem\u00e9diation"},"content":{"rendered":"<p><strong>&nbsp;<\/strong>- 1\u00e8re et 2\u00e8me ann\u00e9es diff\u00e9renci\u00e9es (1D et 2D).<\/p>\n<p>La premi\u00e8re ann\u00e9e diff\u00e9renci\u00e9e (ou d\u2019accueil 1D) est accessible aux \u00e9l\u00e8ves qui n\u2019ont pas obtenu en fin de primaire le certificat d\u2019\u00e9tude de base (CEB).<br>\u2022 Des activit\u00e9s compl\u00e9mentaires (voir les domaines),<br>\u2022 Une \u00e9tude encadr\u00e9e apr\u00e8s journ\u00e9e,<br>\u2022 Un environnement et une infrastructure de qualit\u00e9.<\/p>\n\n\n<h2><span style=\"color: #3366ff;\"><strong>Grilles horaire<\/strong><\/span><\/h2>\n\n\n\n<figure class=\"wp-block-image size-full is-resized\"><a href=\"https:\/\/i0.wp.com\/www.epasc-ciney.be\/epasc\/wp-content\/uploads\/2025\/01\/1D-2D_Grille-horaire.jpg?ssl=1\"><img data-recalc-dims=\"1\" loading=\"lazy\" decoding=\"async\" width=\"514\" height=\"549\" src=\"https:\/\/i0.wp.com\/www.epasc-ciney.be\/epasc\/wp-content\/uploads\/2025\/01\/1D-2D_Grille-horaire.jpg?resize=514%2C549&#038;ssl=1\" alt=\"\" class=\"wp-image-36852\" style=\"width:718px;height:auto\" srcset=\"https:\/\/i0.wp.com\/www.epasc-ciney.be\/epasc\/wp-content\/uploads\/2025\/01\/1D-2D_Grille-horaire.jpg?w=514&amp;ssl=1 514w, https:\/\/i0.wp.com\/www.epasc-ciney.be\/epasc\/wp-content\/uploads\/2025\/01\/1D-2D_Grille-horaire.jpg?resize=281%2C300&amp;ssl=1 281w\" sizes=\"auto, (max-width: 514px) 100vw, 514px\" \/><\/a><\/figure>\n\n\n\n<figure class=\"wp-block-image size-full is-resized\"><a href=\"https:\/\/i0.wp.com\/www.epasc-ciney.be\/epasc\/wp-content\/uploads\/2025\/01\/3DSO_Grille-horaire.jpg?ssl=1\"><img data-recalc-dims=\"1\" loading=\"lazy\" decoding=\"async\" width=\"514\" height=\"487\" src=\"https:\/\/i0.wp.com\/www.epasc-ciney.be\/epasc\/wp-content\/uploads\/2025\/01\/3DSO_Grille-horaire.jpg?resize=514%2C487&#038;ssl=1\" alt=\"\" class=\"wp-image-36853\" style=\"width:720px;height:auto\" srcset=\"https:\/\/i0.wp.com\/www.epasc-ciney.be\/epasc\/wp-content\/uploads\/2025\/01\/3DSO_Grille-horaire.jpg?w=514&amp;ssl=1 514w, https:\/\/i0.wp.com\/www.epasc-ciney.be\/epasc\/wp-content\/uploads\/2025\/01\/3DSO_Grille-horaire.jpg?resize=300%2C284&amp;ssl=1 300w\" sizes=\"auto, (max-width: 514px) 100vw, 514px\" \/><\/a><\/figure>\n","protected":false},"excerpt":{"rendered":"<p>&nbsp;- 1\u00e8re et 2\u00e8me ann\u00e9es diff\u00e9renci\u00e9es (1D et 2D). La premi\u00e8re ann\u00e9e diff\u00e9renci\u00e9e (ou d\u2019accueil 1D) est accessible aux \u00e9l\u00e8ves qui n\u2019ont pas...<\/p>\n","protected":false},"author":1,"featured_media":0,"parent":89,"menu_order":29,"comment_status":"closed","ping_status":"closed","template":"page-onecolumn.php","meta":{"ngg_post_thumbnail":0,"footnotes":""},"class_list":["post-306","page","type-page","status-publish","hentry"],"aioseo_notices":[],"_links":{"self":[{"href":"https:\/\/www.epasc-ciney.be\/epasc\/wp-json\/wp\/v2\/pages\/306","targetHints":{"allow":["GET"]}}],"collection":[{"href":"https:\/\/www.epasc-ciney.be\/epasc\/wp-json\/wp\/v2\/pages"}],"about":[{"href":"https:\/\/www.epasc-ciney.be\/epasc\/wp-json\/wp\/v2\/types\/page"}],"author":[{"embeddable":true,"href":"https:\/\/www.epasc-ciney.be\/epasc\/wp-json\/wp\/v2\/users\/1"}],"replies":[{"embeddable":true,"href":"https:\/\/www.epasc-ciney.be\/epasc\/wp-json\/wp\/v2\/comments?post=306"}],"version-history":[{"count":6,"href":"https:\/\/www.epasc-ciney.be\/epasc\/wp-json\/wp\/v2\/pages\/306\/revisions"}],"predecessor-version":[{"id":36854,"href":"https:\/\/www.epasc-ciney.be\/epasc\/wp-json\/wp\/v2\/pages\/306\/revisions\/36854"}],"up":[{"embeddable":true,"href":"https:\/\/www.epasc-ciney.be\/epasc\/wp-json\/wp\/v2\/pages\/89"}],"wp:attachment":[{"href":"https:\/\/www.epasc-ciney.be\/epasc\/wp-json\/wp\/v2\/media?parent=306"}],"curies":[{"name":"wp","href":"https:\/\/api.w.org\/{rel}","templated":true}]}}