{"id":29,"date":"2012-07-22T15:20:39","date_gmt":"2012-07-22T14:20:39","guid":{"rendered":"http:\/\/www.saintquentin.be\/site\/?page_id=29"},"modified":"2026-04-07T11:18:52","modified_gmt":"2026-04-07T09:18:52","slug":"horticulture","status":"publish","type":"page","link":"https:\/\/www.epasc-ciney.be\/epasc\/enseignement\/technique-de-qualification\/horticulture\/","title":{"rendered":"Qualification en Horticulture - d\u00e8s la 4\u00e8 ann\u00e9e"},"content":{"rendered":"\n<figure class=\"wp-block-image size-full is-resized\"><a href=\"https:\/\/i0.wp.com\/www.epasc-ciney.be\/epasc\/wp-content\/uploads\/2026\/04\/01.jpg?ssl=1\"><img data-recalc-dims=\"1\" loading=\"lazy\" decoding=\"async\" width=\"792\" height=\"790\" src=\"https:\/\/i0.wp.com\/www.epasc-ciney.be\/epasc\/wp-content\/uploads\/2026\/04\/01.jpg?resize=792%2C790&#038;ssl=1\" alt=\"\" class=\"wp-image-37250\" style=\"width:794px;height:auto\" srcset=\"https:\/\/i0.wp.com\/www.epasc-ciney.be\/epasc\/wp-content\/uploads\/2026\/04\/01.jpg?w=792&amp;ssl=1 792w, https:\/\/i0.wp.com\/www.epasc-ciney.be\/epasc\/wp-content\/uploads\/2026\/04\/01.jpg?resize=300%2C300&amp;ssl=1 300w, https:\/\/i0.wp.com\/www.epasc-ciney.be\/epasc\/wp-content\/uploads\/2026\/04\/01.jpg?resize=150%2C150&amp;ssl=1 150w, https:\/\/i0.wp.com\/www.epasc-ciney.be\/epasc\/wp-content\/uploads\/2026\/04\/01.jpg?resize=768%2C766&amp;ssl=1 768w, https:\/\/i0.wp.com\/www.epasc-ciney.be\/epasc\/wp-content\/uploads\/2026\/04\/01.jpg?resize=155%2C155&amp;ssl=1 155w, https:\/\/i0.wp.com\/www.epasc-ciney.be\/epasc\/wp-content\/uploads\/2026\/04\/01.jpg?resize=310%2C310&amp;ssl=1 310w, https:\/\/i0.wp.com\/www.epasc-ciney.be\/epasc\/wp-content\/uploads\/2026\/04\/01.jpg?resize=180%2C180&amp;ssl=1 180w, https:\/\/i0.wp.com\/www.epasc-ciney.be\/epasc\/wp-content\/uploads\/2026\/04\/01.jpg?resize=360%2C360&amp;ssl=1 360w, https:\/\/i0.wp.com\/www.epasc-ciney.be\/epasc\/wp-content\/uploads\/2026\/04\/01.jpg?resize=65%2C65&amp;ssl=1 65w, https:\/\/i0.wp.com\/www.epasc-ciney.be\/epasc\/wp-content\/uploads\/2026\/04\/01.jpg?resize=130%2C130&amp;ssl=1 130w, https:\/\/i0.wp.com\/www.epasc-ciney.be\/epasc\/wp-content\/uploads\/2026\/04\/01.jpg?resize=160%2C160&amp;ssl=1 160w, https:\/\/i0.wp.com\/www.epasc-ciney.be\/epasc\/wp-content\/uploads\/2026\/04\/01.jpg?resize=320%2C320&amp;ssl=1 320w, https:\/\/i0.wp.com\/www.epasc-ciney.be\/epasc\/wp-content\/uploads\/2026\/04\/01.jpg?resize=66%2C66&amp;ssl=1 66w, https:\/\/i0.wp.com\/www.epasc-ciney.be\/epasc\/wp-content\/uploads\/2026\/04\/01.jpg?resize=132%2C132&amp;ssl=1 132w, https:\/\/i0.wp.com\/www.epasc-ciney.be\/epasc\/wp-content\/uploads\/2026\/04\/01.jpg?resize=96%2C96&amp;ssl=1 96w, https:\/\/i0.wp.com\/www.epasc-ciney.be\/epasc\/wp-content\/uploads\/2026\/04\/01.jpg?resize=192%2C192&amp;ssl=1 192w\" sizes=\"auto, (max-width: 792px) 100vw, 792px\" \/><\/a><\/figure>\n\n\n\n<p>L\u2019enseignement technique de qualification pr\u00e9pare les \u00e9l\u00e8ves \u00e0 une qualification reconnue par le monde de l\u2019entreprise et leur offre aussi la possibilit\u00e9 int\u00e9ressante de poursuivre des \u00e9tudes sup\u00e9rieures (exemple : baccalaur\u00e9at).<br><br><em>En 3i\u00e8me ann\u00e9e, la formation en horticulture est ax\u00e9e sur des connaissances \u00e9l\u00e9mentaires en biologie v\u00e9g\u00e9tale, agronomie, topographie, \u2026 Des notions \u00e9l\u00e9mentaires associ\u00e9es \u00e0 l\u2019am\u00e9nagement de parcs et jardins sont \u00e9galement dispens\u00e9es.<\/em><\/p>\n<p><strong><span style=\"background-color: #ffff00;\">ATTENTION<\/span> : <span style=\"background-color: #ffff00;\">Suite \u00e0 la r\u00e9forme du parcours de l\u2019enseignement qualifiant, l\u2019\u00e9l\u00e8ve entame sa formation li\u00e9e au profil de certification \u201cAgriculteur(trice)\u201d d\u00e8s la 4i\u00e8me ann\u00e9e pour r\u00e9pondre aux aptitudes et comp\u00e9tences li\u00e9es au m\u00e9tier de technicien en horticulture.<\/span>&nbsp;<\/strong>&nbsp;<br><br>La qualification de technicien en horticulture permet \u00e0 l\u2019\u00e9l\u00e8ve d\u2019exercer son m\u00e9tier dans diff\u00e9rents sous-secteurs : la culture mara\u00eech\u00e8re et ornementale, l\u2019arboriculture fruiti\u00e8re, la floriculture, l\u2019am\u00e9nagement et l\u2019entretien des espaces verts et la p\u00e9pini\u00e8re. Pendant le cursus, un stage en entreprise est organis\u00e9.<\/p>\n\n\n\n<figure class=\"wp-block-image size-full is-resized\"><a href=\"https:\/\/i0.wp.com\/www.epasc-ciney.be\/epasc\/wp-content\/uploads\/2026\/04\/02-4.jpg?ssl=1\"><img data-recalc-dims=\"1\" loading=\"lazy\" decoding=\"async\" width=\"653\" height=\"217\" src=\"https:\/\/i0.wp.com\/www.epasc-ciney.be\/epasc\/wp-content\/uploads\/2026\/04\/02-4.jpg?resize=653%2C217&#038;ssl=1\" alt=\"\" class=\"wp-image-37258\" style=\"width:777px;height:auto\" srcset=\"https:\/\/i0.wp.com\/www.epasc-ciney.be\/epasc\/wp-content\/uploads\/2026\/04\/02-4.jpg?w=653&amp;ssl=1 653w, https:\/\/i0.wp.com\/www.epasc-ciney.be\/epasc\/wp-content\/uploads\/2026\/04\/02-4.jpg?resize=300%2C100&amp;ssl=1 300w\" sizes=\"auto, (max-width: 653px) 100vw, 653px\" \/><\/a><\/figure>\n\n\n\n<figure class=\"wp-block-image size-full is-resized\"><a href=\"https:\/\/i0.wp.com\/www.epasc-ciney.be\/epasc\/wp-content\/uploads\/2026\/04\/03.jpg?ssl=1\"><img data-recalc-dims=\"1\" loading=\"lazy\" decoding=\"async\" width=\"775\" height=\"494\" src=\"https:\/\/i0.wp.com\/www.epasc-ciney.be\/epasc\/wp-content\/uploads\/2026\/04\/03.jpg?resize=775%2C494&#038;ssl=1\" alt=\"\" class=\"wp-image-37257\" style=\"aspect-ratio:1.335589396503102;width:780px;height:auto\" srcset=\"https:\/\/i0.wp.com\/www.epasc-ciney.be\/epasc\/wp-content\/uploads\/2026\/04\/03.jpg?w=775&amp;ssl=1 775w, https:\/\/i0.wp.com\/www.epasc-ciney.be\/epasc\/wp-content\/uploads\/2026\/04\/03.jpg?resize=300%2C191&amp;ssl=1 300w, https:\/\/i0.wp.com\/www.epasc-ciney.be\/epasc\/wp-content\/uploads\/2026\/04\/03.jpg?resize=768%2C490&amp;ssl=1 768w\" sizes=\"auto, (max-width: 775px) 100vw, 775px\" \/><\/a><\/figure>\n\n\n\n<figure class=\"wp-block-image size-full is-resized\"><a href=\"https:\/\/i0.wp.com\/www.epasc-ciney.be\/epasc\/wp-content\/uploads\/2026\/04\/04.jpg?ssl=1\"><img data-recalc-dims=\"1\" loading=\"lazy\" decoding=\"async\" width=\"698\" height=\"226\" src=\"https:\/\/i0.wp.com\/www.epasc-ciney.be\/epasc\/wp-content\/uploads\/2026\/04\/04.jpg?resize=698%2C226&#038;ssl=1\" alt=\"\" class=\"wp-image-37259\" style=\"aspect-ratio:3.429927488464074;width:781px;height:auto\" srcset=\"https:\/\/i0.wp.com\/www.epasc-ciney.be\/epasc\/wp-content\/uploads\/2026\/04\/04.jpg?w=698&amp;ssl=1 698w, https:\/\/i0.wp.com\/www.epasc-ciney.be\/epasc\/wp-content\/uploads\/2026\/04\/04.jpg?resize=300%2C97&amp;ssl=1 300w\" sizes=\"auto, (max-width: 698px) 100vw, 698px\" \/><\/a><\/figure>\n\n\n\n<figure class=\"wp-block-image size-full is-resized\"><a href=\"https:\/\/i0.wp.com\/www.epasc-ciney.be\/epasc\/wp-content\/uploads\/2026\/04\/05.jpg?ssl=1\"><img data-recalc-dims=\"1\" loading=\"lazy\" decoding=\"async\" width=\"709\" height=\"799\" src=\"https:\/\/i0.wp.com\/www.epasc-ciney.be\/epasc\/wp-content\/uploads\/2026\/04\/05.jpg?resize=709%2C799&#038;ssl=1\" alt=\"\" class=\"wp-image-37260\" style=\"aspect-ratio:0.9521299956082565;width:781px;height:auto\" srcset=\"https:\/\/i0.wp.com\/www.epasc-ciney.be\/epasc\/wp-content\/uploads\/2026\/04\/05.jpg?w=709&amp;ssl=1 709w, https:\/\/i0.wp.com\/www.epasc-ciney.be\/epasc\/wp-content\/uploads\/2026\/04\/05.jpg?resize=266%2C300&amp;ssl=1 266w\" sizes=\"auto, (max-width: 709px) 100vw, 709px\" \/><\/a><\/figure>\n\n\n\n<h3><span style=\"color: #3366ff;\"><strong>La section en vid\u00e9o<\/strong><\/span><\/h3>\n\n\n\n<figure class=\"wp-block-video\"><video height=\"1080\" style=\"aspect-ratio: 1920 \/ 1080;\" width=\"1920\" controls src=\"https:\/\/www.epasc-ciney.be\/epasc\/wp-content\/uploads\/2021\/02\/Section_Qualif_Hoticulture.mp4\"><\/video><figcaption class=\"wp-element-caption\">Cliquez pour visionner...<\/figcaption><\/figure>\n\n\n","protected":false},"excerpt":{"rendered":"<p>L\u2019enseignement technique de qualification pr\u00e9pare les \u00e9l\u00e8ves \u00e0 une qualification reconnue par le monde de l\u2019entreprise et leur offre aussi la possibilit\u00e9 int\u00e9ressante...<\/p>\n","protected":false},"author":1,"featured_media":1336,"parent":129,"menu_order":13,"comment_status":"closed","ping_status":"closed","template":"page-onecolumn.php","meta":{"ngg_post_thumbnail":0,"footnotes":""},"class_list":["post-29","page","type-page","status-publish","has-post-thumbnail","hentry"],"aioseo_notices":[],"_links":{"self":[{"href":"https:\/\/www.epasc-ciney.be\/epasc\/wp-json\/wp\/v2\/pages\/29","targetHints":{"allow":["GET"]}}],"collection":[{"href":"https:\/\/www.epasc-ciney.be\/epasc\/wp-json\/wp\/v2\/pages"}],"about":[{"href":"https:\/\/www.epasc-ciney.be\/epasc\/wp-json\/wp\/v2\/types\/page"}],"author":[{"embeddable":true,"href":"https:\/\/www.epasc-ciney.be\/epasc\/wp-json\/wp\/v2\/users\/1"}],"replies":[{"embeddable":true,"href":"https:\/\/www.epasc-ciney.be\/epasc\/wp-json\/wp\/v2\/comments?post=29"}],"version-history":[{"count":24,"href":"https:\/\/www.epasc-ciney.be\/epasc\/wp-json\/wp\/v2\/pages\/29\/revisions"}],"predecessor-version":[{"id":37261,"href":"https:\/\/www.epasc-ciney.be\/epasc\/wp-json\/wp\/v2\/pages\/29\/revisions\/37261"}],"up":[{"embeddable":true,"href":"https:\/\/www.epasc-ciney.be\/epasc\/wp-json\/wp\/v2\/pages\/129"}],"wp:featuredmedia":[{"embeddable":true,"href":"https:\/\/www.epasc-ciney.be\/epasc\/wp-json\/"}],"wp:attachment":[{"href":"https:\/\/www.epasc-ciney.be\/epasc\/wp-json\/wp\/v2\/media?parent=29"}],"curies":[{"name":"wp","href":"https:\/\/api.w.org\/{rel}","templated":true}]}}