{"id":2711,"date":"2014-12-06T15:05:48","date_gmt":"2014-12-06T14:05:48","guid":{"rendered":"http:\/\/www.saintquentin.be\/epasc\/?page_id=2711"},"modified":"2015-05-02T13:17:32","modified_gmt":"2015-05-02T12:17:32","slug":"demarche-duragriso","status":"publish","type":"page","link":"https:\/\/www.epasc-ciney.be\/epasc\/activites-pedagogiques\/certifications\/demarche-duragriso\/","title":{"rendered":"D\u00e9marche Dur'Agr'Iso"},"content":{"rendered":"<p>La ferme didactique de l\u2019EPASC est certifi\u00e9e Dur\u2019Agr\u2019Iso 14001 attestant d\u2019une d\u00e9marche volontaire pour am\u00e9liorer la gestion environnementale de notre exploitation agricole. C\u2019est une certification collective soutenue par le CRA-W.<\/p>\n<p><a href=\"https:\/\/i0.wp.com\/www.saintquentin.be\/epasc\/wp-content\/uploads\/2012\/10\/Logo_DurAgrIso.jpg\"><img data-recalc-dims=\"1\" loading=\"lazy\" decoding=\"async\" class=\"aligncenter wp-image-636\" src=\"https:\/\/i0.wp.com\/www.saintquentin.be\/epasc\/wp-content\/uploads\/2012\/10\/Logo_DurAgrIso.jpg?resize=800%2C337\" alt=\"Logo_DurAgrIso\" width=\"800\" height=\"337\" srcset=\"https:\/\/i0.wp.com\/www.epasc-ciney.be\/epasc\/wp-content\/uploads\/2012\/10\/Logo_DurAgrIso.jpg?w=1005&amp;ssl=1 1005w, https:\/\/i0.wp.com\/www.epasc-ciney.be\/epasc\/wp-content\/uploads\/2012\/10\/Logo_DurAgrIso.jpg?resize=300%2C126&amp;ssl=1 300w\" sizes=\"auto, (max-width: 800px) 100vw, 800px\" \/><\/a><\/p>\n<p>Quatre grands enjeux animent la d\u00e9marche des adh\u00e9rents dont notre \u00e9cole\u00a0:<\/p>\n<ul>\n<li>Etre acteurs du d\u00e9veloppement durable (agriculture \u00e9conome, respectueuse de l\u2019environnement, cr\u00e9atrice d\u2019emplois et transmissible).<\/li>\n<li>Optimiser le fonctionnement de nos entreprises.<\/li>\n<li>Promouvoir l\u2019agriculture.<\/li>\n<li>Transmettre une terre saine aux g\u00e9n\u00e9rations futures.<\/li>\n<\/ul>\n<p>&nbsp;<\/p>\n<p>Cette d\u00e9marche fixe chaque ann\u00e9e des objectifs et cibles. Les entreprises sont contr\u00f4l\u00e9es annuellement par un organisme agr\u00e9e et ind\u00e9pendant. L\u2019utilit\u00e9 pour notre exploitation est de permettre aux \u00e9l\u00e8ves de d\u00e9couvrir les possibilit\u00e9s d\u2019optimiser l\u2019aspect environnemental d\u2019une exploitation.<\/p>\n","protected":false},"excerpt":{"rendered":"<p>La ferme didactique de l\u2019EPASC est certifi\u00e9e Dur\u2019Agr\u2019Iso 14001 attestant d\u2019une d\u00e9marche volontaire pour am\u00e9liorer la gestion environnementale de notre exploitation agricole. C\u2019est...<\/p>\n","protected":false},"author":1,"featured_media":0,"parent":2720,"menu_order":34,"comment_status":"open","ping_status":"open","template":"","meta":{"ngg_post_thumbnail":0,"footnotes":""},"class_list":["post-2711","page","type-page","status-publish","hentry"],"aioseo_notices":[],"_links":{"self":[{"href":"https:\/\/www.epasc-ciney.be\/epasc\/wp-json\/wp\/v2\/pages\/2711","targetHints":{"allow":["GET"]}}],"collection":[{"href":"https:\/\/www.epasc-ciney.be\/epasc\/wp-json\/wp\/v2\/pages"}],"about":[{"href":"https:\/\/www.epasc-ciney.be\/epasc\/wp-json\/wp\/v2\/types\/page"}],"author":[{"embeddable":true,"href":"https:\/\/www.epasc-ciney.be\/epasc\/wp-json\/wp\/v2\/users\/1"}],"replies":[{"embeddable":true,"href":"https:\/\/www.epasc-ciney.be\/epasc\/wp-json\/wp\/v2\/comments?post=2711"}],"version-history":[{"count":0,"href":"https:\/\/www.epasc-ciney.be\/epasc\/wp-json\/wp\/v2\/pages\/2711\/revisions"}],"up":[{"embeddable":true,"href":"https:\/\/www.epasc-ciney.be\/epasc\/wp-json\/wp\/v2\/pages\/2720"}],"wp:attachment":[{"href":"https:\/\/www.epasc-ciney.be\/epasc\/wp-json\/wp\/v2\/media?parent=2711"}],"curies":[{"name":"wp","href":"https:\/\/api.w.org\/{rel}","templated":true}]}}