{"id":271,"date":"2012-10-02T18:02:03","date_gmt":"2012-10-02T16:02:03","guid":{"rendered":"http:\/\/www.saintquentin.be\/site\/?page_id=271"},"modified":"2015-05-04T13:45:37","modified_gmt":"2015-05-04T12:45:37","slug":"aires-de-sport","status":"publish","type":"page","link":"https:\/\/www.epasc-ciney.be\/epasc\/outils-didactiques\/aires-de-sport\/","title":{"rendered":"Equipements sportifs"},"content":{"rendered":"<p>Pour le cours d\u2019\u00e9ducation physique nous b\u00e9n\u00e9ficions d\u2019un agr\u00e9able domaine et lorsqu\u2019il fait beau dehors nos \u00e9l\u00e8ves profitent de la nature en pratiquant du sport (parc, terrain de football, terrain de basket-ball ext\u00e9rieur,\u2026).<\/p>\n<p>Nous b\u00e9n\u00e9ficions \u00e9galement d\u2019un hall de sports, d\u2019une petite salle de gymnastique, d\u2019une salle de musculation et d\u2019une piscine (la piscine communale de Ciney).<\/p>\n<p>Que faisons nous comme sports ?<\/p>\n<p><strong>Dans le hall :<\/strong><\/p>\n<p style=\"padding-left: 30px;\">o\u00a0\u00a0 basket-ball,<\/p>\n<p style=\"padding-left: 30px;\">o\u00a0\u00a0 volley-ball (3 terrains),<\/p>\n<p style=\"padding-left: 30px;\">o\u00a0\u00a0 Unihoc,<\/p>\n<p style=\"padding-left: 30px;\">o\u00a0\u00a0 badminton (6 terrains),<\/p>\n<p style=\"padding-left: 30px;\">o\u00a0\u00a0 handball,<\/p>\n<p style=\"padding-left: 30px;\">o\u00a0\u00a0 mini-foot,<\/p>\n<p>pour les sports classiques<\/p>\n<p>Nous proposons \u00e9galement une panoplie de sports d\u00e9couvertes tel que :<\/p>\n<p style=\"padding-left: 30px;\">o\u00a0\u00a0 Le speedminton (sports raquettes),<\/p>\n<p style=\"padding-left: 30px;\">o\u00a0\u00a0 Le kingball (gros ballon d\u2019un m\u00e8tre de diam\u00e8tre),<\/p>\n<p style=\"padding-left: 30px;\">o\u00a0\u00a0 Le Tchoukball (se joue avec un genre de trempoline),<\/p>\n<p style=\"padding-left: 30px;\">o\u00a0\u00a0 Le one wall (4 terrains, genre de balle pelote),<\/p>\n<p style=\"padding-left: 30px;\">o\u00a0\u00a0 Le fresbee,<\/p>\n<p style=\"padding-left: 30px;\">o\u00a0\u00a0 Le gouret,\u2026<\/p>\n<p><strong>Dans la petite salle de gymnastique :<\/strong><\/p>\n<p style=\"padding-left: 30px;\">o\u00a0\u00a0 Gymnastique au sol,<\/p>\n<p style=\"padding-left: 30px;\">o\u00a0\u00a0 Saut gymnique,<\/p>\n<p style=\"padding-left: 30px;\">o\u00a0\u00a0 Parcous d\u2019endurance,<\/p>\n<p style=\"padding-left: 30px;\">o\u00a0\u00a0 Athl\u00e9tisme (saut en hauteur,\u2026),<\/p>\n<p style=\"padding-left: 30px;\">o\u00a0\u00a0 Divers sports : basket-ball, volley-ball, Unihoc, Tchoukball<\/p>\n<p><strong>Dans la salle de musculation :<\/strong><\/p>\n<p style=\"padding-left: 30px;\">o\u00a0\u00a0 Tennis de table,<\/p>\n<p style=\"padding-left: 30px;\">o\u00a0\u00a0 Nous disposons d\u2019une dizaine d\u2019engins pour sculpter le corps (travail des bras, jambes, abdos, dos,\u2026)<\/p>\n<p style=\"padding-left: 30px;\">o\u00a0\u00a0 Nous disposons \u00e9galement de tables de tennis de table (5)<\/p>\n<p><strong>Espace ext\u00e9rieur<\/strong><\/p>\n<p>-\u00a0\u00a0 Terrain de football o\u00f9 nous pratiquons :<\/p>\n<p style=\"padding-left: 30px;\">o\u00a0\u00a0 Le rugby,<\/p>\n<p style=\"padding-left: 30px;\">o\u00a0\u00a0 Le football 11 contre 11,<\/p>\n<p style=\"padding-left: 30px;\">o\u00a0\u00a0 3 terrains de sixtes,<\/p>\n<p style=\"padding-left: 30px;\">o\u00a0\u00a0 Base-ball,<\/p>\n<p style=\"padding-left: 30px;\">o\u00a0\u00a0 Freesbee (ultimate, disco golf,\u2026)<\/p>\n<p>- Parc o\u00f9 nous pratiquons :<\/p>\n<p style=\"padding-left: 30px;\">o\u00a0\u00a0 L\u2019endurance,<\/p>\n<p style=\"padding-left: 30px;\">o\u00a0\u00a0 L\u2019athl\u00e9tisme (lanc\u00e9 du poids, javelot, saut en longueur,\u2026)<\/p>\n<p style=\"padding-left: 30px;\">o\u00a0\u00a0 Le base-ball<\/p>\n<p style=\"padding-left: 30px;\">o\u00a0\u00a0 Freesbee (ultimate, disco golf,\u2026)<\/p>\n<p style=\"padding-left: 30px;\">o\u00a0\u00a0 Le swing golf<\/p>\n<p style=\"padding-left: 30px;\">o\u00a0\u00a0 \u2026<\/p>\n<p>-\u00a0 Le domaine o\u00f9 nous pratiquons :<\/p>\n<p style=\"padding-left: 30px;\">o\u00a0\u00a0 L\u2019endurance,<\/p>\n<p style=\"padding-left: 30px;\">o\u00a0\u00a0 Les courses d\u2019orientation (avec cartes),<\/p>\n<p>-\u00a0 La piscine communale de Ciney (enti\u00e8rement r\u00e9nov\u00e9e accueille principalement nos \u00e9l\u00e8ves du 1er degr\u00e9)<\/p>\n<p>-\u00a0 Le Ravel : nous disposons du Ravel id\u00e9al pour travailler l\u2019endurance et courir agr\u00e9ablement dans un d\u00e9cor bucolique<\/p>\n<p>Voil\u00e0, en quelques mots, les diff\u00e9rentes activit\u00e9s propos\u00e9es par nos professeurs d\u2019\u00e9ducation physique qui vous feront d\u00e9couvrir les diff\u00e9rents sports dans la joie et la bonne humeur mais avec beaucoup de s\u00e9rieux et de professionnalisme.<\/p>\n<p>L\u2019Equipe sportive<\/p>\n","protected":false},"excerpt":{"rendered":"<p>Pour le cours d\u2019\u00e9ducation physique nous b\u00e9n\u00e9ficions d\u2019un agr\u00e9able domaine et lorsqu\u2019il fait beau dehors nos \u00e9l\u00e8ves profitent de la nature en pratiquant...<\/p>\n","protected":false},"author":1,"featured_media":0,"parent":258,"menu_order":24,"comment_status":"closed","ping_status":"closed","template":"","meta":{"ngg_post_thumbnail":0,"footnotes":""},"class_list":["post-271","page","type-page","status-publish","hentry"],"aioseo_notices":[],"_links":{"self":[{"href":"https:\/\/www.epasc-ciney.be\/epasc\/wp-json\/wp\/v2\/pages\/271","targetHints":{"allow":["GET"]}}],"collection":[{"href":"https:\/\/www.epasc-ciney.be\/epasc\/wp-json\/wp\/v2\/pages"}],"about":[{"href":"https:\/\/www.epasc-ciney.be\/epasc\/wp-json\/wp\/v2\/types\/page"}],"author":[{"embeddable":true,"href":"https:\/\/www.epasc-ciney.be\/epasc\/wp-json\/wp\/v2\/users\/1"}],"replies":[{"embeddable":true,"href":"https:\/\/www.epasc-ciney.be\/epasc\/wp-json\/wp\/v2\/comments?post=271"}],"version-history":[{"count":0,"href":"https:\/\/www.epasc-ciney.be\/epasc\/wp-json\/wp\/v2\/pages\/271\/revisions"}],"up":[{"embeddable":true,"href":"https:\/\/www.epasc-ciney.be\/epasc\/wp-json\/wp\/v2\/pages\/258"}],"wp:attachment":[{"href":"https:\/\/www.epasc-ciney.be\/epasc\/wp-json\/wp\/v2\/media?parent=271"}],"curies":[{"name":"wp","href":"https:\/\/api.w.org\/{rel}","templated":true}]}}