{"id":2338,"date":"2014-09-26T09:52:47","date_gmt":"2014-09-26T08:52:47","guid":{"rendered":"http:\/\/www.saintquentin.be\/epasc\/?page_id=2338"},"modified":"2015-10-05T15:38:16","modified_gmt":"2015-10-05T14:38:16","slug":"amimentation","status":"publish","type":"page","link":"https:\/\/www.epasc-ciney.be\/epasc\/activites-pedagogiques\/certifications\/amimentation\/","title":{"rendered":"Projet alimentation saine et durable"},"content":{"rendered":"<p>D\u00e9couvrez ici notre projet alimentation en 8 diapositives. Cliquez sur les vignettes pour les agrandir ou d\u00e9marrez le diaporama..<\/p>\n<!-- default-view.php -->\n<div\n\tclass=\"ngg-galleryoverview default-view  ngg-ajax-pagination-none\"\n\tid=\"ngg-gallery-71173b133a0b3ee244f0731574a7707e-1\">\n\n\t\t<!-- Thumbnails -->\n\t\t\t\t<div id=\"ngg-image-0\" class=\"ngg-gallery-thumbnail-box \" >\n\t\t\t\t        <div class=\"ngg-gallery-thumbnail\">\n            <a href=\"https:\/\/www.epasc-ciney.be\/epasc\/wp-content\/gallery\/alimentation\/Diapositive1.JPG\"\n               title=\"\"\n               data-src=\"https:\/\/www.epasc-ciney.be\/epasc\/wp-content\/gallery\/alimentation\/Diapositive1.JPG\"\n               data-thumbnail=\"https:\/\/www.epasc-ciney.be\/epasc\/wp-content\/gallery\/alimentation\/thumbs\/thumbs_Diapositive1.JPG\"\n               data-image-id=\"1\"\n               data-title=\"Diapositive1\"\n               data-description=\"\"\n               data-image-slug=\"diapositive1\"\n               class=\"ngg-fancybox\" rel=\"71173b133a0b3ee244f0731574a7707e\">\n                <img\n                    title=\"Diapositive1\"\n                    alt=\"Diapositive1\"\n                    src=\"https:\/\/www.epasc-ciney.be\/epasc\/wp-content\/gallery\/alimentation\/thumbs\/thumbs_Diapositive1.JPG\"\n                    width=\"120\"\n                    height=\"90\"\n                    style=\"max-width:100%;\"\n                \/>\n            <\/a>\n        <\/div>\n\t\t\t\t\t\t\t<\/div> \n\t\t\t\n\t\t\t\t<div id=\"ngg-image-1\" class=\"ngg-gallery-thumbnail-box \" >\n\t\t\t\t        <div class=\"ngg-gallery-thumbnail\">\n            <a href=\"https:\/\/www.epasc-ciney.be\/epasc\/wp-content\/gallery\/alimentation\/Diapositive2.JPG\"\n               title=\"\"\n               data-src=\"https:\/\/www.epasc-ciney.be\/epasc\/wp-content\/gallery\/alimentation\/Diapositive2.JPG\"\n               data-thumbnail=\"https:\/\/www.epasc-ciney.be\/epasc\/wp-content\/gallery\/alimentation\/thumbs\/thumbs_Diapositive2.JPG\"\n               data-image-id=\"2\"\n               data-title=\"Diapositive2\"\n               data-description=\"\"\n               data-image-slug=\"diapositive2\"\n               class=\"ngg-fancybox\" rel=\"71173b133a0b3ee244f0731574a7707e\">\n                <img\n                    title=\"Diapositive2\"\n                    alt=\"Diapositive2\"\n                    src=\"https:\/\/www.epasc-ciney.be\/epasc\/wp-content\/gallery\/alimentation\/thumbs\/thumbs_Diapositive2.JPG\"\n                    width=\"120\"\n                    height=\"90\"\n                    style=\"max-width:100%;\"\n                \/>\n            <\/a>\n        <\/div>\n\t\t\t\t\t\t\t<\/div> \n\t\t\t\n\t\t\t\t<div id=\"ngg-image-2\" class=\"ngg-gallery-thumbnail-box \" >\n\t\t\t\t        <div class=\"ngg-gallery-thumbnail\">\n            <a href=\"https:\/\/www.epasc-ciney.be\/epasc\/wp-content\/gallery\/alimentation\/Diapositive3.JPG\"\n               title=\"\"\n               data-src=\"https:\/\/www.epasc-ciney.be\/epasc\/wp-content\/gallery\/alimentation\/Diapositive3.JPG\"\n               data-thumbnail=\"https:\/\/www.epasc-ciney.be\/epasc\/wp-content\/gallery\/alimentation\/thumbs\/thumbs_Diapositive3.JPG\"\n               data-image-id=\"3\"\n               data-title=\"Diapositive3\"\n               data-description=\"\"\n               data-image-slug=\"diapositive3\"\n               class=\"ngg-fancybox\" rel=\"71173b133a0b3ee244f0731574a7707e\">\n                <img\n                    title=\"Diapositive3\"\n                    alt=\"Diapositive3\"\n                    src=\"https:\/\/www.epasc-ciney.be\/epasc\/wp-content\/gallery\/alimentation\/thumbs\/thumbs_Diapositive3.JPG\"\n                    width=\"120\"\n                    height=\"90\"\n                    style=\"max-width:100%;\"\n                \/>\n            <\/a>\n        <\/div>\n\t\t\t\t\t\t\t<\/div> \n\t\t\t\n\t\t\t\t<div id=\"ngg-image-3\" class=\"ngg-gallery-thumbnail-box \" >\n\t\t\t\t        <div class=\"ngg-gallery-thumbnail\">\n            <a href=\"https:\/\/www.epasc-ciney.be\/epasc\/wp-content\/gallery\/alimentation\/Diapositive4.JPG\"\n               title=\"\"\n               data-src=\"https:\/\/www.epasc-ciney.be\/epasc\/wp-content\/gallery\/alimentation\/Diapositive4.JPG\"\n               data-thumbnail=\"https:\/\/www.epasc-ciney.be\/epasc\/wp-content\/gallery\/alimentation\/thumbs\/thumbs_Diapositive4.JPG\"\n               data-image-id=\"4\"\n               data-title=\"Diapositive4\"\n               data-description=\"\"\n               data-image-slug=\"diapositive4\"\n               class=\"ngg-fancybox\" rel=\"71173b133a0b3ee244f0731574a7707e\">\n                <img\n                    title=\"Diapositive4\"\n                    alt=\"Diapositive4\"\n                    src=\"https:\/\/www.epasc-ciney.be\/epasc\/wp-content\/gallery\/alimentation\/thumbs\/thumbs_Diapositive4.JPG\"\n                    width=\"120\"\n                    height=\"90\"\n                    style=\"max-width:100%;\"\n                \/>\n            <\/a>\n        <\/div>\n\t\t\t\t\t\t\t<\/div> \n\t\t\t\n\t\t\t\t<div id=\"ngg-image-4\" class=\"ngg-gallery-thumbnail-box \" >\n\t\t\t\t        <div class=\"ngg-gallery-thumbnail\">\n            <a href=\"https:\/\/www.epasc-ciney.be\/epasc\/wp-content\/gallery\/alimentation\/Diapositive5.JPG\"\n               title=\"\"\n               data-src=\"https:\/\/www.epasc-ciney.be\/epasc\/wp-content\/gallery\/alimentation\/Diapositive5.JPG\"\n               data-thumbnail=\"https:\/\/www.epasc-ciney.be\/epasc\/wp-content\/gallery\/alimentation\/thumbs\/thumbs_Diapositive5.JPG\"\n               data-image-id=\"5\"\n               data-title=\"Diapositive5\"\n               data-description=\"\"\n               data-image-slug=\"diapositive5\"\n               class=\"ngg-fancybox\" rel=\"71173b133a0b3ee244f0731574a7707e\">\n                <img\n                    title=\"Diapositive5\"\n                    alt=\"Diapositive5\"\n                    src=\"https:\/\/www.epasc-ciney.be\/epasc\/wp-content\/gallery\/alimentation\/thumbs\/thumbs_Diapositive5.JPG\"\n                    width=\"120\"\n                    height=\"90\"\n                    style=\"max-width:100%;\"\n                \/>\n            <\/a>\n        <\/div>\n\t\t\t\t\t\t\t<\/div> \n\t\t\t\n\t\t\t\t<div id=\"ngg-image-5\" class=\"ngg-gallery-thumbnail-box \" >\n\t\t\t\t        <div class=\"ngg-gallery-thumbnail\">\n            <a href=\"https:\/\/www.epasc-ciney.be\/epasc\/wp-content\/gallery\/alimentation\/Diapositive6.JPG\"\n               title=\"\"\n               data-src=\"https:\/\/www.epasc-ciney.be\/epasc\/wp-content\/gallery\/alimentation\/Diapositive6.JPG\"\n               data-thumbnail=\"https:\/\/www.epasc-ciney.be\/epasc\/wp-content\/gallery\/alimentation\/thumbs\/thumbs_Diapositive6.JPG\"\n               data-image-id=\"6\"\n               data-title=\"Diapositive6\"\n               data-description=\"\"\n               data-image-slug=\"diapositive6\"\n               class=\"ngg-fancybox\" rel=\"71173b133a0b3ee244f0731574a7707e\">\n                <img\n                    title=\"Diapositive6\"\n                    alt=\"Diapositive6\"\n                    src=\"https:\/\/www.epasc-ciney.be\/epasc\/wp-content\/gallery\/alimentation\/thumbs\/thumbs_Diapositive6.JPG\"\n                    width=\"120\"\n                    height=\"90\"\n                    style=\"max-width:100%;\"\n                \/>\n            <\/a>\n        <\/div>\n\t\t\t\t\t\t\t<\/div> \n\t\t\t\n\t\t\t\t<div id=\"ngg-image-6\" class=\"ngg-gallery-thumbnail-box \" >\n\t\t\t\t        <div class=\"ngg-gallery-thumbnail\">\n            <a href=\"https:\/\/www.epasc-ciney.be\/epasc\/wp-content\/gallery\/alimentation\/Diapositive7.JPG\"\n               title=\"\"\n               data-src=\"https:\/\/www.epasc-ciney.be\/epasc\/wp-content\/gallery\/alimentation\/Diapositive7.JPG\"\n               data-thumbnail=\"https:\/\/www.epasc-ciney.be\/epasc\/wp-content\/gallery\/alimentation\/thumbs\/thumbs_Diapositive7.JPG\"\n               data-image-id=\"7\"\n               data-title=\"Diapositive7\"\n               data-description=\"\"\n               data-image-slug=\"diapositive7\"\n               class=\"ngg-fancybox\" rel=\"71173b133a0b3ee244f0731574a7707e\">\n                <img\n                    title=\"Diapositive7\"\n                    alt=\"Diapositive7\"\n                    src=\"https:\/\/www.epasc-ciney.be\/epasc\/wp-content\/gallery\/alimentation\/thumbs\/thumbs_Diapositive7.JPG\"\n                    width=\"120\"\n                    height=\"90\"\n                    style=\"max-width:100%;\"\n                \/>\n            <\/a>\n        <\/div>\n\t\t\t\t\t\t\t<\/div> \n\t\t\t\n\t\t\t\t<div id=\"ngg-image-7\" class=\"ngg-gallery-thumbnail-box \" >\n\t\t\t\t        <div class=\"ngg-gallery-thumbnail\">\n            <a href=\"https:\/\/www.epasc-ciney.be\/epasc\/wp-content\/gallery\/alimentation\/Diapositive8.JPG\"\n               title=\"\"\n               data-src=\"https:\/\/www.epasc-ciney.be\/epasc\/wp-content\/gallery\/alimentation\/Diapositive8.JPG\"\n               data-thumbnail=\"https:\/\/www.epasc-ciney.be\/epasc\/wp-content\/gallery\/alimentation\/thumbs\/thumbs_Diapositive8.JPG\"\n               data-image-id=\"8\"\n               data-title=\"Diapositive8\"\n               data-description=\"\"\n               data-image-slug=\"diapositive8\"\n               class=\"ngg-fancybox\" rel=\"71173b133a0b3ee244f0731574a7707e\">\n                <img\n                    title=\"Diapositive8\"\n                    alt=\"Diapositive8\"\n                    src=\"https:\/\/www.epasc-ciney.be\/epasc\/wp-content\/gallery\/alimentation\/thumbs\/thumbs_Diapositive8.JPG\"\n                    width=\"120\"\n                    height=\"90\"\n                    style=\"max-width:100%;\"\n                \/>\n            <\/a>\n        <\/div>\n\t\t\t\t\t\t\t<\/div> \n\t\t\t\n\t\n\t<br style=\"clear: both\" \/>\n\n\t\t<div class=\"slideshowlink\">\n        <a href='https:\/\/www.epasc-ciney.be\/epasc\/activites-pedagogiques\/certifications\/amimentation\/nggallery\/slideshow'>[Montrer sous forme de diaporama]<\/a>\n\t\t\n\t<\/div>\n\t\n\t\t<!-- Pagination -->\n\t<div class='ngg-clear'><\/div>\t<\/div>\n\n<h4>Notre projet plus en d\u00e9tails dans deux vid\u00e9os<\/h4>\n<h1>Manger local \u00e0 la cantine? Possible!<\/h1>\n<p><a href=\"https:\/\/i0.wp.com\/www.saintquentin.be\/epasc\/wp-content\/uploads\/2014\/09\/MaTele.png\"><img data-recalc-dims=\"1\" loading=\"lazy\" decoding=\"async\" class=\"alignright wp-image-5432\" src=\"https:\/\/i0.wp.com\/www.saintquentin.be\/epasc\/wp-content\/uploads\/2014\/09\/MaTele-300x83.png?resize=200%2C55\" alt=\"\" width=\"200\" height=\"55\" srcset=\"https:\/\/i0.wp.com\/www.epasc-ciney.be\/epasc\/wp-content\/uploads\/2014\/09\/MaTele.png?resize=300%2C83&amp;ssl=1 300w, https:\/\/i0.wp.com\/www.epasc-ciney.be\/epasc\/wp-content\/uploads\/2014\/09\/MaTele.png?w=399&amp;ssl=1 399w\" sizes=\"auto, (max-width: 200px) 100vw, 200px\" \/><\/a><\/p>\n<p class=\"accroche\">Publi\u00e9 le 24\/09\/2015<\/p>\n<p class=\"accroche\"><strong>Se fournir chez l'agriculteur ou le mara\u00eecher du coin, c'est d\u00e9sormais plus facile pour les collectivit\u00e9s gr\u00e2ce au clic local. Lanc\u00e9e par l'APAQ-W, cette plate-forme met en lien fournisseurs et acheteurs. L'\u00e9cole provinciale d'agriculture de Ciney a franchi le pas.<\/strong><\/p>\n<p><iframe loading=\"lazy\" src=\"http:\/\/www.matele.be\/embed\/?id=69513&amp;r=2\" width=\"640\" height=\"360\" frameborder=\"0\" scrolling=\"no\" allowfullscreen=\"allowfullscreen\"><\/iframe><\/p>\n<p>A la cantine de l'\u00e9cole provincial d'agriculture de Ciney, on cuisine d\u00e9sormais aussi \u00e0 base de produits locaux.\u00a0C'est\u00a0gr\u00e2ce au \"clic local\" qui facilite les d\u00e9marches en \u00a0fournisseurs et collectivit\u00e9s locales. \u00a0Pour\u00a0Jean-Paul Houart, administrateur de l'internat de l'\u00e9cole provinciale, c'est une question de coh\u00e9rence.<\/p>\n<p><em>- \"Dans la conjoncture agricole actuelle c'est important de donner un coup de main aux producteurs locaux. C'est une d\u00e9marche vis-\u00e0-vis de nos jeunes pour qu'ils sachent que nous aussi, on s'en pr\u00e9occupe.\"<\/em><\/p>\n<p>A la boucherie fermi\u00e8re de Naom\u00e9, fournisseur de l'\u00e9cole, Marcel Martin appr\u00e9cie la d\u00e9marche:<\/p>\n<p><em>- \"C'est formidable. C'est une certaine reconnaissance et un respect du travail un peu plus artisanal.\"<\/em><\/p>\n<p>Pour le moment, l'\u00e9cole ach\u00e8te localement\u00a0 poires, pommes, jus et volailles. Une d\u00e9marche qu'elle envisage d'\u00e9tendre au niveau des produits laitiers. Se fournir via les centrales d'achat co\u00fbte pourtant un peu moins cher que chez les petits producteurs. Jean-Paul Houart explique:<\/p>\n<p><em>- \"Les petits producteurs ont pu s'adapter avec des prix tout-\u00e0-fait abordables. La province de Namur fait un effort par rapport \u00e0 son budget qu'elle a l\u00e9g\u00e8rement augment\u00e9 de mani\u00e8re \u00e0 pouvoir se servir localement. Mais il faut savoir \u00e9galement qu'un produit de qualit\u00e9 va r\u00e9duire nettement moins \u00e0 la cuisson, et donc au final, le grammage va rester le m\u00eame.\"<\/em><\/p>\n<p>L'\u00e9cole d'agriculture est une des rares collectivit\u00e9 dans la r\u00e9gion \u00e0 avoir fait la d\u00e9marche,\u00a0est-elle compliqu\u00e9e ? Jean-Paul Houart r\u00e9agit.<\/p>\n<p><em>- \"C'est relativement facile puisqu'il y a \u00e9norm\u00e9ment de contacts par mails, par sms. Ca ne nous para\u00eet pas compliqu\u00e9, il faut surfer un peu sur le net pour trouver les diff\u00e9rents producteurs.\"<\/em><\/p>\n<p>Le \"clic local\", c'est donc une autre mani\u00e8re de consommer pour les collectivit\u00e9s.<\/p>\n<div class=\"clear\"><\/div>\n<p><img data-recalc-dims=\"1\" loading=\"lazy\" decoding=\"async\" src=\"https:\/\/i0.wp.com\/www.matele.be\/optimized\/image\/anne_pirson1_x150.jpg?resize=35%2C53\" alt=\"\" width=\"35\" height=\"53\" align=\"left\" \/><strong>Anne Pirson<\/strong>, R\u00e9dactrice en chef<br \/>\n<a href=\"mailto:anne.pirson@matele.be\">anne.pirson@matele.be<\/a><\/p>\n<h1>La r\u00e9duction des d\u00e9chets passe par les cantines scolaires<\/h1>\n<p><strong>C'est la semaine europ\u00e9enne de la r\u00e9duction des d\u00e9chets, une initiative qui vise \u00e0 sensibiliser les institutions et les citoyens pour faire maigrir les poubelles. A l'\u00e9cole provinciale d'agronomie et des sciences, \u00e0 Ciney, les cantines se sont mises au vert!<\/strong><\/p>\n<p><iframe loading=\"lazy\" src=\"http:\/\/www.matele.be\/embed\/?id=67058&amp;r=2\" width=\"640\" height=\"360\" frameborder=\"0\" scrolling=\"no\" allowfullscreen=\"allowfullscreen\"><\/iframe><\/p>\n<p class=\"accroche\">Moins de gaspillage, c'est l'objectif assign\u00e9 par la province de Namur aux \u00e9coles qui sont plac\u00e9es sous son autorit\u00e9. A \"Sant-Quentin\", cela passe notamment par une gestion optimale des flux entrants dans les cuisines : produits frais et en vrac, si possible locaux ; commandes obligatoires pour b\u00e9n\u00e9ficier du repas ; r\u00e9utilisation des restes... Tout est d\u00e9j\u00e0 fait pour r\u00e9duire le tonnage des d\u00e9chets alimentaires.\u00a0Reste encore \u00e0 cr\u00e9er une fili\u00e8re de compostage pour les d\u00e9chets ultimes.\u00a0Ce sera fait sous peu, en partenariat avec la section horticulture.<\/p>\n<div class=\"clear\"><\/div>\n<p><img data-recalc-dims=\"1\" loading=\"lazy\" decoding=\"async\" src=\"https:\/\/i0.wp.com\/www.matele.be\/optimized\/image\/1b81e83_x40.jpg?resize=40%2C40\" alt=\"\" width=\"40\" height=\"40\" align=\"left\" \/>Thomas Nagant, Journaliste<br \/>\n<a href=\"mailto:thomas.nagant@matele.be?subject=J%C2%B4ai%20des%20infos%20pour%20vous\">thomas.nagant@matele.be<\/a><\/p>\n<p>D\u00e9couvrez <a title=\"Notre menu restaurant\" href=\"http:\/\/www.saintquentin.be\/epasc\/?page_id=1853\">notre menu restaurant en ligne<\/a> semaine apr\u00e8s semaine.<\/p>\n","protected":false},"excerpt":{"rendered":"<p>D\u00e9couvrez ici notre projet alimentation en 8 diapositives. Cliquez sur les vignettes pour les agrandir ou d\u00e9marrez le diaporama.. Notre projet plus en...<\/p>\n","protected":false},"author":1,"featured_media":0,"parent":2720,"menu_order":2,"comment_status":"open","ping_status":"open","template":"","meta":{"ngg_post_thumbnail":0,"footnotes":""},"class_list":["post-2338","page","type-page","status-publish","hentry"],"aioseo_notices":[],"_links":{"self":[{"href":"https:\/\/www.epasc-ciney.be\/epasc\/wp-json\/wp\/v2\/pages\/2338","targetHints":{"allow":["GET"]}}],"collection":[{"href":"https:\/\/www.epasc-ciney.be\/epasc\/wp-json\/wp\/v2\/pages"}],"about":[{"href":"https:\/\/www.epasc-ciney.be\/epasc\/wp-json\/wp\/v2\/types\/page"}],"author":[{"embeddable":true,"href":"https:\/\/www.epasc-ciney.be\/epasc\/wp-json\/wp\/v2\/users\/1"}],"replies":[{"embeddable":true,"href":"https:\/\/www.epasc-ciney.be\/epasc\/wp-json\/wp\/v2\/comments?post=2338"}],"version-history":[{"count":0,"href":"https:\/\/www.epasc-ciney.be\/epasc\/wp-json\/wp\/v2\/pages\/2338\/revisions"}],"up":[{"embeddable":true,"href":"https:\/\/www.epasc-ciney.be\/epasc\/wp-json\/wp\/v2\/pages\/2720"}],"wp:attachment":[{"href":"https:\/\/www.epasc-ciney.be\/epasc\/wp-json\/wp\/v2\/media?parent=2338"}],"curies":[{"name":"wp","href":"https:\/\/api.w.org\/{rel}","templated":true}]}}