{"id":1518,"date":"2014-02-09T10:16:17","date_gmt":"2014-02-09T09:16:17","guid":{"rendered":"http:\/\/www.saintquentin.be\/site\/?page_id=1518"},"modified":"2015-05-02T13:20:13","modified_gmt":"2015-05-02T12:20:13","slug":"jaime-sans-violence","status":"publish","type":"page","link":"https:\/\/www.epasc-ciney.be\/epasc\/divers\/jaime-sans-violence\/","title":{"rendered":"\"J'aime sans violence\""},"content":{"rendered":"<p><strong>Concours EVRAS \"J'aime sans Violence\" (14 f\u00e9vrier 2014)<\/strong><\/p>\n<p><em>Les deux s\u00e9quences vid\u00e9o propos\u00e9es par la classe de 4TTSA<\/em><\/p>\n<p><div class='jwplayer' id='jwplayer-0'><\/div><script type='text\/javascript'>if(typeof(jQuery)==\"function\"){(function($){$.fn.fitVids=function(){}})(jQuery)};jwplayer('jwplayer-0').setup([]);\n<\/script><\/p>\n<p><div class='jwplayer' id='jwplayer-1'><\/div><script type='text\/javascript'>if(typeof(jQuery)==\"function\"){(function($){$.fn.fitVids=function(){}})(jQuery)};jwplayer('jwplayer-1').setup([]);\n<\/script><\/p>\n<p>&nbsp;<\/p>\n","protected":false},"excerpt":{"rendered":"<p>Concours EVRAS \"J'aime sans Violence\" (14 f\u00e9vrier 2014) Les deux s\u00e9quences vid\u00e9o propos\u00e9es par la classe de 4TTSA &nbsp;<\/p>\n","protected":false},"author":1,"featured_media":0,"parent":4239,"menu_order":2,"comment_status":"open","ping_status":"open","template":"onecolumn-page.php","meta":{"ngg_post_thumbnail":0,"footnotes":""},"class_list":["post-1518","page","type-page","status-publish","hentry"],"aioseo_notices":[],"_links":{"self":[{"href":"https:\/\/www.epasc-ciney.be\/epasc\/wp-json\/wp\/v2\/pages\/1518","targetHints":{"allow":["GET"]}}],"collection":[{"href":"https:\/\/www.epasc-ciney.be\/epasc\/wp-json\/wp\/v2\/pages"}],"about":[{"href":"https:\/\/www.epasc-ciney.be\/epasc\/wp-json\/wp\/v2\/types\/page"}],"author":[{"embeddable":true,"href":"https:\/\/www.epasc-ciney.be\/epasc\/wp-json\/wp\/v2\/users\/1"}],"replies":[{"embeddable":true,"href":"https:\/\/www.epasc-ciney.be\/epasc\/wp-json\/wp\/v2\/comments?post=1518"}],"version-history":[{"count":1,"href":"https:\/\/www.epasc-ciney.be\/epasc\/wp-json\/wp\/v2\/pages\/1518\/revisions"}],"predecessor-version":[{"id":11475,"href":"https:\/\/www.epasc-ciney.be\/epasc\/wp-json\/wp\/v2\/pages\/1518\/revisions\/11475"}],"up":[{"embeddable":true,"href":"https:\/\/www.epasc-ciney.be\/epasc\/wp-json\/wp\/v2\/pages\/4239"}],"wp:attachment":[{"href":"https:\/\/www.epasc-ciney.be\/epasc\/wp-json\/wp\/v2\/media?parent=1518"}],"curies":[{"name":"wp","href":"https:\/\/api.w.org\/{rel}","templated":true}]}}