{"id":144,"date":"2012-10-01T21:15:20","date_gmt":"2012-10-01T19:15:20","guid":{"rendered":"http:\/\/www.saintquentin.be\/site\/?page_id=144"},"modified":"2012-10-01T21:15:20","modified_gmt":"2012-10-01T19:15:20","slug":"le-pouvoir-organisateur","status":"publish","type":"page","link":"https:\/\/www.epasc-ciney.be\/epasc\/notre-ecole\/le-pouvoir-organisateur\/","title":{"rendered":"Le Pouvoir Organisateur"},"content":{"rendered":"<div id=\"header\"><\/div>\n<div id=\"mainContent\">\n<h1><\/h1>\n<p><img data-recalc-dims=\"1\" loading=\"lazy\" decoding=\"async\" src=\"https:\/\/i0.wp.com\/www.saintquentin.be\/N\/images\/28_Conseil_T.png?resize=295%2C37\" alt=\"\" width=\"295\" height=\"37\" \/><\/p>\n<table width=\"596\" border=\"0\">\n<tbody>\n<tr>\n<td width=\"362\">L\u2019EPASC, Ecole Provinciale d'Agronomie et des Sciences de Ciney, a comme pouvoir organisateur la Province de Namur.<br \/>\nLe Coll\u00e8ge Provincial est l\u2019organe ex\u00e9cutif du conseil provincial qui repr\u00e9sente le \u00abParlement\u00bb de la Province.<\/td>\n<td><img data-recalc-dims=\"1\" loading=\"lazy\" decoding=\"async\" src=\"https:\/\/i0.wp.com\/www.saintquentin.be\/N\/images\/28_Logo_province.png?resize=196%2C89\" alt=\"loprpov\" width=\"196\" height=\"89\" align=\"right\" \/><\/td>\n<\/tr>\n<\/tbody>\n<\/table>\n<p>&nbsp;<\/p>\n<p>&nbsp;<\/p>\n<p><img data-recalc-dims=\"1\" loading=\"lazy\" decoding=\"async\" src=\"https:\/\/i0.wp.com\/www.saintquentin.be\/N\/images\/28_PO_T.png?resize=325%2C39\" alt=\"\" width=\"325\" height=\"39\" \/><\/p>\n<p><img data-recalc-dims=\"1\" loading=\"lazy\" decoding=\"async\" src=\"https:\/\/i0.wp.com\/www.saintquentin.be\/N\/images\/28_ConseilParticip.gif?resize=600%2C128\" alt=\"\" width=\"600\" height=\"128\" \/><\/p>\n<p>Le conseil de participation est con\u00e7u pour donner sa pleine expression \u00e0 la communaut\u00e9 \u00e9ducative.<\/p>\n<p>Missions du Conseil de participation<br \/>\n- D\u00e9battre du projet d\u2019\u00e9tablissement<br \/>\n- L\u2019amender et le compl\u00e9ter<br \/>\n- Le proposer \u00e0 l\u2019approbation du pouvoir organisateur.<br \/>\n- Evaluer sa mise en \u0153uvre. - Proposer des adaptations.<br \/>\n- Remettre un avis sur le rapport d\u2019activit\u00e9s.<\/p>\n<p>Composition du Conseil de participation<br \/>\n- Deux repr\u00e9sentants du pouvoir organisateur<br \/>\n- Le chef d\u2019\u00e9tablissement<br \/>\n- Le sous-directeur<br \/>\n- Trois repr\u00e9sentants parents<br \/>\n- Trois d\u00e9l\u00e9gu\u00e9s \u00e9l\u00e8ves<br \/>\n- Trois enseignants<br \/>\n- Un repr\u00e9sentant ouvrier<br \/>\n- Trois repr\u00e9sentants Environnement social, culturel et \u00e9conomique.<\/p>\n<p>&nbsp;<\/p>\n<p>&nbsp;<\/p>\n<\/div>\n","protected":false},"excerpt":{"rendered":"<p>L\u2019EPASC, Ecole Provinciale d'Agronomie et des Sciences de Ciney, a comme pouvoir organisateur la Province de Namur. Le Coll\u00e8ge Provincial est l\u2019organe ex\u00e9cutif...<\/p>\n","protected":false},"author":1,"featured_media":0,"parent":22,"menu_order":37,"comment_status":"closed","ping_status":"closed","template":"onecolumn-page.php","meta":{"ngg_post_thumbnail":0,"footnotes":""},"class_list":["post-144","page","type-page","status-publish","hentry"],"aioseo_notices":[],"_links":{"self":[{"href":"https:\/\/www.epasc-ciney.be\/epasc\/wp-json\/wp\/v2\/pages\/144","targetHints":{"allow":["GET"]}}],"collection":[{"href":"https:\/\/www.epasc-ciney.be\/epasc\/wp-json\/wp\/v2\/pages"}],"about":[{"href":"https:\/\/www.epasc-ciney.be\/epasc\/wp-json\/wp\/v2\/types\/page"}],"author":[{"embeddable":true,"href":"https:\/\/www.epasc-ciney.be\/epasc\/wp-json\/wp\/v2\/users\/1"}],"replies":[{"embeddable":true,"href":"https:\/\/www.epasc-ciney.be\/epasc\/wp-json\/wp\/v2\/comments?post=144"}],"version-history":[{"count":0,"href":"https:\/\/www.epasc-ciney.be\/epasc\/wp-json\/wp\/v2\/pages\/144\/revisions"}],"up":[{"embeddable":true,"href":"https:\/\/www.epasc-ciney.be\/epasc\/wp-json\/wp\/v2\/pages\/22"}],"wp:attachment":[{"href":"https:\/\/www.epasc-ciney.be\/epasc\/wp-json\/wp\/v2\/media?parent=144"}],"curies":[{"name":"wp","href":"https:\/\/api.w.org\/{rel}","templated":true}]}}