{"id":1352,"date":"2012-07-14T09:18:27","date_gmt":"2012-07-14T08:18:27","guid":{"rendered":"http:\/\/www.saintquentin.be\/site\/?page_id=14"},"modified":"2025-12-23T18:14:40","modified_gmt":"2025-12-23T17:14:40","slug":"accueil","status":"publish","type":"page","link":"https:\/\/www.epasc-ciney.be\/epasc\/notre-ecole\/accueil\/","title":{"rendered":"Nos formations"},"content":{"rendered":"<h2>Bienvenue sur le site de Saint-Quentin ! <br \/>D\u00e9couvrez toutes les offres de formation propos\u00e9es par l'EPASC<\/h2>\n\n\n<figure class=\"wp-block-image size-full is-style-default\"><a href=\"https:\/\/i0.wp.com\/www.epasc-ciney.be\/epasc\/wp-content\/uploads\/2025\/12\/Nos-formations.png?ssl=1\"><img data-recalc-dims=\"1\" loading=\"lazy\" decoding=\"async\" width=\"1115\" height=\"613\" src=\"https:\/\/i0.wp.com\/www.epasc-ciney.be\/epasc\/wp-content\/uploads\/2025\/12\/Nos-formations.png?resize=1115%2C613&#038;ssl=1\" alt=\"\" class=\"wp-image-37030\" srcset=\"https:\/\/i0.wp.com\/www.epasc-ciney.be\/epasc\/wp-content\/uploads\/2025\/12\/Nos-formations.png?w=1233&amp;ssl=1 1233w, https:\/\/i0.wp.com\/www.epasc-ciney.be\/epasc\/wp-content\/uploads\/2025\/12\/Nos-formations.png?resize=300%2C165&amp;ssl=1 300w, https:\/\/i0.wp.com\/www.epasc-ciney.be\/epasc\/wp-content\/uploads\/2025\/12\/Nos-formations.png?resize=1024%2C563&amp;ssl=1 1024w, https:\/\/i0.wp.com\/www.epasc-ciney.be\/epasc\/wp-content\/uploads\/2025\/12\/Nos-formations.png?resize=768%2C422&amp;ssl=1 768w\" sizes=\"auto, (max-width: 1115px) 100vw, 1115px\" \/><\/a><figcaption class=\"wp-element-caption\">Cliquez pour agrandir...<\/figcaption><\/figure>\n\n\n\n<h2><strong>Pr\u00e9paration aux \u00e9tudes sup\u00e9rieures<\/strong><br><br><a title=\"Techniques de Transition\" href=\"https:\/\/www.epasc-ciney.be\/epasc\/?page_id=4\">Techniques de transition en sciences appliqu\u00e9es et en sciences agronomiques<\/a><\/h2>\n\n\n\n<h2 style=\"text-align: left;\"><strong>Formations de technicien en :<\/strong><\/h2>\n\n\n\n<ul>\n<li>\n<h2><a title=\"Qualification en Agriculture\" href=\"https:\/\/www.epasc-ciney.be\/epasc\/?page_id=1351\">Agriculture<\/a><\/h2>\n<\/li>\n<li>\n<h2><a title=\"Qualification en agro-\u00e9quipement\" href=\"https:\/\/www.epasc-ciney.be\/epasc\/enseignement\/technique-de-qualification\/?page_id=35\">Agro-\u00e9quipement<\/a><\/h2>\n<\/li>\n<\/ul>\n\n\n\n<h2><strong>Formations Professionnelles en :<\/strong><\/h2>\n<ul>\n<li>\n<h2><a title=\"Options professionnelles\" href=\"https:\/\/www.epasc-ciney.be\/epasc\/enseignement\/options-professionnelles\/section-professionnelle\/\">Agent agricole polyvalent<\/a><\/h2>\n<\/li>\n<li>\n<h2><a title=\"Options professionnelles\" href=\"https:\/\/www.epasc-ciney.be\/epasc\/enseignement\/options-professionnelles\/filiere-professionnelle-horticole\/\">Ouvrier qualifi\u00e9 en horticulture<\/a><\/h2>\n<\/li>\n<li>\n<h2><a style=\"font-size: revert; font-weight: revert;\" title=\"Options professionnelles\" href=\"https:\/\/www.epasc-ciney.be\/epasc\/enseignement\/options-professionnelles\/filiere-professionnelle-horticole\/\">Horticulteur-trice sp\u00e9cialis\u00e9-e en am\u00e9nagement de parcs et jardins<\/a><\/h2>\n<\/li>\n<\/ul>\n\n\n\n<h3><strong>-----------------------------------------------------------------------------<br>Permis G<\/strong><\/h3>\n<h6><strong>En plus des formations classiques, L'EPASC en tant que centre de formation agricole agr\u00e9e organise des formations pour le permis tracteur (permis G)<br><\/strong><br><a title=\"Options professionnelles\" href=\"https:\/\/www.epasc-ciney.be\/epasc\/permis-g\/\">Pour en savoir plus, cliquez ICI...<\/a><\/h6>\n<p>&nbsp;<\/p>\n\n\n","protected":false},"excerpt":{"rendered":"<p>Bienvenue sur le site de Saint-Quentin ! D\u00e9couvrez toutes les offres de formation propos\u00e9es par l'EPASC Pr\u00e9paration aux \u00e9tudes sup\u00e9rieures Techniques de transition...<\/p>\n","protected":false},"author":2,"featured_media":0,"parent":22,"menu_order":6,"comment_status":"closed","ping_status":"closed","template":"page-onecolumn.php","meta":{"ngg_post_thumbnail":0,"footnotes":""},"class_list":["post-1352","page","type-page","status-publish","hentry"],"aioseo_notices":[],"_links":{"self":[{"href":"https:\/\/www.epasc-ciney.be\/epasc\/wp-json\/wp\/v2\/pages\/1352","targetHints":{"allow":["GET"]}}],"collection":[{"href":"https:\/\/www.epasc-ciney.be\/epasc\/wp-json\/wp\/v2\/pages"}],"about":[{"href":"https:\/\/www.epasc-ciney.be\/epasc\/wp-json\/wp\/v2\/types\/page"}],"author":[{"embeddable":true,"href":"https:\/\/www.epasc-ciney.be\/epasc\/wp-json\/wp\/v2\/users\/2"}],"replies":[{"embeddable":true,"href":"https:\/\/www.epasc-ciney.be\/epasc\/wp-json\/wp\/v2\/comments?post=1352"}],"version-history":[{"count":42,"href":"https:\/\/www.epasc-ciney.be\/epasc\/wp-json\/wp\/v2\/pages\/1352\/revisions"}],"predecessor-version":[{"id":37062,"href":"https:\/\/www.epasc-ciney.be\/epasc\/wp-json\/wp\/v2\/pages\/1352\/revisions\/37062"}],"up":[{"embeddable":true,"href":"https:\/\/www.epasc-ciney.be\/epasc\/wp-json\/wp\/v2\/pages\/22"}],"wp:attachment":[{"href":"https:\/\/www.epasc-ciney.be\/epasc\/wp-json\/wp\/v2\/media?parent=1352"}],"curies":[{"name":"wp","href":"https:\/\/api.w.org\/{rel}","templated":true}]}}