{"id":1351,"date":"2012-07-14T07:52:41","date_gmt":"2012-07-14T06:52:41","guid":{"rendered":"http:\/\/www.saintquentin.be\/site\/?page_id=7"},"modified":"2026-03-12T14:54:19","modified_gmt":"2026-03-12T13:54:19","slug":"agriculture","status":"publish","type":"page","link":"https:\/\/www.epasc-ciney.be\/epasc\/enseignement\/technique-de-qualification\/agriculture\/","title":{"rendered":"Qualification en Agriculture - d\u00e8s la 4\u00e8 ann\u00e9e"},"content":{"rendered":"\n<figure class=\"wp-block-image size-full is-resized\"><a href=\"https:\/\/i0.wp.com\/www.epasc-ciney.be\/epasc\/wp-content\/uploads\/2026\/03\/01-2.jpg?ssl=1\"><img data-recalc-dims=\"1\" loading=\"lazy\" decoding=\"async\" width=\"790\" height=\"787\" src=\"https:\/\/i0.wp.com\/www.epasc-ciney.be\/epasc\/wp-content\/uploads\/2026\/03\/01-2.jpg?resize=790%2C787&#038;ssl=1\" alt=\"\" class=\"wp-image-37178\" style=\"width:823px;height:auto\" srcset=\"https:\/\/i0.wp.com\/www.epasc-ciney.be\/epasc\/wp-content\/uploads\/2026\/03\/01-2.jpg?w=790&amp;ssl=1 790w, https:\/\/i0.wp.com\/www.epasc-ciney.be\/epasc\/wp-content\/uploads\/2026\/03\/01-2.jpg?resize=300%2C300&amp;ssl=1 300w, https:\/\/i0.wp.com\/www.epasc-ciney.be\/epasc\/wp-content\/uploads\/2026\/03\/01-2.jpg?resize=150%2C150&amp;ssl=1 150w, https:\/\/i0.wp.com\/www.epasc-ciney.be\/epasc\/wp-content\/uploads\/2026\/03\/01-2.jpg?resize=768%2C765&amp;ssl=1 768w, https:\/\/i0.wp.com\/www.epasc-ciney.be\/epasc\/wp-content\/uploads\/2026\/03\/01-2.jpg?resize=155%2C155&amp;ssl=1 155w, https:\/\/i0.wp.com\/www.epasc-ciney.be\/epasc\/wp-content\/uploads\/2026\/03\/01-2.jpg?resize=310%2C310&amp;ssl=1 310w, https:\/\/i0.wp.com\/www.epasc-ciney.be\/epasc\/wp-content\/uploads\/2026\/03\/01-2.jpg?resize=180%2C180&amp;ssl=1 180w, https:\/\/i0.wp.com\/www.epasc-ciney.be\/epasc\/wp-content\/uploads\/2026\/03\/01-2.jpg?resize=360%2C360&amp;ssl=1 360w, https:\/\/i0.wp.com\/www.epasc-ciney.be\/epasc\/wp-content\/uploads\/2026\/03\/01-2.jpg?resize=65%2C65&amp;ssl=1 65w, https:\/\/i0.wp.com\/www.epasc-ciney.be\/epasc\/wp-content\/uploads\/2026\/03\/01-2.jpg?resize=130%2C130&amp;ssl=1 130w, https:\/\/i0.wp.com\/www.epasc-ciney.be\/epasc\/wp-content\/uploads\/2026\/03\/01-2.jpg?resize=160%2C160&amp;ssl=1 160w, https:\/\/i0.wp.com\/www.epasc-ciney.be\/epasc\/wp-content\/uploads\/2026\/03\/01-2.jpg?resize=320%2C320&amp;ssl=1 320w, https:\/\/i0.wp.com\/www.epasc-ciney.be\/epasc\/wp-content\/uploads\/2026\/03\/01-2.jpg?resize=66%2C66&amp;ssl=1 66w, https:\/\/i0.wp.com\/www.epasc-ciney.be\/epasc\/wp-content\/uploads\/2026\/03\/01-2.jpg?resize=132%2C132&amp;ssl=1 132w, https:\/\/i0.wp.com\/www.epasc-ciney.be\/epasc\/wp-content\/uploads\/2026\/03\/01-2.jpg?resize=96%2C96&amp;ssl=1 96w, https:\/\/i0.wp.com\/www.epasc-ciney.be\/epasc\/wp-content\/uploads\/2026\/03\/01-2.jpg?resize=192%2C192&amp;ssl=1 192w\" sizes=\"auto, (max-width: 790px) 100vw, 790px\" \/><\/a><\/figure>\n\n\n\n<p>L'enseignement technique de qualification pr\u00e9pare les \u00e9l\u00e8ves \u00e0 une qualification reconnue par le monde de l'entreprise et leur offre aussi la possibilit\u00e9 int\u00e9ressante de poursuivre des \u00e9tudes sup\u00e9rieures (exemple : baccalaur\u00e9at).<br><em>En 3i\u00e8me ann\u00e9e, la formation en agriculture est bas\u00e9e sur les fondamentaux en biologie v\u00e9g\u00e9tale, biologie animale, m\u00e9canique de base,...<\/em><\/p>\n<p><strong><span style=\"background-color: #ffff00;\">ATTENTION<\/span> : <span style=\"background-color: #ffff00;\">Suite \u00e0 la r\u00e9forme du parcours de l\u2019enseignement qualifiant, l\u2019\u00e9l\u00e8ve entame sa formation li\u00e9e au profil de certification \u201cAgriculteur(trice)\u201d d\u00e8s la 4i\u00e8me ann\u00e9e pour r\u00e9pondre aux aptitudes et comp\u00e9tences li\u00e9es au m\u00e9tier d\u2019agriculteur.<br><br><\/span><\/strong>Cette qualification permettra \u00e0 l\u2019\u00e9l\u00e8ve d\u2019exercer le m\u00e9tier d\u2019agriculteur ou un m\u00e9tier en rapport direct avec cette profession (secteurs amont et aval de l\u2019exploitation agricole, dans les services publics, associatifs ou priv\u00e9s). Les grands axes des techniques agricoles modernes sont les productions v\u00e9g\u00e9tales, les productions animales, les productions de diversifications, la gestion et l\u2019organisation de l\u2019entreprise, le g\u00e9nie rural et la maintenance du mat\u00e9riel agricole. <span style=\"color: #000000; background-color: #ffff00;\">Des stages en entreprise sont organis\u00e9s pendant tout le parcours.<\/span><\/p>\n\n\n\n<figure class=\"wp-block-image size-full is-resized\"><a href=\"https:\/\/i0.wp.com\/www.epasc-ciney.be\/epasc\/wp-content\/uploads\/2026\/03\/02-3.jpg?ssl=1\"><img data-recalc-dims=\"1\" loading=\"lazy\" decoding=\"async\" width=\"773\" height=\"156\" src=\"https:\/\/i0.wp.com\/www.epasc-ciney.be\/epasc\/wp-content\/uploads\/2026\/03\/02-3.jpg?resize=773%2C156&#038;ssl=1\" alt=\"\" class=\"wp-image-37181\" style=\"width:822px;height:auto\" srcset=\"https:\/\/i0.wp.com\/www.epasc-ciney.be\/epasc\/wp-content\/uploads\/2026\/03\/02-3.jpg?w=773&amp;ssl=1 773w, https:\/\/i0.wp.com\/www.epasc-ciney.be\/epasc\/wp-content\/uploads\/2026\/03\/02-3.jpg?resize=300%2C61&amp;ssl=1 300w, https:\/\/i0.wp.com\/www.epasc-ciney.be\/epasc\/wp-content\/uploads\/2026\/03\/02-3.jpg?resize=768%2C155&amp;ssl=1 768w\" sizes=\"auto, (max-width: 773px) 100vw, 773px\" \/><\/a><\/figure>\n\n\n\n<figure class=\"wp-block-image size-full is-resized\"><a href=\"https:\/\/i0.wp.com\/www.epasc-ciney.be\/epasc\/wp-content\/uploads\/2026\/03\/03-2.jpg?ssl=1\"><img data-recalc-dims=\"1\" loading=\"lazy\" decoding=\"async\" width=\"792\" height=\"593\" src=\"https:\/\/i0.wp.com\/www.epasc-ciney.be\/epasc\/wp-content\/uploads\/2026\/03\/03-2.jpg?resize=792%2C593&#038;ssl=1\" alt=\"\" class=\"wp-image-37180\" style=\"width:821px;height:auto\" srcset=\"https:\/\/i0.wp.com\/www.epasc-ciney.be\/epasc\/wp-content\/uploads\/2026\/03\/03-2.jpg?w=792&amp;ssl=1 792w, https:\/\/i0.wp.com\/www.epasc-ciney.be\/epasc\/wp-content\/uploads\/2026\/03\/03-2.jpg?resize=300%2C225&amp;ssl=1 300w, https:\/\/i0.wp.com\/www.epasc-ciney.be\/epasc\/wp-content\/uploads\/2026\/03\/03-2.jpg?resize=768%2C575&amp;ssl=1 768w\" sizes=\"auto, (max-width: 792px) 100vw, 792px\" \/><\/a><\/figure>\n\n\n\n<figure class=\"wp-block-image size-full is-resized\"><a href=\"https:\/\/i0.wp.com\/www.epasc-ciney.be\/epasc\/wp-content\/uploads\/2026\/03\/04-2.jpg?ssl=1\"><img data-recalc-dims=\"1\" loading=\"lazy\" decoding=\"async\" width=\"782\" height=\"228\" src=\"https:\/\/i0.wp.com\/www.epasc-ciney.be\/epasc\/wp-content\/uploads\/2026\/03\/04-2.jpg?resize=782%2C228&#038;ssl=1\" alt=\"\" class=\"wp-image-37182\" style=\"aspect-ratio:3.429937574711117;width:818px;height:auto\" srcset=\"https:\/\/i0.wp.com\/www.epasc-ciney.be\/epasc\/wp-content\/uploads\/2026\/03\/04-2.jpg?w=782&amp;ssl=1 782w, https:\/\/i0.wp.com\/www.epasc-ciney.be\/epasc\/wp-content\/uploads\/2026\/03\/04-2.jpg?resize=300%2C87&amp;ssl=1 300w, https:\/\/i0.wp.com\/www.epasc-ciney.be\/epasc\/wp-content\/uploads\/2026\/03\/04-2.jpg?resize=768%2C224&amp;ssl=1 768w\" sizes=\"auto, (max-width: 782px) 100vw, 782px\" \/><\/a><\/figure>\n\n\n\n<figure class=\"wp-block-image size-full is-resized\"><a href=\"https:\/\/i0.wp.com\/www.epasc-ciney.be\/epasc\/wp-content\/uploads\/2026\/03\/05-1.jpg?ssl=1\"><img data-recalc-dims=\"1\" loading=\"lazy\" decoding=\"async\" width=\"696\" height=\"731\" src=\"https:\/\/i0.wp.com\/www.epasc-ciney.be\/epasc\/wp-content\/uploads\/2026\/03\/05-1.jpg?resize=696%2C731&#038;ssl=1\" alt=\"\" class=\"wp-image-37183\" style=\"width:818px;height:auto\" srcset=\"https:\/\/i0.wp.com\/www.epasc-ciney.be\/epasc\/wp-content\/uploads\/2026\/03\/05-1.jpg?w=696&amp;ssl=1 696w, https:\/\/i0.wp.com\/www.epasc-ciney.be\/epasc\/wp-content\/uploads\/2026\/03\/05-1.jpg?resize=286%2C300&amp;ssl=1 286w\" sizes=\"auto, (max-width: 696px) 100vw, 696px\" \/><\/a><\/figure>\n\n\n\n<h3><span style=\"color: #3366ff;\"><strong>La section en vid\u00e9o<\/strong><\/span><\/h3>\n\n\n\n<figure class=\"wp-block-video\"><video controls src=\"https:\/\/www.epasc-ciney.be\/Notrecole\/Sections_Qualif_Videos\/Section_Qualif_Agricole.mp4\"><\/video><figcaption class=\"wp-element-caption\">Cliquez pour visionner...<\/figcaption><\/figure>\n\n\n\n<figure class=\"wp-block-image size-full is-resized\"><a href=\"https:\/\/i0.wp.com\/www.epasc-ciney.be\/epasc\/wp-content\/uploads\/2024\/12\/stage-agriculteur.png?ssl=1\"><img data-recalc-dims=\"1\" loading=\"lazy\" decoding=\"async\" width=\"1024\" height=\"768\" src=\"https:\/\/i0.wp.com\/www.epasc-ciney.be\/epasc\/wp-content\/uploads\/2024\/12\/stage-agriculteur.png?resize=1024%2C768&#038;ssl=1\" alt=\"\" class=\"wp-image-36794\" style=\"width:725px;height:auto\" srcset=\"https:\/\/i0.wp.com\/www.epasc-ciney.be\/epasc\/wp-content\/uploads\/2024\/12\/stage-agriculteur.png?w=1024&amp;ssl=1 1024w, https:\/\/i0.wp.com\/www.epasc-ciney.be\/epasc\/wp-content\/uploads\/2024\/12\/stage-agriculteur.png?resize=300%2C225&amp;ssl=1 300w, https:\/\/i0.wp.com\/www.epasc-ciney.be\/epasc\/wp-content\/uploads\/2024\/12\/stage-agriculteur.png?resize=768%2C576&amp;ssl=1 768w\" sizes=\"auto, (max-width: 1024px) 100vw, 1024px\" \/><\/a><\/figure>\n","protected":false},"excerpt":{"rendered":"<p>L'enseignement technique de qualification pr\u00e9pare les \u00e9l\u00e8ves \u00e0 une qualification reconnue par le monde de l'entreprise et leur offre aussi la possibilit\u00e9 int\u00e9ressante...<\/p>\n","protected":false},"author":1,"featured_media":1332,"parent":129,"menu_order":0,"comment_status":"closed","ping_status":"closed","template":"page-onecolumn.php","meta":{"ngg_post_thumbnail":0,"footnotes":""},"class_list":["post-1351","page","type-page","status-publish","has-post-thumbnail","hentry"],"aioseo_notices":[],"_links":{"self":[{"href":"https:\/\/www.epasc-ciney.be\/epasc\/wp-json\/wp\/v2\/pages\/1351","targetHints":{"allow":["GET"]}}],"collection":[{"href":"https:\/\/www.epasc-ciney.be\/epasc\/wp-json\/wp\/v2\/pages"}],"about":[{"href":"https:\/\/www.epasc-ciney.be\/epasc\/wp-json\/wp\/v2\/types\/page"}],"author":[{"embeddable":true,"href":"https:\/\/www.epasc-ciney.be\/epasc\/wp-json\/wp\/v2\/users\/1"}],"replies":[{"embeddable":true,"href":"https:\/\/www.epasc-ciney.be\/epasc\/wp-json\/wp\/v2\/comments?post=1351"}],"version-history":[{"count":32,"href":"https:\/\/www.epasc-ciney.be\/epasc\/wp-json\/wp\/v2\/pages\/1351\/revisions"}],"predecessor-version":[{"id":37192,"href":"https:\/\/www.epasc-ciney.be\/epasc\/wp-json\/wp\/v2\/pages\/1351\/revisions\/37192"}],"up":[{"embeddable":true,"href":"https:\/\/www.epasc-ciney.be\/epasc\/wp-json\/wp\/v2\/pages\/129"}],"wp:featuredmedia":[{"embeddable":true,"href":"https:\/\/www.epasc-ciney.be\/epasc\/wp-json\/"}],"wp:attachment":[{"href":"https:\/\/www.epasc-ciney.be\/epasc\/wp-json\/wp\/v2\/media?parent=1351"}],"curies":[{"name":"wp","href":"https:\/\/api.w.org\/{rel}","templated":true}]}}