{"id":12403,"date":"2022-03-10T12:37:57","date_gmt":"2022-03-10T11:37:57","guid":{"rendered":"https:\/\/www.epasc-ciney.be\/epasc\/?page_id=12403"},"modified":"2026-04-17T11:44:49","modified_gmt":"2026-04-17T09:44:49","slug":"renseignements-et-inscriptions","status":"publish","type":"page","link":"https:\/\/www.epasc-ciney.be\/epasc\/renseignements-et-inscriptions\/","title":{"rendered":"Renseignements et Inscriptions..."},"content":{"rendered":"\n<figure class=\"wp-block-image size-full is-resized\"><a href=\"https:\/\/i0.wp.com\/www.epasc-ciney.be\/epasc\/wp-content\/uploads\/2024\/12\/Brochure-1D_Recto.jpg?ssl=1\"><img data-recalc-dims=\"1\" loading=\"lazy\" decoding=\"async\" width=\"639\" height=\"456\" src=\"https:\/\/i0.wp.com\/www.epasc-ciney.be\/epasc\/wp-content\/uploads\/2024\/12\/Brochure-1D_Recto.jpg?resize=639%2C456&#038;ssl=1\" alt=\"\" class=\"wp-image-36827\" style=\"width:698px;height:auto\" srcset=\"https:\/\/i0.wp.com\/www.epasc-ciney.be\/epasc\/wp-content\/uploads\/2024\/12\/Brochure-1D_Recto.jpg?w=639&amp;ssl=1 639w, https:\/\/i0.wp.com\/www.epasc-ciney.be\/epasc\/wp-content\/uploads\/2024\/12\/Brochure-1D_Recto.jpg?resize=300%2C214&amp;ssl=1 300w\" sizes=\"auto, (max-width: 639px) 100vw, 639px\" \/><\/a><\/figure>\n\n\n\n<h2><strong>1. <u>Inscriptions au 1er DEGRE<\/u>...<a href=\"https:\/\/www.epasc-ciney.be\/epasc\/inscriptions-en-1ere-et-2eme-annee\/\">c'est par ICI<\/a><\/strong><\/h2>\n\n\n\n<figure class=\"wp-block-image size-full is-resized\"><img data-recalc-dims=\"1\" loading=\"lazy\" decoding=\"async\" width=\"940\" height=\"788\" src=\"https:\/\/i0.wp.com\/www.epasc-ciney.be\/epasc\/wp-content\/uploads\/2026\/04\/Pub-inscriptions-1er-degre.png?resize=940%2C788&#038;ssl=1\" alt=\"\" class=\"wp-image-37263\" style=\"width:634px;height:auto\" srcset=\"https:\/\/i0.wp.com\/www.epasc-ciney.be\/epasc\/wp-content\/uploads\/2026\/04\/Pub-inscriptions-1er-degre.png?w=940&amp;ssl=1 940w, https:\/\/i0.wp.com\/www.epasc-ciney.be\/epasc\/wp-content\/uploads\/2026\/04\/Pub-inscriptions-1er-degre.png?resize=300%2C251&amp;ssl=1 300w, https:\/\/i0.wp.com\/www.epasc-ciney.be\/epasc\/wp-content\/uploads\/2026\/04\/Pub-inscriptions-1er-degre.png?resize=768%2C644&amp;ssl=1 768w\" sizes=\"auto, (max-width: 940px) 100vw, 940px\" \/><\/figure>\n\n\n\n<h2 class=\"wp-block-heading\"><strong>2. <u>Inscriptions au 2\u00e8 et 3\u00e8 DEGRES<\/u>...<\/strong><\/h2>\n\n\n\n<figure class=\"wp-block-image size-large is-resized\"><a href=\"https:\/\/i0.wp.com\/www.epasc-ciney.be\/epasc\/wp-content\/uploads\/2025\/12\/Folder-2e-et-3e-degres.jpg?ssl=1\"><img data-recalc-dims=\"1\" loading=\"lazy\" decoding=\"async\" width=\"1024\" height=\"510\" src=\"https:\/\/i0.wp.com\/www.epasc-ciney.be\/epasc\/wp-content\/uploads\/2025\/12\/Folder-2e-et-3e-degres.jpg?resize=1024%2C510&#038;ssl=1\" alt=\"\" class=\"wp-image-37015\" style=\"aspect-ratio:2.007918129528647;width:707px;height:auto\" srcset=\"https:\/\/i0.wp.com\/www.epasc-ciney.be\/epasc\/wp-content\/uploads\/2025\/12\/Folder-2e-et-3e-degres.jpg?resize=1024%2C510&amp;ssl=1 1024w, https:\/\/i0.wp.com\/www.epasc-ciney.be\/epasc\/wp-content\/uploads\/2025\/12\/Folder-2e-et-3e-degres.jpg?resize=300%2C149&amp;ssl=1 300w, https:\/\/i0.wp.com\/www.epasc-ciney.be\/epasc\/wp-content\/uploads\/2025\/12\/Folder-2e-et-3e-degres.jpg?resize=768%2C382&amp;ssl=1 768w, https:\/\/i0.wp.com\/www.epasc-ciney.be\/epasc\/wp-content\/uploads\/2025\/12\/Folder-2e-et-3e-degres.jpg?resize=342%2C170&amp;ssl=1 342w, https:\/\/i0.wp.com\/www.epasc-ciney.be\/epasc\/wp-content\/uploads\/2025\/12\/Folder-2e-et-3e-degres.jpg?resize=684%2C340&amp;ssl=1 684w, https:\/\/i0.wp.com\/www.epasc-ciney.be\/epasc\/wp-content\/uploads\/2025\/12\/Folder-2e-et-3e-degres.jpg?w=1262&amp;ssl=1 1262w\" sizes=\"auto, (max-width: 1024px) 100vw, 1024px\" \/><\/a><\/figure>\n\n\n\n<h3>Pour les journ\u00e9es d'informations et d'inscriptions des vendredi 10 avril et mercredi 22 avril...<br><a href=\"https:\/\/forms.office.com\/e\/h39XGwY7DT\" target=\"_blank\" rel=\"noopener\"><strong>INSCRIPTIONS OBLIGATOIRES en cliquant ICI<\/strong><\/a><\/h3>\n\n\n\n<figure class=\"wp-block-image size-full is-resized\"><a href=\"https:\/\/i0.wp.com\/www.epasc-ciney.be\/epasc\/wp-content\/uploads\/2025\/12\/Save-the-Date-JPO.jpg?ssl=1\"><img data-recalc-dims=\"1\" loading=\"lazy\" decoding=\"async\" width=\"1025\" height=\"543\" src=\"https:\/\/i0.wp.com\/www.epasc-ciney.be\/epasc\/wp-content\/uploads\/2025\/12\/Save-the-Date-JPO.jpg?resize=1025%2C543&#038;ssl=1\" alt=\"\" class=\"wp-image-37018\" style=\"aspect-ratio:1.8877730177681018;width:738px;height:auto\" srcset=\"https:\/\/i0.wp.com\/www.epasc-ciney.be\/epasc\/wp-content\/uploads\/2025\/12\/Save-the-Date-JPO.jpg?w=1025&amp;ssl=1 1025w, https:\/\/i0.wp.com\/www.epasc-ciney.be\/epasc\/wp-content\/uploads\/2025\/12\/Save-the-Date-JPO.jpg?resize=300%2C159&amp;ssl=1 300w, https:\/\/i0.wp.com\/www.epasc-ciney.be\/epasc\/wp-content\/uploads\/2025\/12\/Save-the-Date-JPO.jpg?resize=768%2C407&amp;ssl=1 768w\" sizes=\"auto, (max-width: 1025px) 100vw, 1025px\" \/><\/a><\/figure>\n\n\n\n<p>**********************************************************************************************************************************************<\/p>\n\n\n\n<h3><span style=\"color: #0000ff;\"><strong><span class=\"tadv-color\">En r\u00e8gle g\u00e9n\u00e9rale...<\/span><\/strong><\/span><\/h3>\n<p>- Tu peux prendre rendez-vous par t\u00e9l\u00e9phone au <strong>081\/77 67 90<\/strong> <br>ou par email <a href=\"mailto:ecole.agrosciences@province.namur.be\">ecole.agrosciences@province.namur.be<\/a><\/p>\n<p>- Tu peux \u00e9galement venir visiter notre domaine et prendre tous les renseignements que tu veux lors de notre <strong>Journ\u00e9e Portes Ouvertes<\/strong> <em>qui se d\u00e9roulera le JEUDI de l'Ascension (cette ann\u00e9e ce sera le jeudi 14 mai 2026 de 10h \u00e0 17h)<\/em><\/p>\n\n\n\n<p>- Tu peux aussi nous <strong>rencontrer \u00e0 l'\u00e9cole durant les p\u00e9riodes de permanence<\/strong>.<\/p>\n","protected":false},"excerpt":{"rendered":"<p>1. Inscriptions au 1er DEGRE...c'est par ICI 2. Inscriptions au 2\u00e8 et 3\u00e8 DEGRES... Pour les journ\u00e9es d'informations et d'inscriptions des vendredi 10...<\/p>\n","protected":false},"author":2,"featured_media":0,"parent":0,"menu_order":0,"comment_status":"closed","ping_status":"closed","template":"page-onecolumn.php","meta":{"ngg_post_thumbnail":0,"footnotes":""},"class_list":["post-12403","page","type-page","status-publish","hentry"],"aioseo_notices":[],"_links":{"self":[{"href":"https:\/\/www.epasc-ciney.be\/epasc\/wp-json\/wp\/v2\/pages\/12403","targetHints":{"allow":["GET"]}}],"collection":[{"href":"https:\/\/www.epasc-ciney.be\/epasc\/wp-json\/wp\/v2\/pages"}],"about":[{"href":"https:\/\/www.epasc-ciney.be\/epasc\/wp-json\/wp\/v2\/types\/page"}],"author":[{"embeddable":true,"href":"https:\/\/www.epasc-ciney.be\/epasc\/wp-json\/wp\/v2\/users\/2"}],"replies":[{"embeddable":true,"href":"https:\/\/www.epasc-ciney.be\/epasc\/wp-json\/wp\/v2\/comments?post=12403"}],"version-history":[{"count":88,"href":"https:\/\/www.epasc-ciney.be\/epasc\/wp-json\/wp\/v2\/pages\/12403\/revisions"}],"predecessor-version":[{"id":37264,"href":"https:\/\/www.epasc-ciney.be\/epasc\/wp-json\/wp\/v2\/pages\/12403\/revisions\/37264"}],"wp:attachment":[{"href":"https:\/\/www.epasc-ciney.be\/epasc\/wp-json\/wp\/v2\/media?parent=12403"}],"curies":[{"name":"wp","href":"https:\/\/api.w.org\/{rel}","templated":true}]}}