{"id":11760,"date":"2021-01-29T11:50:59","date_gmt":"2021-01-29T10:50:59","guid":{"rendered":"https:\/\/www.epasc-ciney.be\/epasc\/?page_id=11760"},"modified":"2025-01-11T14:57:49","modified_gmt":"2025-01-11T13:57:49","slug":"1er-degre-nos-forces-options","status":"publish","type":"page","link":"https:\/\/www.epasc-ciney.be\/epasc\/1er-degre-nos-forces-options\/","title":{"rendered":"1er degr\u00e9 : Nos Forces - OPTIONS"},"content":{"rendered":"\n<p>Lors des deux premi\u00e8res ann\u00e9es communes, l'EPASC propose des activit\u00e9s compl\u00e9mentaires \u00e0 raison de deux heures par semaine.<br>- Domaine 1 : Sciences<br>- Domaine 2 : Agronomie, M\u00e9canique et Horticulture. <br>Ces activit\u00e9s permettent aux \u00e9l\u00e8ves de s'\u00e9panouir dans un contexte diff\u00e9rent de la formation commune.<\/p>\n\n\n\n<h4><span style=\"text-decoration: underline;\"><span style=\"color: #0000ff; text-decoration: underline;\"><strong>SCIENCES<\/strong><\/span><\/span> :<\/h4>\n<p><strong>Sciences vivantes \u00e0 l\u2019E.P.A.S.C.&nbsp;:<\/strong><\/p>\n<ul>\n<li>Une tradition,<\/li>\n<li>Un ancrage au quotidien,<\/li>\n<li>Des d\u00e9fis pour demain.<\/li>\n<\/ul>\n<p>D\u00e8s le 1<sup>er<\/sup> degr\u00e9, une initiation scientifique pour tous (3h\/s) et des activit\u00e9s optionnelles en sciences (2h\/s) sont dispens\u00e9es de mani\u00e8re rigoureuse, pratique mais aussi ludique afin de d\u00e9velopper chez nos jeunes \u00e9l\u00e8ves, les savoirs et savoir-faire essentiels \u00e0 l\u2019acquisition d\u2019une bonne d\u00e9marche scientifique.<\/p>\n\n\n\n<figure class=\"wp-block-image size-large is-resized\"><a href=\"https:\/\/i0.wp.com\/www.epasc-ciney.be\/epasc\/wp-content\/uploads\/2025\/01\/5-scaled.jpg?ssl=1\"><img data-recalc-dims=\"1\" loading=\"lazy\" decoding=\"async\" width=\"768\" height=\"1024\" src=\"https:\/\/i0.wp.com\/www.epasc-ciney.be\/epasc\/wp-content\/uploads\/2025\/01\/5.jpg?resize=768%2C1024&#038;ssl=1\" alt=\"\" class=\"wp-image-36867\" style=\"width:464px;height:auto\" srcset=\"https:\/\/i0.wp.com\/www.epasc-ciney.be\/epasc\/wp-content\/uploads\/2025\/01\/5-scaled.jpg?resize=768%2C1024&amp;ssl=1 768w, https:\/\/i0.wp.com\/www.epasc-ciney.be\/epasc\/wp-content\/uploads\/2025\/01\/5-scaled.jpg?resize=225%2C300&amp;ssl=1 225w, https:\/\/i0.wp.com\/www.epasc-ciney.be\/epasc\/wp-content\/uploads\/2025\/01\/5-scaled.jpg?resize=1152%2C1536&amp;ssl=1 1152w, https:\/\/i0.wp.com\/www.epasc-ciney.be\/epasc\/wp-content\/uploads\/2025\/01\/5-scaled.jpg?resize=1536%2C2048&amp;ssl=1 1536w, https:\/\/i0.wp.com\/www.epasc-ciney.be\/epasc\/wp-content\/uploads\/2025\/01\/5-scaled.jpg?w=1920&amp;ssl=1 1920w\" sizes=\"auto, (max-width: 768px) 100vw, 768px\" \/><\/a><\/figure>\n\n\n\n<p>Choisir un domaine d\u2019\u00e9tude est une \u00e9tape importante dans le processus de d\u00e9veloppement personnel d\u2019un \u00e9tudiant. La pratique des sciences du vivant ainsi que l\u2019int\u00e9r\u00eat port\u00e9 aux domaines qui en d\u00e9coulent, participent \u00e0 cet \u00e9panouissement&nbsp; et pr\u00e9parent les jeunes d\u2019aujourd\u2019hui \u00e0 relever et affronter les d\u00e9fis \u00e0 venir.<\/p>\n<p>L\u2019\u00e9quipe des professeurs de sciences s\u2019est fix\u00e9 l\u2019objectif ambitieux de transmettre les bonnes pratiques dans le domaine des sciences du vivant.<\/p>\n<p>Tu es motiv\u00e9 par le choix d\u2019une option \u00e0 caract\u00e8re scientifique? Alors, rejoins-nous \u00e0 l\u2019E.P.A.S.C. et pr\u00e9parons l\u2019avenir ensemble.<\/p>\n\n\n\n<h4><span style=\"text-decoration: underline;\"><span style=\"color: #0000ff; text-decoration: underline;\"><strong>AGRONOMIE<\/strong><\/span><\/span>&nbsp;:<\/h4>\n<p>En suivant le cours d\u2018agronomie, chaque \u00e9l\u00e8ve va pouvoir partir \u00e0 la d\u00e9couverte des productions v\u00e9g\u00e9tales et animales. L\u2019agriculture, l\u2019horticulture, la gestion des espaces verts en mode de production biologique ou conventionnel, sont autant de terrains \u00e0 explorer dans leurs aspects de production, de transformation et de commercialisation des produits.&nbsp;&nbsp;<\/p>\n<p>Tr\u00e8s r\u00e9guli\u00e8rement, des le\u00e7ons sont dispens\u00e9es dans notre ferme d\u2019application pour que chaque jeune puisse d\u00e9couvrir et s\u2019initier concr\u00e8tement \u00e0 ces m\u00e9tiers aux nouveaux enjeux.<\/p>\n<p>L\u2019\u00e9quipe de professeurs dynamique montrera que l\u2019agronomie, dans sa globalit\u00e9, se projette dans le futur, en s\u2019adaptant sans cesse aux \u00e9volutions des m\u00e9tiers et de l\u2019environnement dans lequel \u00e9voluent les professionnels.&nbsp;&nbsp;<br>Si tu as l\u2019envie de d\u00e9couvrir une agronomie inscrite dans des perspectives durables, rejoins notre \u00e9cole&nbsp;!&nbsp;&nbsp;<\/p>\n\n\n\n<figure class=\"wp-block-image size-large is-resized\"><a href=\"https:\/\/i0.wp.com\/www.epasc-ciney.be\/epasc\/wp-content\/uploads\/2025\/01\/6.jpeg?ssl=1\"><img data-recalc-dims=\"1\" loading=\"lazy\" decoding=\"async\" width=\"768\" height=\"1024\" src=\"https:\/\/i0.wp.com\/www.epasc-ciney.be\/epasc\/wp-content\/uploads\/2025\/01\/6.jpeg?resize=768%2C1024&#038;ssl=1\" alt=\"\" class=\"wp-image-36869\" style=\"width:472px;height:auto\" srcset=\"https:\/\/i0.wp.com\/www.epasc-ciney.be\/epasc\/wp-content\/uploads\/2025\/01\/6.jpeg?resize=768%2C1024&amp;ssl=1 768w, https:\/\/i0.wp.com\/www.epasc-ciney.be\/epasc\/wp-content\/uploads\/2025\/01\/6.jpeg?resize=225%2C300&amp;ssl=1 225w, https:\/\/i0.wp.com\/www.epasc-ciney.be\/epasc\/wp-content\/uploads\/2025\/01\/6.jpeg?resize=1152%2C1536&amp;ssl=1 1152w, https:\/\/i0.wp.com\/www.epasc-ciney.be\/epasc\/wp-content\/uploads\/2025\/01\/6.jpeg?w=1536&amp;ssl=1 1536w\" sizes=\"auto, (max-width: 768px) 100vw, 768px\" \/><\/a><\/figure>\n\n\n\n<h4><span style=\"text-decoration: underline;\"><span style=\"color: #0000ff; text-decoration: underline;\"><strong>MECANIQUE<\/strong><\/span><\/span>&nbsp;:<\/h4>\n<p><strong>Le Cours \u00ab travail du m\u00e9tal \u00bb <\/strong>permet des apprentissages de base comme le tra\u00e7age, le d\u00e9coupage, le meulage, le poin\u00e7onnage, le per\u00e7age et la manutention des pi\u00e8ces dans les normes de s\u00e9curit\u00e9.<br>Ces comp\u00e9tences n\u00e9cessitent non seulement l\u2019application d\u2019une m\u00e9thode de travail exigeante mais \u00e9galement une rigueur afin de ma\u00eetriser les acquis d\u2019apprentissage du premier degr\u00e9.<strong><br><\/strong><\/p>\n\n\n\n<figure class=\"wp-block-image size-large is-resized\"><a href=\"https:\/\/i0.wp.com\/www.epasc-ciney.be\/epasc\/wp-content\/uploads\/2025\/01\/7-scaled.jpg?ssl=1\"><img data-recalc-dims=\"1\" loading=\"lazy\" decoding=\"async\" width=\"462\" height=\"1024\" src=\"https:\/\/i0.wp.com\/www.epasc-ciney.be\/epasc\/wp-content\/uploads\/2025\/01\/7.jpg?resize=462%2C1024&#038;ssl=1\" alt=\"\" class=\"wp-image-36870\" style=\"width:465px;height:auto\" srcset=\"https:\/\/i0.wp.com\/www.epasc-ciney.be\/epasc\/wp-content\/uploads\/2025\/01\/7-scaled.jpg?resize=462%2C1024&amp;ssl=1 462w, https:\/\/i0.wp.com\/www.epasc-ciney.be\/epasc\/wp-content\/uploads\/2025\/01\/7-scaled.jpg?resize=135%2C300&amp;ssl=1 135w, https:\/\/i0.wp.com\/www.epasc-ciney.be\/epasc\/wp-content\/uploads\/2025\/01\/7-scaled.jpg?resize=768%2C1704&amp;ssl=1 768w, https:\/\/i0.wp.com\/www.epasc-ciney.be\/epasc\/wp-content\/uploads\/2025\/01\/7-scaled.jpg?resize=692%2C1536&amp;ssl=1 692w, https:\/\/i0.wp.com\/www.epasc-ciney.be\/epasc\/wp-content\/uploads\/2025\/01\/7-scaled.jpg?resize=923%2C2048&amp;ssl=1 923w, https:\/\/i0.wp.com\/www.epasc-ciney.be\/epasc\/wp-content\/uploads\/2025\/01\/7-scaled.jpg?w=1154&amp;ssl=1 1154w\" sizes=\"auto, (max-width: 462px) 100vw, 462px\" \/><\/a><\/figure>\n\n\n\n<p>Pour ces t\u00e2ches, nous utilisons des \u00e9quipements de mesure, des outils manuels ainsi que des \u00e9quipements utiles \u00e0 la pr\u00e9paration et au fa\u00e7onnage des pi\u00e8ces.<\/p>\n<p>La pr\u00e9cision des gestes techniques enseign\u00e9s constitueront des acquis pr\u00e9cieux et qualitatifs dans l'approche des nouvelles technologies !<\/p>\n\n\n\n<h4><span style=\"text-decoration: underline;\"><span style=\"color: #0000ff; text-decoration: underline;\"><strong>HORTICULTURE<\/strong><\/span><\/span>&nbsp;:<\/h4>\n<p><strong>Le cours d'horticulture<\/strong> est une formation pratique et polyvalente qui permet d'acqu\u00e9rir des comp\u00e9tences en jardinage, am\u00e9nagement paysager, production de plantes et entretien des espaces verts.<br>Les \u00e9l\u00e8ves b\u00e9n\u00e9ficient d'un encadrement de qualit\u00e9, avec des ateliers pratiques, des serres et des projets concrets en lien avec le m\u00e9tier.<br><br>En plus de savoir-faire techniques, cette option met l'accent sur le respect de la nature et le d\u00e9veloppement durable.<\/p>\n\n\n\n<figure class=\"wp-block-image size-large is-resized\"><a href=\"https:\/\/i0.wp.com\/www.epasc-ciney.be\/epasc\/wp-content\/uploads\/2025\/01\/8-scaled.jpg?ssl=1\"><img data-recalc-dims=\"1\" loading=\"lazy\" decoding=\"async\" width=\"768\" height=\"1024\" src=\"https:\/\/i0.wp.com\/www.epasc-ciney.be\/epasc\/wp-content\/uploads\/2025\/01\/8.jpg?resize=768%2C1024&#038;ssl=1\" alt=\"\" class=\"wp-image-36873\" style=\"width:471px;height:auto\" srcset=\"https:\/\/i0.wp.com\/www.epasc-ciney.be\/epasc\/wp-content\/uploads\/2025\/01\/8-scaled.jpg?resize=768%2C1024&amp;ssl=1 768w, https:\/\/i0.wp.com\/www.epasc-ciney.be\/epasc\/wp-content\/uploads\/2025\/01\/8-scaled.jpg?resize=225%2C300&amp;ssl=1 225w, https:\/\/i0.wp.com\/www.epasc-ciney.be\/epasc\/wp-content\/uploads\/2025\/01\/8-scaled.jpg?resize=1152%2C1536&amp;ssl=1 1152w, https:\/\/i0.wp.com\/www.epasc-ciney.be\/epasc\/wp-content\/uploads\/2025\/01\/8-scaled.jpg?resize=1536%2C2048&amp;ssl=1 1536w, https:\/\/i0.wp.com\/www.epasc-ciney.be\/epasc\/wp-content\/uploads\/2025\/01\/8-scaled.jpg?w=1920&amp;ssl=1 1920w\" sizes=\"auto, (max-width: 768px) 100vw, 768px\" \/><\/a><\/figure>\n\n\n\n<p>.<a href=\"https:\/\/www.epasc-ciney.be\/epasc\/enseignement\/premier-degre\/\"><em>[retour vers la d\u00e9couverte des FORCES de notre 1er degr\u00e9]&nbsp;<\/em><\/a><\/p>\n\n\n\n\n\n\n","protected":false},"excerpt":{"rendered":"<p>Lors des deux premi\u00e8res ann\u00e9es communes, l'EPASC propose des activit\u00e9s compl\u00e9mentaires \u00e0 raison de deux heures par semaine.- Domaine 1 : Sciences- Domaine...<\/p>\n","protected":false},"author":2,"featured_media":0,"parent":0,"menu_order":0,"comment_status":"closed","ping_status":"closed","template":"page-onecolumn.php","meta":{"ngg_post_thumbnail":0,"footnotes":""},"class_list":["post-11760","page","type-page","status-publish","hentry"],"aioseo_notices":[],"_links":{"self":[{"href":"https:\/\/www.epasc-ciney.be\/epasc\/wp-json\/wp\/v2\/pages\/11760","targetHints":{"allow":["GET"]}}],"collection":[{"href":"https:\/\/www.epasc-ciney.be\/epasc\/wp-json\/wp\/v2\/pages"}],"about":[{"href":"https:\/\/www.epasc-ciney.be\/epasc\/wp-json\/wp\/v2\/types\/page"}],"author":[{"embeddable":true,"href":"https:\/\/www.epasc-ciney.be\/epasc\/wp-json\/wp\/v2\/users\/2"}],"replies":[{"embeddable":true,"href":"https:\/\/www.epasc-ciney.be\/epasc\/wp-json\/wp\/v2\/comments?post=11760"}],"version-history":[{"count":12,"href":"https:\/\/www.epasc-ciney.be\/epasc\/wp-json\/wp\/v2\/pages\/11760\/revisions"}],"predecessor-version":[{"id":36875,"href":"https:\/\/www.epasc-ciney.be\/epasc\/wp-json\/wp\/v2\/pages\/11760\/revisions\/36875"}],"wp:attachment":[{"href":"https:\/\/www.epasc-ciney.be\/epasc\/wp-json\/wp\/v2\/media?parent=11760"}],"curies":[{"name":"wp","href":"https:\/\/api.w.org\/{rel}","templated":true}]}}