{"id":11606,"date":"2021-01-26T13:24:06","date_gmt":"2021-01-26T12:24:06","guid":{"rendered":"https:\/\/www.epasc-ciney.be\/epasc\/?page_id=11606"},"modified":"2026-01-20T13:52:33","modified_gmt":"2026-01-20T12:52:33","slug":"bienvenue-sur-le-site-de-lepasc","status":"publish","type":"page","link":"https:\/\/www.epasc-ciney.be\/epasc\/bienvenue-sur-le-site-de-lepasc\/","title":{"rendered":"Bienvenue sur le site de l'EPASC"},"content":{"rendered":"\n<figure class=\"wp-block-video\"><video height=\"1080\" style=\"aspect-ratio: 1920 \/ 1080;\" width=\"1920\" autoplay controls poster=\"https:\/\/www.epasc-ciney.be\/epasc\/wp-content\/uploads\/2021\/02\/Photo-pr-Film-Promo-sur-Home-Page-2.jpg\" src=\"https:\/\/www.epasc-ciney.be\/epasc\/wp-content\/uploads\/2021\/07\/Presentation-EPASC-1.mp4\"><\/video><\/figure>\n\n\n\n<p><\/p>\n\n\n\n<p>L'Ecole d'Agronomie et des Sciences de Ciney propose des formations vari\u00e9es&nbsp;:<br><strong>Nos formations comprennent<\/strong> :<\/p>\n\n\n\n<ul class=\"wp-block-list\">\n<li>Un <strong>degr\u00e9 inf\u00e9rieur<\/strong> (S1-2C-2S-2D)<\/li>\n\n\n\n<li>Des <strong>techniques de transition<\/strong> en sciences agronomiques et en sciences appliqu\u00e9es.<\/li>\n\n\n\n<li>Des <strong>techniques de qualification<\/strong> en agriculture, horticulture, et en agro-\u00e9quipement.<\/li>\n\n\n\n<li>Deux <strong>options qualifiantes professionnelles<\/strong> :&nbsp;Agent agricole polyvalent et ouvrier qualifi\u00e9 en horticulture<\/li>\n\n\n\n<li>Des <strong>7<sup>\u00e8<\/sup> ann\u00e9es compl\u00e9mentaires<\/strong> en m\u00e9canique agricole et horticole, en \u00e9levage et gestion de troupeaux et en am\u00e9nagement de parcs et jardins.<\/li>\n<\/ul>\n\n\n\n<h4 style=\"text-align: center;\"><span style=\"background-color: #ffcc00;\">Ecole d'Agronomie et des Sciences de Ciney (EPASC) : <\/span><br><span style=\"background-color: #ffcc00;\">Bienvenue dans ton \u00e9cole, un espace d'apprentissage, d'ambition et d'ouverture<\/span><\/h4>\n\n\n<div class=\"wp-block-image\">\n<figure class=\"aligncenter size-full is-resized\"><a href=\"https:\/\/i0.wp.com\/www.epasc-ciney.be\/epasc\/wp-content\/uploads\/2026\/01\/Une-Equipe-qui-croit-en-toi.jpg?ssl=1\"><img data-recalc-dims=\"1\" loading=\"lazy\" decoding=\"async\" width=\"756\" height=\"238\" src=\"https:\/\/i0.wp.com\/www.epasc-ciney.be\/epasc\/wp-content\/uploads\/2026\/01\/Une-Equipe-qui-croit-en-toi.jpg?resize=756%2C238&#038;ssl=1\" alt=\"\" class=\"wp-image-37096\" style=\"aspect-ratio:3.176658002850675;width:560px;height:auto\" srcset=\"https:\/\/i0.wp.com\/www.epasc-ciney.be\/epasc\/wp-content\/uploads\/2026\/01\/Une-Equipe-qui-croit-en-toi.jpg?w=756&amp;ssl=1 756w, https:\/\/i0.wp.com\/www.epasc-ciney.be\/epasc\/wp-content\/uploads\/2026\/01\/Une-Equipe-qui-croit-en-toi.jpg?resize=300%2C94&amp;ssl=1 300w\" sizes=\"auto, (max-width: 756px) 100vw, 756px\" \/><\/a><\/figure>\n<\/div>\n\n\n<h4 style=\"text-align: center;\"><br><a href=\"https:\/\/www.epasc-ciney.be\/Notrecole\/FOLDERS_Formations\/EPASC_ecole.pdf\" target=\"_blank\" rel=\"noopener\">Clique ICI pour en savoir plus<\/a><\/h4>\n\n\n\n<h2 class=\"wp-block-heading has-text-align-center\">Pour plus d\u2019information, rendez-vous dans la rubrique \"<strong><mark>ENSEIGNEMENT<\/mark><\/strong>\"<\/h2>\n","protected":false},"excerpt":{"rendered":"<p>L'Ecole d'Agronomie et des Sciences de Ciney propose des formations vari\u00e9es&nbsp;:Nos formations comprennent : Ecole d'Agronomie et des Sciences de Ciney (EPASC) :...<\/p>\n","protected":false},"author":2,"featured_media":0,"parent":0,"menu_order":0,"comment_status":"closed","ping_status":"closed","template":"","meta":{"ngg_post_thumbnail":0,"footnotes":""},"class_list":["post-11606","page","type-page","status-publish","hentry"],"aioseo_notices":[],"_links":{"self":[{"href":"https:\/\/www.epasc-ciney.be\/epasc\/wp-json\/wp\/v2\/pages\/11606","targetHints":{"allow":["GET"]}}],"collection":[{"href":"https:\/\/www.epasc-ciney.be\/epasc\/wp-json\/wp\/v2\/pages"}],"about":[{"href":"https:\/\/www.epasc-ciney.be\/epasc\/wp-json\/wp\/v2\/types\/page"}],"author":[{"embeddable":true,"href":"https:\/\/www.epasc-ciney.be\/epasc\/wp-json\/wp\/v2\/users\/2"}],"replies":[{"embeddable":true,"href":"https:\/\/www.epasc-ciney.be\/epasc\/wp-json\/wp\/v2\/comments?post=11606"}],"version-history":[{"count":23,"href":"https:\/\/www.epasc-ciney.be\/epasc\/wp-json\/wp\/v2\/pages\/11606\/revisions"}],"predecessor-version":[{"id":37134,"href":"https:\/\/www.epasc-ciney.be\/epasc\/wp-json\/wp\/v2\/pages\/11606\/revisions\/37134"}],"wp:attachment":[{"href":"https:\/\/www.epasc-ciney.be\/epasc\/wp-json\/wp\/v2\/media?parent=11606"}],"curies":[{"name":"wp","href":"https:\/\/api.w.org\/{rel}","templated":true}]}}