{"id":1054,"date":"2013-05-12T17:53:42","date_gmt":"2013-05-12T15:53:42","guid":{"rendered":"http:\/\/www.saintquentin.be\/site\/?page_id=1054"},"modified":"2015-05-02T13:16:30","modified_gmt":"2015-05-02T12:16:30","slug":"camping-a-la-ferme","status":"publish","type":"page","link":"https:\/\/www.epasc-ciney.be\/epasc\/divers\/camping-a-la-ferme\/","title":{"rendered":"Camping \u00e0 la ferme"},"content":{"rendered":"<p style=\"text-align: center;\"><strong>Vous pouvez visionner ici le dernier film des rh\u00e9tos: \"Camping \u00e0 la ferme\"<\/strong><br \/>\n(Les \u00e9l\u00e8ves de 6TQAa et leur professeur de fran\u00e7ais Mr Dinant)<\/p>\n<p>&nbsp;<\/p>\n<div align=\"center\"><div class='jwplayer' id='jwplayer-0'><\/div><script type='text\/javascript'>if(typeof(jQuery)==\"function\"){(function($){$.fn.fitVids=function(){}})(jQuery)};jwplayer('jwplayer-0').setup([]);\n<\/script><\/div>\n<p><img decoding=\"async\" class=\"aligncenter\" src=\"http:\/\/imu275.infomaniak.ch\/compteur2.php?url=www.saintquentin.be\/100\" alt=\"\" border=\"0\" \/><\/p>\n","protected":false},"excerpt":{"rendered":"<p>Vous pouvez visionner ici le dernier film des rh\u00e9tos: \"Camping \u00e0 la ferme\" (Les \u00e9l\u00e8ves de 6TQAa et leur professeur de fran\u00e7ais Mr...<\/p>\n","protected":false},"author":1,"featured_media":0,"parent":4239,"menu_order":11,"comment_status":"open","ping_status":"open","template":"","meta":{"ngg_post_thumbnail":0,"footnotes":""},"class_list":["post-1054","page","type-page","status-publish","hentry"],"aioseo_notices":[],"_links":{"self":[{"href":"https:\/\/www.epasc-ciney.be\/epasc\/wp-json\/wp\/v2\/pages\/1054","targetHints":{"allow":["GET"]}}],"collection":[{"href":"https:\/\/www.epasc-ciney.be\/epasc\/wp-json\/wp\/v2\/pages"}],"about":[{"href":"https:\/\/www.epasc-ciney.be\/epasc\/wp-json\/wp\/v2\/types\/page"}],"author":[{"embeddable":true,"href":"https:\/\/www.epasc-ciney.be\/epasc\/wp-json\/wp\/v2\/users\/1"}],"replies":[{"embeddable":true,"href":"https:\/\/www.epasc-ciney.be\/epasc\/wp-json\/wp\/v2\/comments?post=1054"}],"version-history":[{"count":0,"href":"https:\/\/www.epasc-ciney.be\/epasc\/wp-json\/wp\/v2\/pages\/1054\/revisions"}],"up":[{"embeddable":true,"href":"https:\/\/www.epasc-ciney.be\/epasc\/wp-json\/wp\/v2\/pages\/4239"}],"wp:attachment":[{"href":"https:\/\/www.epasc-ciney.be\/epasc\/wp-json\/wp\/v2\/media?parent=1054"}],"curies":[{"name":"wp","href":"https:\/\/api.w.org\/{rel}","templated":true}]}}